{"id":20043,"date":"2025-01-23T16:01:38","date_gmt":"2025-01-23T15:01:38","guid":{"rendered":"https:\/\/finewinegang.be\/?post_type=product&#038;p=20043"},"modified":"2025-11-19T14:39:54","modified_gmt":"2025-11-19T13:39:54","slug":"riedel-winewings-syrah","status":"publish","type":"product","link":"https:\/\/finewinegang.be\/fr\/produit\/riedel-winewings-syrah\/","title":{"rendered":"RIEDEL Winewings Syrah"},"content":{"rendered":"<p>Le verre Shiraz\/Syrah est parfait pour \u00e9quilibrer les tanins fermes et le fruit concentr\u00e9 typiques des vins rouges moyennement cors\u00e9s. Cette forme met en valeur les fruits doux, les caract\u00e9ristiques terreuses et souligne une longue finale savoureuse. Elle fait ressortir la structure soyeuse et velout\u00e9e du vin et ses saveurs \u00e9quilibr\u00e9es. Ce paquet contient un seul verre. Fabriqu\u00e9 en machine et lavable au lave-vaisselle.    <\/p>\n","protected":false},"excerpt":{"rendered":"<p>Le verre RIEDEL Winewings Syrah fait ressortir les caract\u00e9ristiques de fruits doux et de terre et met en \u00e9vidence une longue finale savoureuse. Il fait ressortir la texture soyeuse et velout\u00e9e du vin et ses saveurs \u00e9quilibr\u00e9es. Ce paquet contient un verre. Fabriqu\u00e9 en machine et lavable au lave-vaisselle.   <\/p>\n","protected":false},"featured_media":20045,"template":"","meta":{"_acf_changed":false,"subtitle":"","day_of_the_week":"","starting_time":0,"location":"","other_location_name":"","other_location_street_number":"","other_location_zip":"","other_location_city":"","other_location_address_itinerary_link":"","other_location_email_to_keep_updated":""},"product_brand":[],"product_cat":[513],"product_tag":[602],"class_list":{"0":"post-20043","1":"product","2":"type-product","3":"status-publish","4":"has-post-thumbnail","6":"product_cat-verres","7":"product_tag-winewings","8":"product_shipping_class-verres","10":"first","11":"outofstock","12":"taxable","13":"shipping-taxable","14":"purchasable","15":"product-type-simple"},"acf":{"volume":72,"druif":["Syrah"]},"_links":{"self":[{"href":"https:\/\/finewinegang.be\/fr\/wp-json\/wp\/v2\/product\/20043","targetHints":{"allow":["GET"]}}],"collection":[{"href":"https:\/\/finewinegang.be\/fr\/wp-json\/wp\/v2\/product"}],"about":[{"href":"https:\/\/finewinegang.be\/fr\/wp-json\/wp\/v2\/types\/product"}],"version-history":[{"count":2,"href":"https:\/\/finewinegang.be\/fr\/wp-json\/wp\/v2\/product\/20043\/revisions"}],"predecessor-version":[{"id":20048,"href":"https:\/\/finewinegang.be\/fr\/wp-json\/wp\/v2\/product\/20043\/revisions\/20048"}],"wp:featuredmedia":[{"embeddable":true,"href":"https:\/\/finewinegang.be\/fr\/wp-json\/wp\/v2\/media\/20045"}],"wp:attachment":[{"href":"https:\/\/finewinegang.be\/fr\/wp-json\/wp\/v2\/media?parent=20043"}],"wp:term":[{"taxonomy":"product_brand","embeddable":true,"href":"https:\/\/finewinegang.be\/fr\/wp-json\/wp\/v2\/product_brand?post=20043"},{"taxonomy":"product_cat","embeddable":true,"href":"https:\/\/finewinegang.be\/fr\/wp-json\/wp\/v2\/product_cat?post=20043"},{"taxonomy":"product_tag","embeddable":true,"href":"https:\/\/finewinegang.be\/fr\/wp-json\/wp\/v2\/product_tag?post=20043"}],"curies":[{"name":"wp","href":"https:\/\/api.w.org\/{rel}","templated":true}]}}