{"id":20029,"date":"2025-01-23T15:46:38","date_gmt":"2025-01-23T14:46:38","guid":{"rendered":"https:\/\/finewinegang.be\/?post_type=product&#038;p=20029"},"modified":"2025-11-19T14:39:55","modified_gmt":"2025-11-19T13:39:55","slug":"riedel-winewings-champagne","status":"publish","type":"product","link":"https:\/\/finewinegang.be\/fr\/produit\/riedel-winewings-champagne\/","title":{"rendered":"RIEDEL Winewings Champagne"},"content":{"rendered":"<p>Le verre \u00e0 vin de champagne est parfait pour d\u00e9velopper et mettre en valeur les caract\u00e9ristiques complexes du champagne.<br \/>Ce verre permet \u00e0 la large gamme d&rsquo;ar\u00f4mes de se d\u00e9ployer, de cro\u00eetre et de s&rsquo;intensifier, et le diam\u00e8tre plus large du bord permet de les lib\u00e9rer d&rsquo;une mani\u00e8re qui n&rsquo;est pas possible avec un verre \u00e9troit.<br \/>Cet emballage contient un seul verre.<br \/>Fabriqu\u00e9 en machine et lavable au lave-vaisselle   <\/p>\n","protected":false},"excerpt":{"rendered":"<p>Le verre \u00e0 vin de champagne Riedel Winewings est parfait pour d\u00e9velopper et mettre en valeur les complexit\u00e9s du champagne. Cet emballage contient un verre. Fabriqu\u00e9 en machine et lavable au lave-vaisselle  <\/p>\n","protected":false},"featured_media":20031,"template":"","meta":{"_acf_changed":false,"subtitle":"","day_of_the_week":"","starting_time":0,"location":"","other_location_name":"","other_location_street_number":"","other_location_zip":"","other_location_city":"","other_location_address_itinerary_link":"","other_location_email_to_keep_updated":""},"product_brand":[],"product_cat":[513],"product_tag":[602],"class_list":{"0":"post-20029","1":"product","2":"type-product","3":"status-publish","4":"has-post-thumbnail","6":"product_cat-verres","7":"product_tag-winewings","8":"product_shipping_class-verres","10":"first","11":"instock","12":"taxable","13":"shipping-taxable","14":"purchasable","15":"product-type-simple"},"acf":{"volume":72,"druif":""},"_links":{"self":[{"href":"https:\/\/finewinegang.be\/fr\/wp-json\/wp\/v2\/product\/20029","targetHints":{"allow":["GET"]}}],"collection":[{"href":"https:\/\/finewinegang.be\/fr\/wp-json\/wp\/v2\/product"}],"about":[{"href":"https:\/\/finewinegang.be\/fr\/wp-json\/wp\/v2\/types\/product"}],"version-history":[{"count":2,"href":"https:\/\/finewinegang.be\/fr\/wp-json\/wp\/v2\/product\/20029\/revisions"}],"predecessor-version":[{"id":20034,"href":"https:\/\/finewinegang.be\/fr\/wp-json\/wp\/v2\/product\/20029\/revisions\/20034"}],"wp:featuredmedia":[{"embeddable":true,"href":"https:\/\/finewinegang.be\/fr\/wp-json\/wp\/v2\/media\/20031"}],"wp:attachment":[{"href":"https:\/\/finewinegang.be\/fr\/wp-json\/wp\/v2\/media?parent=20029"}],"wp:term":[{"taxonomy":"product_brand","embeddable":true,"href":"https:\/\/finewinegang.be\/fr\/wp-json\/wp\/v2\/product_brand?post=20029"},{"taxonomy":"product_cat","embeddable":true,"href":"https:\/\/finewinegang.be\/fr\/wp-json\/wp\/v2\/product_cat?post=20029"},{"taxonomy":"product_tag","embeddable":true,"href":"https:\/\/finewinegang.be\/fr\/wp-json\/wp\/v2\/product_tag?post=20029"}],"curies":[{"name":"wp","href":"https:\/\/api.w.org\/{rel}","templated":true}]}}