{"id":20022,"date":"2025-01-23T15:37:52","date_gmt":"2025-01-23T14:37:52","guid":{"rendered":"https:\/\/finewinegang.be\/?post_type=product&#038;p=20022"},"modified":"2025-11-19T14:39:56","modified_gmt":"2025-11-19T13:39:56","slug":"riedel-winewings-riesling","status":"publish","type":"product","link":"https:\/\/finewinegang.be\/fr\/produit\/riedel-winewings-riesling\/","title":{"rendered":"RIEDEL Winewings Riesling"},"content":{"rendered":"<p>Le verre \u00e0 Riesling est parfait pour \u00e9quilibrer la forte acidit\u00e9 et le sucre r\u00e9siduel des vins blancs fruit\u00e9s. Ce verre permet d&rsquo;\u00e9quilibrer les caract\u00e8res frais et les composantes min\u00e9rales de ce style de vin, en soulignant les merveilleux ar\u00f4mes de fruits.<br \/>Ce paquet contient un seul verre. Fabriqu\u00e9 en machine et lavable au lave-vaisselle. <\/p>\n","protected":false},"excerpt":{"rendered":"<p>Le verre Riedel Winewings Riesling permet d&rsquo;\u00e9quilibrer les caract\u00e8res frais et les composants min\u00e9raux de ce style de vin, en mettant en valeur ses d\u00e9licieux ar\u00f4mes de fruits. Cet emballage contient un verre. Fabriqu\u00e9 en machine et lavable au lave-vaisselle.  <\/p>\n","protected":false},"featured_media":20024,"template":"","meta":{"_acf_changed":false,"subtitle":"","day_of_the_week":"","starting_time":0,"location":"","other_location_name":"","other_location_street_number":"","other_location_zip":"","other_location_city":"","other_location_address_itinerary_link":"","other_location_email_to_keep_updated":""},"product_brand":[],"product_cat":[513],"product_tag":[602],"class_list":{"0":"post-20022","1":"product","2":"type-product","3":"status-publish","4":"has-post-thumbnail","6":"product_cat-verres","7":"product_tag-winewings","8":"product_shipping_class-verres","10":"first","11":"instock","12":"taxable","13":"shipping-taxable","14":"purchasable","15":"product-type-simple"},"acf":{"volume":72,"druif":["Riesling"]},"_links":{"self":[{"href":"https:\/\/finewinegang.be\/fr\/wp-json\/wp\/v2\/product\/20022","targetHints":{"allow":["GET"]}}],"collection":[{"href":"https:\/\/finewinegang.be\/fr\/wp-json\/wp\/v2\/product"}],"about":[{"href":"https:\/\/finewinegang.be\/fr\/wp-json\/wp\/v2\/types\/product"}],"version-history":[{"count":2,"href":"https:\/\/finewinegang.be\/fr\/wp-json\/wp\/v2\/product\/20022\/revisions"}],"predecessor-version":[{"id":20027,"href":"https:\/\/finewinegang.be\/fr\/wp-json\/wp\/v2\/product\/20022\/revisions\/20027"}],"wp:featuredmedia":[{"embeddable":true,"href":"https:\/\/finewinegang.be\/fr\/wp-json\/wp\/v2\/media\/20024"}],"wp:attachment":[{"href":"https:\/\/finewinegang.be\/fr\/wp-json\/wp\/v2\/media?parent=20022"}],"wp:term":[{"taxonomy":"product_brand","embeddable":true,"href":"https:\/\/finewinegang.be\/fr\/wp-json\/wp\/v2\/product_brand?post=20022"},{"taxonomy":"product_cat","embeddable":true,"href":"https:\/\/finewinegang.be\/fr\/wp-json\/wp\/v2\/product_cat?post=20022"},{"taxonomy":"product_tag","embeddable":true,"href":"https:\/\/finewinegang.be\/fr\/wp-json\/wp\/v2\/product_tag?post=20022"}],"curies":[{"name":"wp","href":"https:\/\/api.w.org\/{rel}","templated":true}]}}