{"id":20015,"date":"2025-01-23T15:30:08","date_gmt":"2025-01-23T14:30:08","guid":{"rendered":"https:\/\/finewinegang.be\/?post_type=product&#038;p=20015"},"modified":"2025-11-19T14:39:57","modified_gmt":"2025-11-19T13:39:57","slug":"riedel-winewings-pinot-noir-nebbiolo","status":"publish","type":"product","link":"https:\/\/finewinegang.be\/fr\/produit\/riedel-winewings-pinot-noir-nebbiolo\/","title":{"rendered":"RIEDEL Winewings Pinot Noir\/Nebbiolo"},"content":{"rendered":"<p>Le verre Pinot Noir est parfait pour les vins rouges l\u00e9gers, \u00e0 l&rsquo;acidit\u00e9 \u00e9lev\u00e9e et aux tanins mod\u00e9r\u00e9s. Ce verre met en valeur les riches caract\u00e8res fruit\u00e9s, temp\u00e8re l&rsquo;acidit\u00e9 \u00e9lev\u00e9e du vin et capture toutes les nuances de l&rsquo;ar\u00f4me du vin. Cet emballage contient un seul verre. Fabriqu\u00e9 en machine et lavable au lave-vaisselle.   <\/p>\n","protected":false},"excerpt":{"rendered":"<p>Le verre Riedel Winewings Pinot Noir met en valeur les riches caract\u00e8res fruit\u00e9s, temp\u00e8re la forte acidit\u00e9 du vin et capture toutes les nuances de l&rsquo;ar\u00f4me du vin. Cet emballage contient un verre. Fabriqu\u00e9 en machine et lavable au lave-vaisselle.  <\/p>\n","protected":false},"featured_media":20017,"template":"","meta":{"_acf_changed":false,"subtitle":"","day_of_the_week":"","starting_time":0,"location":"","other_location_name":"","other_location_street_number":"","other_location_zip":"","other_location_city":"","other_location_address_itinerary_link":"","other_location_email_to_keep_updated":""},"product_brand":[],"product_cat":[513],"product_tag":[602],"class_list":{"0":"post-20015","1":"product","2":"type-product","3":"status-publish","4":"has-post-thumbnail","6":"product_cat-verres","7":"product_tag-winewings","8":"product_shipping_class-verres","10":"first","11":"instock","12":"taxable","13":"shipping-taxable","14":"purchasable","15":"product-type-simple"},"acf":{"volume":72,"druif":["Cabernet Sauvignon","Pinot Noir \/ Pinot Nero","Nebbiolo"]},"_links":{"self":[{"href":"https:\/\/finewinegang.be\/fr\/wp-json\/wp\/v2\/product\/20015","targetHints":{"allow":["GET"]}}],"collection":[{"href":"https:\/\/finewinegang.be\/fr\/wp-json\/wp\/v2\/product"}],"about":[{"href":"https:\/\/finewinegang.be\/fr\/wp-json\/wp\/v2\/types\/product"}],"version-history":[{"count":2,"href":"https:\/\/finewinegang.be\/fr\/wp-json\/wp\/v2\/product\/20015\/revisions"}],"predecessor-version":[{"id":20020,"href":"https:\/\/finewinegang.be\/fr\/wp-json\/wp\/v2\/product\/20015\/revisions\/20020"}],"wp:featuredmedia":[{"embeddable":true,"href":"https:\/\/finewinegang.be\/fr\/wp-json\/wp\/v2\/media\/20017"}],"wp:attachment":[{"href":"https:\/\/finewinegang.be\/fr\/wp-json\/wp\/v2\/media?parent=20015"}],"wp:term":[{"taxonomy":"product_brand","embeddable":true,"href":"https:\/\/finewinegang.be\/fr\/wp-json\/wp\/v2\/product_brand?post=20015"},{"taxonomy":"product_cat","embeddable":true,"href":"https:\/\/finewinegang.be\/fr\/wp-json\/wp\/v2\/product_cat?post=20015"},{"taxonomy":"product_tag","embeddable":true,"href":"https:\/\/finewinegang.be\/fr\/wp-json\/wp\/v2\/product_tag?post=20015"}],"curies":[{"name":"wp","href":"https:\/\/api.w.org\/{rel}","templated":true}]}}