{"id":20005,"date":"2025-01-23T15:11:36","date_gmt":"2025-01-23T14:11:36","guid":{"rendered":"https:\/\/finewinegang.be\/?post_type=product&#038;p=20005"},"modified":"2025-12-15T22:45:47","modified_gmt":"2025-12-15T21:45:47","slug":"riedel-winewings-cabernet-sauvignon","status":"publish","type":"product","link":"https:\/\/finewinegang.be\/fr\/produit\/riedel-winewings-cabernet-sauvignon\/","title":{"rendered":"RIEDEL Winewings Cabernet Sauvignon"},"content":{"rendered":"<p>Le verre \u00e0 cabernet sauvignon est id\u00e9al pour les vins rouges cors\u00e9s et complexes, \u00e0 forte teneur en tanins. Le verre permet au bouquet de se d\u00e9velopper pleinement et d&rsquo;adoucir les asp\u00e9rit\u00e9s. Il met l&rsquo;accent sur le fruit, att\u00e9nue les qualit\u00e9s am\u00e8res des tanins et permet aux vins d&rsquo;atteindre l&rsquo;\u00e9quilibre. Ce paquet contient un seul verre. Fabriqu\u00e9 en machine et lavable au lave-vaisselle.    <\/p>\n","protected":false},"excerpt":{"rendered":"<p>Le verre Riedel Winewings Cabernet Sauvignon est parfait pour les vins rouges cors\u00e9s et complexes avec beaucoup de tannins. Cet emballage contient un verre. Fabriqu\u00e9 en machine et lavable au lave-vaisselle.  <\/p>\n","protected":false},"featured_media":20012,"template":"","meta":{"_acf_changed":false,"subtitle":"","day_of_the_week":"","starting_time":0,"location":"","other_location_name":"","other_location_street_number":"","other_location_zip":"","other_location_city":"","other_location_address_itinerary_link":"","other_location_email_to_keep_updated":""},"product_brand":[],"product_cat":[513],"product_tag":[602],"class_list":{"0":"post-20005","1":"product","2":"type-product","3":"status-publish","4":"has-post-thumbnail","6":"product_cat-verres","7":"product_tag-winewings","8":"product_shipping_class-verres","10":"first","11":"instock","12":"taxable","13":"shipping-taxable","14":"purchasable","15":"product-type-simple"},"acf":{"volume":72,"druif":["Cabernet Sauvignon"]},"_links":{"self":[{"href":"https:\/\/finewinegang.be\/fr\/wp-json\/wp\/v2\/product\/20005","targetHints":{"allow":["GET"]}}],"collection":[{"href":"https:\/\/finewinegang.be\/fr\/wp-json\/wp\/v2\/product"}],"about":[{"href":"https:\/\/finewinegang.be\/fr\/wp-json\/wp\/v2\/types\/product"}],"version-history":[{"count":2,"href":"https:\/\/finewinegang.be\/fr\/wp-json\/wp\/v2\/product\/20005\/revisions"}],"predecessor-version":[{"id":20010,"href":"https:\/\/finewinegang.be\/fr\/wp-json\/wp\/v2\/product\/20005\/revisions\/20010"}],"wp:featuredmedia":[{"embeddable":true,"href":"https:\/\/finewinegang.be\/fr\/wp-json\/wp\/v2\/media\/20012"}],"wp:attachment":[{"href":"https:\/\/finewinegang.be\/fr\/wp-json\/wp\/v2\/media?parent=20005"}],"wp:term":[{"taxonomy":"product_brand","embeddable":true,"href":"https:\/\/finewinegang.be\/fr\/wp-json\/wp\/v2\/product_brand?post=20005"},{"taxonomy":"product_cat","embeddable":true,"href":"https:\/\/finewinegang.be\/fr\/wp-json\/wp\/v2\/product_cat?post=20005"},{"taxonomy":"product_tag","embeddable":true,"href":"https:\/\/finewinegang.be\/fr\/wp-json\/wp\/v2\/product_tag?post=20005"}],"curies":[{"name":"wp","href":"https:\/\/api.w.org\/{rel}","templated":true}]}}