{"id":19997,"date":"2025-01-23T14:45:51","date_gmt":"2025-01-23T13:45:51","guid":{"rendered":"https:\/\/finewinegang.be\/?post_type=product&#038;p=19997"},"modified":"2025-11-19T14:23:29","modified_gmt":"2025-11-19T13:23:29","slug":"riedel-veloce-sauvignon-blanc-coffret-de-2-kopie","status":"publish","type":"product","link":"https:\/\/finewinegang.be\/fr\/produit\/riedel-veloce-sauvignon-blanc-coffret-de-2-kopie\/","title":{"rendered":"RIEDEL Veloce Sauvignon Blanc &#8211; coffret de 2 (kopie)"},"content":{"rendered":"<p>Le verre Veloce Sauvignon Blanc a \u00e9t\u00e9 sp\u00e9cialement con\u00e7u pour r\u00e9v\u00e9ler les multiples facettes de ce c\u00e9page, des vins herbac\u00e9s et fruit\u00e9s de Marlborough aux assemblages complexes et miell\u00e9s \u00e9lev\u00e9s en f\u00fbt de ch\u00eane \u00e0 Bordeaux. Son design unique sublime la fra\u00eecheur et l\u2019intensit\u00e9 aromatique, offrant une palette de saveurs harmonieuse, parfaitement \u00e9quilibr\u00e9e entre le fruit et l\u2019acidit\u00e9, avec une finale d\u00e9licatement min\u00e9rale.<br \/>Fabriqu\u00e9 en cristal d\u2019une clart\u00e9 exceptionnelle, ce verre marie l\u2019\u00e9l\u00e9gance artisanale \u00e0 la pr\u00e9cision de la production m\u00e9canique. Son allure fine et l\u00e9g\u00e8re en fait le compagnon id\u00e9al des vins du Nouveau Monde, tandis que l&rsquo;inscription discr\u00e8te du c\u00e9page sur le pied du verre facilite le service et l\u2019identification.     <\/p>\n","protected":false},"excerpt":{"rendered":"<p>Ce verre haut de gamme, produit avec un savoir-faire technologique de pointe, est compatible avec le lave-vaisselle et propos\u00e9 en coffret de deux pi\u00e8ces. <\/p>\n","protected":false},"featured_media":20002,"template":"","meta":{"_acf_changed":false,"subtitle":"","day_of_the_week":"","starting_time":0,"location":"","other_location_name":"","other_location_street_number":"","other_location_zip":"","other_location_city":"","other_location_address_itinerary_link":"","other_location_email_to_keep_updated":""},"product_brand":[],"product_cat":[513],"product_tag":[599],"class_list":{"0":"post-19997","1":"product","2":"type-product","3":"status-publish","4":"has-post-thumbnail","6":"product_cat-verres","7":"product_tag-veloce","8":"product_shipping_class-verres","10":"first","11":"instock","12":"taxable","13":"shipping-taxable","14":"purchasable","15":"product-type-simple"},"acf":{"volume":72,"druif":["Riesling"]},"_links":{"self":[{"href":"https:\/\/finewinegang.be\/fr\/wp-json\/wp\/v2\/product\/19997","targetHints":{"allow":["GET"]}}],"collection":[{"href":"https:\/\/finewinegang.be\/fr\/wp-json\/wp\/v2\/product"}],"about":[{"href":"https:\/\/finewinegang.be\/fr\/wp-json\/wp\/v2\/types\/product"}],"version-history":[{"count":1,"href":"https:\/\/finewinegang.be\/fr\/wp-json\/wp\/v2\/product\/19997\/revisions"}],"predecessor-version":[{"id":19998,"href":"https:\/\/finewinegang.be\/fr\/wp-json\/wp\/v2\/product\/19997\/revisions\/19998"}],"wp:featuredmedia":[{"embeddable":true,"href":"https:\/\/finewinegang.be\/fr\/wp-json\/wp\/v2\/media\/20002"}],"wp:attachment":[{"href":"https:\/\/finewinegang.be\/fr\/wp-json\/wp\/v2\/media?parent=19997"}],"wp:term":[{"taxonomy":"product_brand","embeddable":true,"href":"https:\/\/finewinegang.be\/fr\/wp-json\/wp\/v2\/product_brand?post=19997"},{"taxonomy":"product_cat","embeddable":true,"href":"https:\/\/finewinegang.be\/fr\/wp-json\/wp\/v2\/product_cat?post=19997"},{"taxonomy":"product_tag","embeddable":true,"href":"https:\/\/finewinegang.be\/fr\/wp-json\/wp\/v2\/product_tag?post=19997"}],"curies":[{"name":"wp","href":"https:\/\/api.w.org\/{rel}","templated":true}]}}