{"id":19837,"date":"2025-01-13T16:55:34","date_gmt":"2025-01-13T15:55:34","guid":{"rendered":"https:\/\/finewinegang.be\/?post_type=product&#038;p=19837"},"modified":"2026-03-11T11:31:59","modified_gmt":"2026-03-11T10:31:59","slug":"vignobles-berthier-coteaux-du-giennois-rouge-2022","status":"publish","type":"product","link":"https:\/\/finewinegang.be\/fr\/produit\/vignobles-berthier-coteaux-du-giennois-rouge-2022\/","title":{"rendered":"Vignobles Berthier Coteaux du giennois rouge 2022"},"content":{"rendered":"","protected":false},"excerpt":{"rendered":"<p>D\u00e9couvrez la subtilit\u00e9 de Berthier C\u00f4teaux du Giennois, un vin rouge de la Loire qui capture l&rsquo;essence de la r\u00e9gion.<\/p>\n","protected":false},"featured_media":20249,"template":"","meta":{"_acf_changed":false,"subtitle":"","day_of_the_week":"","starting_time":0,"location":"","other_location_name":"","other_location_street_number":"","other_location_zip":"","other_location_city":"","other_location_address_itinerary_link":"","other_location_email_to_keep_updated":""},"product_brand":[],"product_cat":[373,390],"product_tag":[],"class_list":{"0":"post-19837","1":"product","2":"type-product","3":"status-publish","4":"has-post-thumbnail","6":"product_cat-bouteilles","7":"product_cat-vin-rouge","8":"product_shipping_class-flessen-fr","10":"first","11":"instock","12":"taxable","13":"shipping-taxable","14":"purchasable","15":"product-type-simple"},"acf":{"jaargang":"2022","volume":75,"alcohol":13,"schenktemperatuur":"12\u00b0C - 15\u00b0C","Producent":[12936],"producent_search":"Vignobles Berthier","cuvee":"Coteaux du giennois","land":"Frankrijk","regio":"Loire","appellatie":"Coteaux du Giennois","Kracht":1,"intensiteit":3,"Verouderingspotentieel":2,"smaakprofiel":["Fruitig","Krokant","Sappig"],"aromas":["Kersen","Pioenroos","Pruimen"],"Auteur":"Antoine","quote":"Mon style de vin pour tous les jours, vous le consommeriez toute la journ\u00e9e sans vous en rendre compte. Un rouge l\u00e9ger rempli de magnifiques saveurs de fruits rouges et d'une superbe texture en bouche. Vous pouvez acheter 2 caisses les yeux ferm\u00e9s....  ","druif":["Gamay","Pinot Noir \/ Pinot Nero"],"awards":"","bio":false},"_links":{"self":[{"href":"https:\/\/finewinegang.be\/fr\/wp-json\/wp\/v2\/product\/19837","targetHints":{"allow":["GET"]}}],"collection":[{"href":"https:\/\/finewinegang.be\/fr\/wp-json\/wp\/v2\/product"}],"about":[{"href":"https:\/\/finewinegang.be\/fr\/wp-json\/wp\/v2\/types\/product"}],"version-history":[{"count":1,"href":"https:\/\/finewinegang.be\/fr\/wp-json\/wp\/v2\/product\/19837\/revisions"}],"predecessor-version":[{"id":19839,"href":"https:\/\/finewinegang.be\/fr\/wp-json\/wp\/v2\/product\/19837\/revisions\/19839"}],"acf:post":[{"embeddable":true,"href":"https:\/\/finewinegang.be\/fr\/wp-json\/wp\/v2\/producent\/12936"}],"wp:featuredmedia":[{"embeddable":true,"href":"https:\/\/finewinegang.be\/fr\/wp-json\/wp\/v2\/media\/20249"}],"wp:attachment":[{"href":"https:\/\/finewinegang.be\/fr\/wp-json\/wp\/v2\/media?parent=19837"}],"wp:term":[{"taxonomy":"product_brand","embeddable":true,"href":"https:\/\/finewinegang.be\/fr\/wp-json\/wp\/v2\/product_brand?post=19837"},{"taxonomy":"product_cat","embeddable":true,"href":"https:\/\/finewinegang.be\/fr\/wp-json\/wp\/v2\/product_cat?post=19837"},{"taxonomy":"product_tag","embeddable":true,"href":"https:\/\/finewinegang.be\/fr\/wp-json\/wp\/v2\/product_tag?post=19837"}],"curies":[{"name":"wp","href":"https:\/\/api.w.org\/{rel}","templated":true}]}}