{"id":19706,"date":"2024-12-18T16:56:21","date_gmt":"2024-12-18T15:56:21","guid":{"rendered":"https:\/\/finewinegang.be\/?post_type=product&#038;p=19706"},"modified":"2025-11-19T14:23:31","modified_gmt":"2025-11-19T13:23:31","slug":"riedel-veloce-verre-a-champagne-coffret-de-2","status":"publish","type":"product","link":"https:\/\/finewinegang.be\/fr\/produit\/riedel-veloce-verre-a-champagne-coffret-de-2\/","title":{"rendered":"RIEDEL Veloce verre \u00e0 Champagne \u2013 Coffret de 2"},"content":{"rendered":"<p>Le verre \u00e0 vin RIEDEL Veloce Champagne est con\u00e7u pour r\u00e9v\u00e9ler pleinement les ar\u00f4mes complexes des vins mousseux. Contrairement aux fl\u00fbtes traditionnelles, ce verre poss\u00e8de un calice plus large en forme de diamant, favorisant le d\u00e9veloppement optimal des nuances olfactives et gustatives. Avec une capacit\u00e9 de 327 ml et une hauteur de 247 mm, il offre suffisamment d&rsquo;espace pour que le vin respire, tandis que le &lsquo;point d&rsquo;effervescence&rsquo; sp\u00e9cial au fond du verre facilite la formation de fines bulles. Fabriqu\u00e9 en cristal clair, il allie l&rsquo;\u00e9l\u00e9gance du verre fait main \u00e0 la pr\u00e9cision de la production m\u00e9canique. Son design fin et l\u00e9ger le rend id\u00e9al pour les champagnes l\u00e9gers, frais et secs, les proseccos et autres vins mousseux. De plus, le verre est dot\u00e9 d&rsquo;une inscription \u00e0 la base indiquant le c\u00e9page recommand\u00e9, facilitant ainsi son utilisation. Ce verre premium, fabriqu\u00e9 m\u00e9caniquement, est compatible avec le lave-vaisselle et est propos\u00e9 en lot de deux pi\u00e8ces. <\/p>\n","protected":false},"excerpt":{"rendered":"<p>Verre \u00e0 vin RIEDEL Veloce Champagne : r\u00e9v\u00e8le les ar\u00f4mes complexes des vins mousseux. Cristal premium, compatible lave-vaisselle, lot de 2. <\/p>\n","protected":false},"featured_media":19708,"template":"","meta":{"_acf_changed":false,"subtitle":"","day_of_the_week":"","starting_time":0,"location":"","other_location_name":"","other_location_street_number":"","other_location_zip":"","other_location_city":"","other_location_address_itinerary_link":"","other_location_email_to_keep_updated":""},"product_brand":[],"product_cat":[513],"product_tag":[599],"class_list":{"0":"post-19706","1":"product","2":"type-product","3":"status-publish","4":"has-post-thumbnail","6":"product_cat-verres","7":"product_tag-veloce","8":"product_shipping_class-verres","10":"first","11":"instock","12":"taxable","13":"shipping-taxable","14":"purchasable","15":"product-type-simple"},"acf":{"volume":72,"druif":""},"_links":{"self":[{"href":"https:\/\/finewinegang.be\/fr\/wp-json\/wp\/v2\/product\/19706","targetHints":{"allow":["GET"]}}],"collection":[{"href":"https:\/\/finewinegang.be\/fr\/wp-json\/wp\/v2\/product"}],"about":[{"href":"https:\/\/finewinegang.be\/fr\/wp-json\/wp\/v2\/types\/product"}],"version-history":[{"count":3,"href":"https:\/\/finewinegang.be\/fr\/wp-json\/wp\/v2\/product\/19706\/revisions"}],"predecessor-version":[{"id":19972,"href":"https:\/\/finewinegang.be\/fr\/wp-json\/wp\/v2\/product\/19706\/revisions\/19972"}],"wp:featuredmedia":[{"embeddable":true,"href":"https:\/\/finewinegang.be\/fr\/wp-json\/wp\/v2\/media\/19708"}],"wp:attachment":[{"href":"https:\/\/finewinegang.be\/fr\/wp-json\/wp\/v2\/media?parent=19706"}],"wp:term":[{"taxonomy":"product_brand","embeddable":true,"href":"https:\/\/finewinegang.be\/fr\/wp-json\/wp\/v2\/product_brand?post=19706"},{"taxonomy":"product_cat","embeddable":true,"href":"https:\/\/finewinegang.be\/fr\/wp-json\/wp\/v2\/product_cat?post=19706"},{"taxonomy":"product_tag","embeddable":true,"href":"https:\/\/finewinegang.be\/fr\/wp-json\/wp\/v2\/product_tag?post=19706"}],"curies":[{"name":"wp","href":"https:\/\/api.w.org\/{rel}","templated":true}]}}