{"id":19699,"date":"2024-12-18T16:47:41","date_gmt":"2024-12-18T15:47:41","guid":{"rendered":"https:\/\/finewinegang.be\/?post_type=product&#038;p=19699"},"modified":"2025-11-19T14:23:32","modified_gmt":"2025-11-19T13:23:32","slug":"riedel-veloce-syrah-shiraz","status":"publish","type":"product","link":"https:\/\/finewinegang.be\/fr\/produit\/riedel-veloce-syrah-shiraz\/","title":{"rendered":"RIEDEL Veloce Syrah\/Shiraz &#8211; coffret de 2"},"content":{"rendered":"<p>RIEDEL Veloce Syrah\/Shiraz \u2013 Coffret de 2<br \/>Le verre RIEDEL Veloce Syrah\/Shiraz a \u00e9t\u00e9 sp\u00e9cialement con\u00e7u pour \u00e9quilibrer les tanins puissants et les ar\u00f4mes fruit\u00e9s concentr\u00e9s des vins rouges de structure moyenne. Sa forme en diamant offre un volume g\u00e9n\u00e9reux favorisant le d\u00e9veloppement des ar\u00f4mes, r\u00e9v\u00e9lant ainsi toute la richesse des grands vins du Nouveau Monde, audacieux et expressifs.<br \/>Avec une capacit\u00e9 g\u00e9n\u00e9reuse de 720 ml et une hauteur de 247 mm, ce verre met en valeur l\u2019intensit\u00e9 du vin tout en offrant une finale longue et agr\u00e9ablement douce. Fabriqu\u00e9 en cristal d\u2019une transparence exceptionnelle, il associe la pr\u00e9cision d\u2019une fabrication m\u00e9canique \u00e0 l\u2019\u00e9l\u00e9gance d\u2019un savoir-faire artisanal. Son design fin et l\u00e9ger en fait un choix id\u00e9al pour une large gamme de vins rouges.<br \/>Chaque verre est discr\u00e8tement grav\u00e9 sur le pied avec le nom du c\u00e9page recommand\u00e9, facilitant ainsi son utilisation lors des d\u00e9gustations. Ce verre haut de gamme, fabriqu\u00e9 avec la plus grande pr\u00e9cision, est compatible avec le lave-vaisselle et est disponible en coffret de deux pi\u00e8ces. <\/p>\n","protected":false},"excerpt":{"rendered":"<p>Verre RIEDEL Veloce Syrah\/Shiraz : l\u2019\u00e9quilibre parfait entre tanins puissants et fruits concentr\u00e9s des vins rouges de structure moyenne. Cristal de qualit\u00e9 sup\u00e9rieure, compatible lave-vaisselle, coffret de 2 pi\u00e8ces. <\/p>\n","protected":false},"featured_media":19701,"template":"","meta":{"_acf_changed":false,"subtitle":"","day_of_the_week":"","starting_time":0,"location":"","other_location_name":"","other_location_street_number":"","other_location_zip":"","other_location_city":"","other_location_address_itinerary_link":"","other_location_email_to_keep_updated":""},"product_brand":[],"product_cat":[513],"product_tag":[599],"class_list":{"0":"post-19699","1":"product","2":"type-product","3":"status-publish","4":"has-post-thumbnail","6":"product_cat-verres","7":"product_tag-veloce","8":"product_shipping_class-verres","10":"first","11":"instock","12":"taxable","13":"shipping-taxable","14":"purchasable","15":"product-type-simple"},"acf":{"volume":72,"druif":["Syrah"]},"_links":{"self":[{"href":"https:\/\/finewinegang.be\/fr\/wp-json\/wp\/v2\/product\/19699","targetHints":{"allow":["GET"]}}],"collection":[{"href":"https:\/\/finewinegang.be\/fr\/wp-json\/wp\/v2\/product"}],"about":[{"href":"https:\/\/finewinegang.be\/fr\/wp-json\/wp\/v2\/types\/product"}],"version-history":[{"count":2,"href":"https:\/\/finewinegang.be\/fr\/wp-json\/wp\/v2\/product\/19699\/revisions"}],"predecessor-version":[{"id":19978,"href":"https:\/\/finewinegang.be\/fr\/wp-json\/wp\/v2\/product\/19699\/revisions\/19978"}],"wp:featuredmedia":[{"embeddable":true,"href":"https:\/\/finewinegang.be\/fr\/wp-json\/wp\/v2\/media\/19701"}],"wp:attachment":[{"href":"https:\/\/finewinegang.be\/fr\/wp-json\/wp\/v2\/media?parent=19699"}],"wp:term":[{"taxonomy":"product_brand","embeddable":true,"href":"https:\/\/finewinegang.be\/fr\/wp-json\/wp\/v2\/product_brand?post=19699"},{"taxonomy":"product_cat","embeddable":true,"href":"https:\/\/finewinegang.be\/fr\/wp-json\/wp\/v2\/product_cat?post=19699"},{"taxonomy":"product_tag","embeddable":true,"href":"https:\/\/finewinegang.be\/fr\/wp-json\/wp\/v2\/product_tag?post=19699"}],"curies":[{"name":"wp","href":"https:\/\/api.w.org\/{rel}","templated":true}]}}