{"id":19683,"date":"2024-12-18T16:13:29","date_gmt":"2024-12-18T15:13:29","guid":{"rendered":"https:\/\/finewinegang.be\/?post_type=product&#038;p=19683"},"modified":"2025-11-19T14:23:33","modified_gmt":"2025-11-19T13:23:33","slug":"riedel-veloce-cabernet-merlot","status":"publish","type":"product","link":"https:\/\/finewinegang.be\/fr\/produit\/riedel-veloce-cabernet-merlot\/","title":{"rendered":"Riedel Veloce Cabernet \/ Merlot"},"content":{"rendered":"<p>Le verre RIEDEL Veloce Cabernet\/Merlot est sp\u00e9cialement con\u00e7u pour les vins rouges cors\u00e9s et complexes, riches en tanins. Sa forme en diamant offre un espace suppl\u00e9mentaire pour le d\u00e9veloppement des ar\u00f4mes, mettant particuli\u00e8rement en valeur les vins puissants du Nouveau Monde. Avec une g\u00e9n\u00e9reuse capacit\u00e9 de 829 ml, ce verre accentue les notes fruit\u00e9es, adoucit les asp\u00e9rit\u00e9s et l&rsquo;amertume des tanins, et aide le vin \u00e0 atteindre un \u00e9quilibre harmonieux. Fabriqu\u00e9 en cristal clair, il allie la pr\u00e9cision de la production m\u00e9canique \u00e0 l&rsquo;\u00e9l\u00e9gance du travail artisanal. Son design fin et l\u00e9ger le rend id\u00e9al pour divers vins rouges. De plus, le verre est dot\u00e9 d&rsquo;une inscription \u00e0 la base indiquant le c\u00e9page recommand\u00e9, facilitant ainsi son utilisation. Ce verre premium, fabriqu\u00e9 m\u00e9caniquement, est compatible avec le lave-vaisselle et est propos\u00e9 en lot de deux pi\u00e8ces. <\/p>\n","protected":false},"excerpt":{"rendered":"<p>Verre RIEDEL Veloce Cabernet\/Merlot : id\u00e9al pour vins rouges cors\u00e9s riches en tanins. Cristal premium, compatible lave-vaisselle, lot de 2. <\/p>\n","protected":false},"featured_media":19687,"template":"","meta":{"_acf_changed":false,"subtitle":"","day_of_the_week":"","starting_time":0,"location":"","other_location_name":"","other_location_street_number":"","other_location_zip":"","other_location_city":"","other_location_address_itinerary_link":"","other_location_email_to_keep_updated":""},"product_brand":[],"product_cat":[513],"product_tag":[599],"class_list":{"0":"post-19683","1":"product","2":"type-product","3":"status-publish","4":"has-post-thumbnail","6":"product_cat-verres","7":"product_tag-veloce","8":"product_shipping_class-verres","10":"first","11":"instock","12":"taxable","13":"shipping-taxable","14":"purchasable","15":"product-type-simple"},"acf":{"volume":82,"druif":["Cabernet Franc","Merlot"]},"_links":{"self":[{"href":"https:\/\/finewinegang.be\/fr\/wp-json\/wp\/v2\/product\/19683","targetHints":{"allow":["GET"]}}],"collection":[{"href":"https:\/\/finewinegang.be\/fr\/wp-json\/wp\/v2\/product"}],"about":[{"href":"https:\/\/finewinegang.be\/fr\/wp-json\/wp\/v2\/types\/product"}],"version-history":[{"count":1,"href":"https:\/\/finewinegang.be\/fr\/wp-json\/wp\/v2\/product\/19683\/revisions"}],"predecessor-version":[{"id":19690,"href":"https:\/\/finewinegang.be\/fr\/wp-json\/wp\/v2\/product\/19683\/revisions\/19690"}],"wp:featuredmedia":[{"embeddable":true,"href":"https:\/\/finewinegang.be\/fr\/wp-json\/wp\/v2\/media\/19687"}],"wp:attachment":[{"href":"https:\/\/finewinegang.be\/fr\/wp-json\/wp\/v2\/media?parent=19683"}],"wp:term":[{"taxonomy":"product_brand","embeddable":true,"href":"https:\/\/finewinegang.be\/fr\/wp-json\/wp\/v2\/product_brand?post=19683"},{"taxonomy":"product_cat","embeddable":true,"href":"https:\/\/finewinegang.be\/fr\/wp-json\/wp\/v2\/product_cat?post=19683"},{"taxonomy":"product_tag","embeddable":true,"href":"https:\/\/finewinegang.be\/fr\/wp-json\/wp\/v2\/product_tag?post=19683"}],"curies":[{"name":"wp","href":"https:\/\/api.w.org\/{rel}","templated":true}]}}