{"id":18955,"date":"2024-11-27T15:39:09","date_gmt":"2024-11-27T14:39:09","guid":{"rendered":"https:\/\/finewinegang.be\/product\/the-experiment-discovery-box\/"},"modified":"2025-11-27T10:51:43","modified_gmt":"2025-11-27T09:51:43","slug":"the-experiment-discovery-box","status":"publish","type":"product","link":"https:\/\/finewinegang.be\/fr\/produit\/the-experiment-discovery-box\/","title":{"rendered":"The Experiment Discovery Box"},"content":{"rendered":"","protected":false},"excerpt":{"rendered":"<p><span data-contrast=\"auto\">Pour les explorateurs du monde du vin. Ce coffret r\u00e9unit des vins qui sortent des sentiers battus \u2013 que ce soit par leurs c\u00e9pages originaux, leurs techniques exp\u00e9rimentales ou leurs r\u00e9gions inattendues. <\/span> Une riesling rafra\u00eechissante venue d\u2019outre-mer, une p\u00e9tillante pinot nero pleine de charme et de fra\u00eecheur, et un surprenant alfrocheiro portugais m\u00ealant \u00e9l\u00e9gance et originalit\u00e9. Un coffret cadeau qui c\u00e9l\u00e8bre le charme de l\u2019inconnu.<\/p>\n","protected":false},"featured_media":24437,"template":"","meta":{"_acf_changed":false,"subtitle":"","day_of_the_week":"Monday","starting_time":0,"location":"ANTWERP","other_location_name":"","other_location_street_number":"","other_location_zip":"","other_location_city":"","other_location_address_itinerary_link":"","other_location_email_to_keep_updated":""},"product_brand":[],"product_cat":[554,565],"product_tag":[605],"class_list":{"0":"post-18955","1":"product","2":"type-product","3":"status-publish","4":"has-post-thumbnail","6":"product_cat-cadeau-fr","7":"product_cat-discovery-box-fr","8":"product_tag-discoverybox","9":"product_shipping_class-discovery-box-3-bottles-fr","11":"first","12":"outofstock","13":"taxable","14":"shipping-taxable","15":"purchasable","16":"product-type-woosb"},"acf":[],"_links":{"self":[{"href":"https:\/\/finewinegang.be\/fr\/wp-json\/wp\/v2\/product\/18955","targetHints":{"allow":["GET"]}}],"collection":[{"href":"https:\/\/finewinegang.be\/fr\/wp-json\/wp\/v2\/product"}],"about":[{"href":"https:\/\/finewinegang.be\/fr\/wp-json\/wp\/v2\/types\/product"}],"version-history":[{"count":4,"href":"https:\/\/finewinegang.be\/fr\/wp-json\/wp\/v2\/product\/18955\/revisions"}],"predecessor-version":[{"id":24039,"href":"https:\/\/finewinegang.be\/fr\/wp-json\/wp\/v2\/product\/18955\/revisions\/24039"}],"wp:featuredmedia":[{"embeddable":true,"href":"https:\/\/finewinegang.be\/fr\/wp-json\/wp\/v2\/media\/24437"}],"wp:attachment":[{"href":"https:\/\/finewinegang.be\/fr\/wp-json\/wp\/v2\/media?parent=18955"}],"wp:term":[{"taxonomy":"product_brand","embeddable":true,"href":"https:\/\/finewinegang.be\/fr\/wp-json\/wp\/v2\/product_brand?post=18955"},{"taxonomy":"product_cat","embeddable":true,"href":"https:\/\/finewinegang.be\/fr\/wp-json\/wp\/v2\/product_cat?post=18955"},{"taxonomy":"product_tag","embeddable":true,"href":"https:\/\/finewinegang.be\/fr\/wp-json\/wp\/v2\/product_tag?post=18955"}],"curies":[{"name":"wp","href":"https:\/\/api.w.org\/{rel}","templated":true}]}}