{"id":18910,"date":"2024-12-02T14:26:01","date_gmt":"2024-12-02T13:26:01","guid":{"rendered":"https:\/\/finewinegang.be\/?post_type=product&#038;p=18910"},"modified":"2024-12-02T14:28:45","modified_gmt":"2024-12-02T13:28:45","slug":"garofoli-colle-ambro-2022","status":"publish","type":"product","link":"https:\/\/finewinegang.be\/fr\/produit\/garofoli-colle-ambro-2022\/","title":{"rendered":"Garofoli Colle Ambro 2022"},"content":{"rendered":"","protected":false},"excerpt":{"rendered":"<p>D\u00e9couvrez la tradition italienne de Garofoli Colle Ambro, un vin rouge des Marches avec une saveur caract\u00e9ristique.<\/p>\n","protected":false},"featured_media":14812,"template":"","meta":{"_acf_changed":false,"subtitle":"","day_of_the_week":"","starting_time":0,"location":"","other_location_name":"","other_location_street_number":"","other_location_zip":"","other_location_city":"","other_location_address_itinerary_link":"","other_location_email_to_keep_updated":""},"product_brand":[],"product_cat":[373,390],"product_tag":[497],"class_list":{"0":"post-18910","1":"product","2":"type-product","3":"status-publish","4":"has-post-thumbnail","6":"product_cat-bouteilles","7":"product_cat-vin-rouge","8":"product_tag-garofoli-fr","9":"product_shipping_class-flessen-fr","11":"first","12":"outofstock","13":"taxable","14":"shipping-taxable","15":"purchasable","16":"product-type-simple"},"acf":{"jaargang":"2022","volume":75,"alcohol":13.5,"schenktemperatuur":"14\u00b0C - 16\u00b0C","Producent":[13074],"producent_search":"Garofoli","cuvee":"Colle Ambro","land":"Itali\u00eb","regio":"Marche","appellatie":"Rosso Piceno","Kracht":3,"intensiteit":3,"Verouderingspotentieel":3,"smaakprofiel":["Aromatisch","Smaakvol","Zijdezacht"],"aromas":["Mediterraanse Kruiden","Zwart Fruit"],"Auteur":"Antoine","quote":"J'aime cette v\u00e9ritable sensation italienne : un vin pr\u00e9par\u00e9 pour un d\u00e9licieux d\u00eener, avec des saveurs intenses et un \u00e9quilibre parfait entre les tannins et l'acidit\u00e9.","druif":["Montepulciano","Sangiovese"],"awards":"","bio":false},"_links":{"self":[{"href":"https:\/\/finewinegang.be\/fr\/wp-json\/wp\/v2\/product\/18910","targetHints":{"allow":["GET"]}}],"collection":[{"href":"https:\/\/finewinegang.be\/fr\/wp-json\/wp\/v2\/product"}],"about":[{"href":"https:\/\/finewinegang.be\/fr\/wp-json\/wp\/v2\/types\/product"}],"version-history":[{"count":1,"href":"https:\/\/finewinegang.be\/fr\/wp-json\/wp\/v2\/product\/18910\/revisions"}],"predecessor-version":[{"id":18913,"href":"https:\/\/finewinegang.be\/fr\/wp-json\/wp\/v2\/product\/18910\/revisions\/18913"}],"acf:post":[{"embeddable":true,"href":"https:\/\/finewinegang.be\/fr\/wp-json\/wp\/v2\/producent\/13074"}],"wp:featuredmedia":[{"embeddable":true,"href":"https:\/\/finewinegang.be\/fr\/wp-json\/wp\/v2\/media\/14812"}],"wp:attachment":[{"href":"https:\/\/finewinegang.be\/fr\/wp-json\/wp\/v2\/media?parent=18910"}],"wp:term":[{"taxonomy":"product_brand","embeddable":true,"href":"https:\/\/finewinegang.be\/fr\/wp-json\/wp\/v2\/product_brand?post=18910"},{"taxonomy":"product_cat","embeddable":true,"href":"https:\/\/finewinegang.be\/fr\/wp-json\/wp\/v2\/product_cat?post=18910"},{"taxonomy":"product_tag","embeddable":true,"href":"https:\/\/finewinegang.be\/fr\/wp-json\/wp\/v2\/product_tag?post=18910"}],"curies":[{"name":"wp","href":"https:\/\/api.w.org\/{rel}","templated":true}]}}