{"id":18905,"date":"2024-12-02T11:51:38","date_gmt":"2024-12-02T10:51:38","guid":{"rendered":"https:\/\/finewinegang.be\/?post_type=product&#038;p=18905"},"modified":"2026-02-27T11:15:25","modified_gmt":"2026-02-27T10:15:25","slug":"casa-ferreirinha-vinha-grande-2021","status":"publish","type":"product","link":"https:\/\/finewinegang.be\/fr\/produit\/casa-ferreirinha-vinha-grande-2021\/","title":{"rendered":"Casa Ferreirinha Vinha Grande 2021"},"content":{"rendered":"","protected":false},"excerpt":{"rendered":"<p>D\u00e9gustez les saveurs classiques de Casa Ferreirinha Vinha Grande, un vin rouge portugais de Douro qui refl\u00e8te l&rsquo;histoire et le patrimoine de la r\u00e9gion.<\/p>\n","protected":false},"featured_media":18942,"template":"","meta":{"_acf_changed":false,"subtitle":"","day_of_the_week":"Monday","starting_time":0,"location":"ANTWERP","other_location_name":"","other_location_street_number":"","other_location_zip":"","other_location_city":"","other_location_address_itinerary_link":"","other_location_email_to_keep_updated":""},"product_brand":[],"product_cat":[373,597,390],"product_tag":[589],"class_list":{"0":"post-18905","1":"product","2":"type-product","3":"status-publish","4":"has-post-thumbnail","6":"product_cat-bouteilles","7":"product_cat-local-friday-2025","8":"product_cat-vin-rouge","9":"product_tag-casa-ferreirinha-fr","10":"product_shipping_class-flessen-fr","12":"first","13":"instock","14":"taxable","15":"shipping-taxable","16":"purchasable","17":"product-type-simple"},"acf":{"jaargang":"2021","volume":75,"alcohol":14,"schenktemperatuur":"16\u00b0C - 18\u00b0C","Producent":[13094],"producent_search":"Casa Ferreirinha","cuvee":"Vinha Grande","land":"Portugal","regio":"Douro","appellatie":"Douro","Kracht":3,"intensiteit":3,"Verouderingspotentieel":2,"smaakprofiel":["Fris","Fruitig","Smaakvol"],"aromas":["Eucalyptus","Rood Fruit"],"Auteur":"Stijn","quote":"\u00c0 mon avis, le Douro sec sera la prochaine grande nouveaut\u00e9, alors gardez un \u0153il sur cet exemple charismatique. ","druif":["Tinta Barroca","Tinta Roriz","Touriga Franca","Touriga Nacional"],"awards":"","bio":false},"_links":{"self":[{"href":"https:\/\/finewinegang.be\/fr\/wp-json\/wp\/v2\/product\/18905","targetHints":{"allow":["GET"]}}],"collection":[{"href":"https:\/\/finewinegang.be\/fr\/wp-json\/wp\/v2\/product"}],"about":[{"href":"https:\/\/finewinegang.be\/fr\/wp-json\/wp\/v2\/types\/product"}],"version-history":[{"count":1,"href":"https:\/\/finewinegang.be\/fr\/wp-json\/wp\/v2\/product\/18905\/revisions"}],"predecessor-version":[{"id":18908,"href":"https:\/\/finewinegang.be\/fr\/wp-json\/wp\/v2\/product\/18905\/revisions\/18908"}],"acf:post":[{"embeddable":true,"href":"https:\/\/finewinegang.be\/fr\/wp-json\/wp\/v2\/producent\/13094"}],"wp:featuredmedia":[{"embeddable":true,"href":"https:\/\/finewinegang.be\/fr\/wp-json\/wp\/v2\/media\/18942"}],"wp:attachment":[{"href":"https:\/\/finewinegang.be\/fr\/wp-json\/wp\/v2\/media?parent=18905"}],"wp:term":[{"taxonomy":"product_brand","embeddable":true,"href":"https:\/\/finewinegang.be\/fr\/wp-json\/wp\/v2\/product_brand?post=18905"},{"taxonomy":"product_cat","embeddable":true,"href":"https:\/\/finewinegang.be\/fr\/wp-json\/wp\/v2\/product_cat?post=18905"},{"taxonomy":"product_tag","embeddable":true,"href":"https:\/\/finewinegang.be\/fr\/wp-json\/wp\/v2\/product_tag?post=18905"}],"curies":[{"name":"wp","href":"https:\/\/api.w.org\/{rel}","templated":true}]}}