{"id":18884,"date":"2024-11-29T16:00:07","date_gmt":"2024-11-29T15:00:07","guid":{"rendered":"https:\/\/finewinegang.be\/?post_type=product&#038;p=18884"},"modified":"2025-10-31T11:37:16","modified_gmt":"2025-10-31T10:37:16","slug":"tenimenti-civa-ribolla-gialla-spumante-dosaggio-zero-cuvee-12","status":"publish","type":"product","link":"https:\/\/finewinegang.be\/fr\/produit\/tenimenti-civa-ribolla-gialla-spumante-dosaggio-zero-cuvee-12\/","title":{"rendered":"Tenimenti Civa Ribolla Gialla spumante dosaggio zero Cuv\u00e9e 12"},"content":{"rendered":"","protected":false},"excerpt":{"rendered":"<p>CUVEE 12 Spumante ZERO : vin p\u00e9tillant frais aux ar\u00f4mes d\u2019agrumes, sauge, fleurs blanches et poire. Sec et cr\u00e9meux avec des notes de p\u00eache, melon et sureau.<\/p>\n<p>&nbsp;<\/p>\n","protected":false},"featured_media":18918,"template":"","meta":{"subtitle":"","day_of_the_week":"","starting_time":0,"location":"","other_location_name":"","other_location_street_number":"","other_location_zip":"","other_location_city":"","other_location_address_itinerary_link":"","other_location_email_to_keep_updated":""},"product_brand":[],"product_cat":[373,375],"product_tag":[594,592],"class_list":{"0":"post-18884","1":"product","2":"type-product","3":"status-publish","4":"has-post-thumbnail","6":"product_cat-bouteilles","7":"product_cat-vin-mousseux","8":"product_tag-civa","9":"product_tag-tenimenti-civa","10":"product_shipping_class-flessen-fr","12":"first","13":"instock","14":"taxable","15":"shipping-taxable","16":"purchasable","17":"product-type-simple"},"_links":{"self":[{"href":"https:\/\/finewinegang.be\/fr\/wp-json\/wp\/v2\/product\/18884","targetHints":{"allow":["GET"]}}],"collection":[{"href":"https:\/\/finewinegang.be\/fr\/wp-json\/wp\/v2\/product"}],"about":[{"href":"https:\/\/finewinegang.be\/fr\/wp-json\/wp\/v2\/types\/product"}],"version-history":[{"count":2,"href":"https:\/\/finewinegang.be\/fr\/wp-json\/wp\/v2\/product\/18884\/revisions"}],"predecessor-version":[{"id":23969,"href":"https:\/\/finewinegang.be\/fr\/wp-json\/wp\/v2\/product\/18884\/revisions\/23969"}],"wp:featuredmedia":[{"embeddable":true,"href":"https:\/\/finewinegang.be\/fr\/wp-json\/wp\/v2\/media\/18918"}],"wp:attachment":[{"href":"https:\/\/finewinegang.be\/fr\/wp-json\/wp\/v2\/media?parent=18884"}],"wp:term":[{"taxonomy":"product_brand","embeddable":true,"href":"https:\/\/finewinegang.be\/fr\/wp-json\/wp\/v2\/product_brand?post=18884"},{"taxonomy":"product_cat","embeddable":true,"href":"https:\/\/finewinegang.be\/fr\/wp-json\/wp\/v2\/product_cat?post=18884"},{"taxonomy":"product_tag","embeddable":true,"href":"https:\/\/finewinegang.be\/fr\/wp-json\/wp\/v2\/product_tag?post=18884"}],"curies":[{"name":"wp","href":"https:\/\/api.w.org\/{rel}","templated":true}]}}