{"id":18880,"date":"2024-11-29T15:49:44","date_gmt":"2024-11-29T14:49:44","guid":{"rendered":"https:\/\/finewinegang.be\/?post_type=product&#038;p=18880"},"modified":"2025-10-31T11:39:51","modified_gmt":"2025-10-31T10:39:51","slug":"tenimenti-civa-ribolla-gialla-seriade","status":"publish","type":"product","link":"https:\/\/finewinegang.be\/fr\/produit\/tenimenti-civa-ribolla-gialla-seriade\/","title":{"rendered":"Tenimenti Civa Seriade Ribolla Gialla"},"content":{"rendered":"","protected":false},"excerpt":{"rendered":"<p>Ribolla Gialla Seriade : vin jaune paille aux reflets verts. Ar\u00f4mes frais d&rsquo;agrumes, p\u00eache blanche et fleurs. L\u00e9ger, \u00e9l\u00e9gant avec une finale fruit\u00e9e et saline.<\/p>\n<p>&nbsp;<\/p>\n","protected":false},"featured_media":18920,"template":"","meta":{"_acf_changed":false,"subtitle":"","day_of_the_week":"","starting_time":0,"location":"","other_location_name":"","other_location_street_number":"","other_location_zip":"","other_location_city":"","other_location_address_itinerary_link":"","other_location_email_to_keep_updated":""},"product_brand":[],"product_cat":[373,392],"product_tag":[594,607,592],"class_list":{"0":"post-18880","1":"product","2":"type-product","3":"status-publish","4":"has-post-thumbnail","6":"product_cat-bouteilles","7":"product_cat-vin-blanc","8":"product_tag-civa","9":"product_tag-silver-tasting","10":"product_tag-tenimenti-civa","11":"product_shipping_class-flessen-fr","13":"first","14":"instock","15":"taxable","16":"shipping-taxable","17":"purchasable","18":"product-type-simple"},"acf":{"jaargang":"Non Vintage","volume":75,"alcohol":12,"schenktemperatuur":"4\u00b0C - 7\u00b0C","Producent":[18867],"producent_search":"Tenimenti Civa","cuvee":"Ribolla Gialla Sariade","land":"Itali\u00eb","regio":"Veneto","appellatie":"Venezia Giulia IGP","Kracht":2,"intensiteit":2,"Verouderingspotentieel":2,"smaakprofiel":["Fruitig","Mineraal","Verfrissend"],"aromas":["Appel","Peer","Acacia"],"Auteur":"Antoine","quote":"l'un de nos meilleurs rapports prix\/qualit\u00e9 ! Ce vin fait le travail ! fruit\u00e9, frais et min\u00e9ral. joliment \u00e9quilibr\u00e9 et la longueur n'est pas mal non plus.","druif":["Ribolla Gialla"],"awards":"","bio":false},"_links":{"self":[{"href":"https:\/\/finewinegang.be\/fr\/wp-json\/wp\/v2\/product\/18880","targetHints":{"allow":["GET"]}}],"collection":[{"href":"https:\/\/finewinegang.be\/fr\/wp-json\/wp\/v2\/product"}],"about":[{"href":"https:\/\/finewinegang.be\/fr\/wp-json\/wp\/v2\/types\/product"}],"version-history":[{"count":2,"href":"https:\/\/finewinegang.be\/fr\/wp-json\/wp\/v2\/product\/18880\/revisions"}],"predecessor-version":[{"id":23970,"href":"https:\/\/finewinegang.be\/fr\/wp-json\/wp\/v2\/product\/18880\/revisions\/23970"}],"acf:post":[{"embeddable":true,"href":"https:\/\/finewinegang.be\/fr\/wp-json\/wp\/v2\/producent\/18867"}],"wp:featuredmedia":[{"embeddable":true,"href":"https:\/\/finewinegang.be\/fr\/wp-json\/wp\/v2\/media\/18920"}],"wp:attachment":[{"href":"https:\/\/finewinegang.be\/fr\/wp-json\/wp\/v2\/media?parent=18880"}],"wp:term":[{"taxonomy":"product_brand","embeddable":true,"href":"https:\/\/finewinegang.be\/fr\/wp-json\/wp\/v2\/product_brand?post=18880"},{"taxonomy":"product_cat","embeddable":true,"href":"https:\/\/finewinegang.be\/fr\/wp-json\/wp\/v2\/product_cat?post=18880"},{"taxonomy":"product_tag","embeddable":true,"href":"https:\/\/finewinegang.be\/fr\/wp-json\/wp\/v2\/product_tag?post=18880"}],"curies":[{"name":"wp","href":"https:\/\/api.w.org\/{rel}","templated":true}]}}