{"id":18875,"date":"2024-11-29T15:39:27","date_gmt":"2024-11-29T14:39:27","guid":{"rendered":"https:\/\/finewinegang.be\/?post_type=product&#038;p=18875"},"modified":"2025-10-31T11:36:13","modified_gmt":"2025-10-31T10:36:13","slug":"tenimenti-civa-ribolla-gialla-vigneto-bellazoia-2022","status":"publish","type":"product","link":"https:\/\/finewinegang.be\/fr\/produit\/tenimenti-civa-ribolla-gialla-vigneto-bellazoia-2022\/","title":{"rendered":"Tenimenti Civa Vigneto Bellazoia Ribolla Gialla 2022"},"content":{"rendered":"","protected":false},"excerpt":{"rendered":"<p>Civa Ribolla Gialla Vigneto Bellazoia : vin dor\u00e9 aux ar\u00f4mes de fruits blancs m\u00fbrs. \u00c9quilibre parfait entre fra\u00eecheur, corps et \u00e9l\u00e9gance.<\/p>\n<p>&nbsp;<\/p>\n","protected":false},"featured_media":18922,"template":"","meta":{"_acf_changed":false,"subtitle":"","day_of_the_week":"","starting_time":0,"location":"","other_location_name":"","other_location_street_number":"","other_location_zip":"","other_location_city":"","other_location_address_itinerary_link":"","other_location_email_to_keep_updated":""},"product_brand":[],"product_cat":[373,392],"product_tag":[594,592],"class_list":{"0":"post-18875","1":"product","2":"type-product","3":"status-publish","4":"has-post-thumbnail","6":"product_cat-bouteilles","7":"product_cat-vin-blanc","8":"product_tag-civa","9":"product_tag-tenimenti-civa","10":"product_shipping_class-flessen-fr","12":"first","13":"instock","14":"taxable","15":"shipping-taxable","16":"purchasable","17":"product-type-simple"},"acf":{"jaargang":"2022","volume":75,"alcohol":12.5,"schenktemperatuur":"4\u00b0C - 7\u00b0C","Producent":[18870],"producent_search":"Tenimenti Civa","cuvee":"Ribolla Gialla Vigneto bellazoia","land":"Itali\u00eb","regio":"Veneto","appellatie":"Friuli Colli Orientali","Kracht":3,"intensiteit":3,"Verouderingspotentieel":3,"smaakprofiel":["Fruitig","Rond","Houtachtig"],"aromas":["Appel","Nootmuskaat","Perzik"],"Auteur":"Stijn","quote":"Blanc bois\u00e9, \u00e9pic\u00e9 et riche \u00e0 la fois.","druif":["Ribolla Gialla"],"awards":"","bio":false},"_links":{"self":[{"href":"https:\/\/finewinegang.be\/fr\/wp-json\/wp\/v2\/product\/18875","targetHints":{"allow":["GET"]}}],"collection":[{"href":"https:\/\/finewinegang.be\/fr\/wp-json\/wp\/v2\/product"}],"about":[{"href":"https:\/\/finewinegang.be\/fr\/wp-json\/wp\/v2\/types\/product"}],"version-history":[{"count":2,"href":"https:\/\/finewinegang.be\/fr\/wp-json\/wp\/v2\/product\/18875\/revisions"}],"predecessor-version":[{"id":23968,"href":"https:\/\/finewinegang.be\/fr\/wp-json\/wp\/v2\/product\/18875\/revisions\/23968"}],"acf:post":[{"embeddable":true,"href":"https:\/\/finewinegang.be\/fr\/wp-json\/wp\/v2\/producent\/18870"}],"wp:featuredmedia":[{"embeddable":true,"href":"https:\/\/finewinegang.be\/fr\/wp-json\/wp\/v2\/media\/18922"}],"wp:attachment":[{"href":"https:\/\/finewinegang.be\/fr\/wp-json\/wp\/v2\/media?parent=18875"}],"wp:term":[{"taxonomy":"product_brand","embeddable":true,"href":"https:\/\/finewinegang.be\/fr\/wp-json\/wp\/v2\/product_brand?post=18875"},{"taxonomy":"product_cat","embeddable":true,"href":"https:\/\/finewinegang.be\/fr\/wp-json\/wp\/v2\/product_cat?post=18875"},{"taxonomy":"product_tag","embeddable":true,"href":"https:\/\/finewinegang.be\/fr\/wp-json\/wp\/v2\/product_tag?post=18875"}],"curies":[{"name":"wp","href":"https:\/\/api.w.org\/{rel}","templated":true}]}}