{"id":18872,"date":"2024-11-29T15:08:37","date_gmt":"2024-11-29T14:08:37","guid":{"rendered":"https:\/\/finewinegang.be\/?post_type=product&#038;p=18872"},"modified":"2025-10-31T11:35:14","modified_gmt":"2025-10-31T10:35:14","slug":"tenimenti-civa-ribolla-gialla-linea-classica-2023","status":"publish","type":"product","link":"https:\/\/finewinegang.be\/fr\/produit\/tenimenti-civa-ribolla-gialla-linea-classica-2023\/","title":{"rendered":"Tenimenti Civa Linea Classica Ribolla Gialla 2023"},"content":{"rendered":"","protected":false},"excerpt":{"rendered":"<p>Ribolla Gialla : vin jaune paille aux ar\u00f4mes de fleurs blanches, de zeste de citron et de p\u00eache blanche. Frais et min\u00e9ral, parfait \u00e0 l&rsquo;ap\u00e9ritif ou avec des plats de poisson et de l\u00e9gumes.<\/p>\n<p>&nbsp;<\/p>\n","protected":false},"featured_media":18924,"template":"","meta":{"_acf_changed":false,"subtitle":"","day_of_the_week":"","starting_time":0,"location":"","other_location_name":"","other_location_street_number":"","other_location_zip":"","other_location_city":"","other_location_address_itinerary_link":"","other_location_email_to_keep_updated":""},"product_brand":[],"product_cat":[373,392],"product_tag":[594,592],"class_list":{"0":"post-18872","1":"product","2":"type-product","3":"status-publish","4":"has-post-thumbnail","6":"product_cat-bouteilles","7":"product_cat-vin-blanc","8":"product_tag-civa","9":"product_tag-tenimenti-civa","10":"product_shipping_class-flessen-fr","12":"first","13":"instock","14":"taxable","15":"shipping-taxable","16":"purchasable","17":"product-type-simple"},"acf":{"jaargang":"2023","volume":75,"alcohol":12.5,"schenktemperatuur":"4\u00b0C - 7\u00b0C","Producent":[18870],"producent_search":"Tenimenti Civa","cuvee":"Frais et min\u00e9ral, parfait \u00e0 l'ap\u00e9ritif ou avec des plats de poisson et de l\u00e9gumes.","land":"Itali\u00eb","regio":"Veneto","appellatie":"Friuli Colli Orientali","Kracht":2,"intensiteit":2,"Verouderingspotentieel":2,"smaakprofiel":["Fruitig","Mineraal","Verfrissend"],"aromas":["Appel","Peer","Acacia"],"Auteur":"Stijn","quote":"Un vin typique issu d'un c\u00e9page dont on entend peu parler, mais qui convient pourtant si bien \u00e0 cette r\u00e9gion ! Facile \u00e0 boire, frais et agr\u00e9able.","druif":["Ribolla Gialla"],"awards":"","bio":false},"_links":{"self":[{"href":"https:\/\/finewinegang.be\/fr\/wp-json\/wp\/v2\/product\/18872","targetHints":{"allow":["GET"]}}],"collection":[{"href":"https:\/\/finewinegang.be\/fr\/wp-json\/wp\/v2\/product"}],"about":[{"href":"https:\/\/finewinegang.be\/fr\/wp-json\/wp\/v2\/types\/product"}],"version-history":[{"count":2,"href":"https:\/\/finewinegang.be\/fr\/wp-json\/wp\/v2\/product\/18872\/revisions"}],"predecessor-version":[{"id":23958,"href":"https:\/\/finewinegang.be\/fr\/wp-json\/wp\/v2\/product\/18872\/revisions\/23958"}],"acf:post":[{"embeddable":true,"href":"https:\/\/finewinegang.be\/fr\/wp-json\/wp\/v2\/producent\/18870"}],"wp:featuredmedia":[{"embeddable":true,"href":"https:\/\/finewinegang.be\/fr\/wp-json\/wp\/v2\/media\/18924"}],"wp:attachment":[{"href":"https:\/\/finewinegang.be\/fr\/wp-json\/wp\/v2\/media?parent=18872"}],"wp:term":[{"taxonomy":"product_brand","embeddable":true,"href":"https:\/\/finewinegang.be\/fr\/wp-json\/wp\/v2\/product_brand?post=18872"},{"taxonomy":"product_cat","embeddable":true,"href":"https:\/\/finewinegang.be\/fr\/wp-json\/wp\/v2\/product_cat?post=18872"},{"taxonomy":"product_tag","embeddable":true,"href":"https:\/\/finewinegang.be\/fr\/wp-json\/wp\/v2\/product_tag?post=18872"}],"curies":[{"name":"wp","href":"https:\/\/api.w.org\/{rel}","templated":true}]}}