{"id":18861,"date":"2024-11-29T12:22:50","date_gmt":"2024-11-29T11:22:50","guid":{"rendered":"https:\/\/finewinegang.be\/?post_type=product&#038;p=18861"},"modified":"2025-04-03T22:07:05","modified_gmt":"2025-04-03T20:07:05","slug":"huber-layla","status":"publish","type":"product","link":"https:\/\/finewinegang.be\/fr\/produit\/huber-layla\/","title":{"rendered":"Huber Layla"},"content":{"rendered":"","protected":false},"excerpt":{"rendered":"<p>Vin sans alcool frais avec des ar\u00f4mes de m\u00e9lisse et de zeste de mandarine. Id\u00e9al en ap\u00e9ritif, avec salades, poulet, dinde ou asperges. Belle fra\u00eecheur et \u00e9quilibre.  <\/p>\n","protected":false},"featured_media":18926,"template":"","meta":{"_acf_changed":false,"subtitle":"","day_of_the_week":"","starting_time":0,"location":"","other_location_name":"","other_location_street_number":"","other_location_zip":"","other_location_city":"","other_location_address_itinerary_link":"","other_location_email_to_keep_updated":""},"product_brand":[],"product_cat":[373,381],"product_tag":[574],"class_list":{"0":"post-18861","1":"product","2":"type-product","3":"status-publish","4":"has-post-thumbnail","6":"product_cat-bouteilles","7":"product_cat-sans-alcool","8":"product_tag-huber-fr","9":"product_shipping_class-flessen-fr","11":"first","12":"instock","13":"taxable","14":"shipping-taxable","15":"purchasable","16":"product-type-simple"},"acf":{"jaargang":"Non Vintage","volume":75,"alcohol":0,"schenktemperatuur":"4\u00b0C - 7\u00b0C","Producent":[13131],"producent_search":"Huber","cuvee":"Layla","land":"Oostenrijk","regio":"Traisental","appellatie":"Sparkling white non-alcoholic","Kracht":2,"intensiteit":4,"Verouderingspotentieel":1,"smaakprofiel":["Fijn","Fruitig","Geurig"],"aromas":["Exotische Vruchten","Druivig"],"Auteur":"Stijn","quote":"Enfin une excellente bulle non alcoolis\u00e9e, avec un fruit\u00e9 agr\u00e9able et tr\u00e8s sec en bouche. Rafra\u00eechissante et parfaite pour commencer une soir\u00e9e passionnante. ","druif":["Gelber Muskateller"],"awards":"","bio":false},"_links":{"self":[{"href":"https:\/\/finewinegang.be\/fr\/wp-json\/wp\/v2\/product\/18861","targetHints":{"allow":["GET"]}}],"collection":[{"href":"https:\/\/finewinegang.be\/fr\/wp-json\/wp\/v2\/product"}],"about":[{"href":"https:\/\/finewinegang.be\/fr\/wp-json\/wp\/v2\/types\/product"}],"version-history":[{"count":1,"href":"https:\/\/finewinegang.be\/fr\/wp-json\/wp\/v2\/product\/18861\/revisions"}],"predecessor-version":[{"id":18865,"href":"https:\/\/finewinegang.be\/fr\/wp-json\/wp\/v2\/product\/18861\/revisions\/18865"}],"acf:post":[{"embeddable":true,"href":"https:\/\/finewinegang.be\/fr\/wp-json\/wp\/v2\/producent\/13131"}],"wp:featuredmedia":[{"embeddable":true,"href":"https:\/\/finewinegang.be\/fr\/wp-json\/wp\/v2\/media\/18926"}],"wp:attachment":[{"href":"https:\/\/finewinegang.be\/fr\/wp-json\/wp\/v2\/media?parent=18861"}],"wp:term":[{"taxonomy":"product_brand","embeddable":true,"href":"https:\/\/finewinegang.be\/fr\/wp-json\/wp\/v2\/product_brand?post=18861"},{"taxonomy":"product_cat","embeddable":true,"href":"https:\/\/finewinegang.be\/fr\/wp-json\/wp\/v2\/product_cat?post=18861"},{"taxonomy":"product_tag","embeddable":true,"href":"https:\/\/finewinegang.be\/fr\/wp-json\/wp\/v2\/product_tag?post=18861"}],"curies":[{"name":"wp","href":"https:\/\/api.w.org\/{rel}","templated":true}]}}