{"id":18848,"date":"2024-11-29T11:43:48","date_gmt":"2024-11-29T10:43:48","guid":{"rendered":"https:\/\/finewinegang.be\/?post_type=product&#038;p=18848"},"modified":"2026-02-09T10:10:08","modified_gmt":"2026-02-09T09:10:08","slug":"quinta-dos-carvalhais-alfrocheiro-2019","status":"publish","type":"product","link":"https:\/\/finewinegang.be\/fr\/produit\/quinta-dos-carvalhais-alfrocheiro-2019\/","title":{"rendered":"Quinta dos Carvalhais Alfrocheiro"},"content":{"rendered":"","protected":false},"excerpt":{"rendered":"<p>Quinta dos Carvalhais Alfrocheiro : des notes florales, des fruits noirs, de la r\u00e9sine et une touche de menthol. Une structure \u00e9l\u00e9gante, des tanins frais et une finale inoubliable.<\/p>\n","protected":false},"featured_media":18930,"template":"","meta":{"_acf_changed":false,"subtitle":"","day_of_the_week":"","starting_time":0,"location":"","other_location_name":"","other_location_street_number":"","other_location_zip":"","other_location_city":"","other_location_address_itinerary_link":"","other_location_email_to_keep_updated":""},"product_brand":[],"product_cat":[373,390],"product_tag":[],"class_list":{"0":"post-18848","1":"product","2":"type-product","3":"status-publish","4":"has-post-thumbnail","6":"product_cat-bouteilles","7":"product_cat-vin-rouge","8":"product_shipping_class-flessen-fr","10":"first","11":"instock","12":"taxable","13":"shipping-taxable","14":"purchasable","15":"product-type-simple"},"acf":{"jaargang":"2019","volume":75,"alcohol":13.5,"schenktemperatuur":"16\u00b0C - 18\u00b0C","Producent":[13093],"producent_search":"Quinta dos Carvalhais","cuvee":"Alfrocheiro","land":"Portugal","regio":"D\u00e3o","appellatie":"D\u00e3o","Kracht":3,"intensiteit":3,"Verouderingspotentieel":3,"smaakprofiel":["Bloemig","Evenwichtig","Fruitig"],"aromas":["Munt","Violet","Rode Vruchten"],"Auteur":"Stijn","quote":"L\u2019un des secrets les mieux gard\u00e9s du Portugal.<br><br><br> Ce c\u00e9page est difficile \u00e0 trouver, et pourtant il donne des vins remarquables.<br><br><br> Complexe, intense, et pourtant empreint de d\u00e9licatesse et de finesse.<br><br><br> On croise les doigts !<br> <br> <br>","druif":["Encruzado","S\u00e9millon","Alfrocheiro"],"awards":"","bio":false},"_links":{"self":[{"href":"https:\/\/finewinegang.be\/fr\/wp-json\/wp\/v2\/product\/18848","targetHints":{"allow":["GET"]}}],"collection":[{"href":"https:\/\/finewinegang.be\/fr\/wp-json\/wp\/v2\/product"}],"about":[{"href":"https:\/\/finewinegang.be\/fr\/wp-json\/wp\/v2\/types\/product"}],"version-history":[{"count":2,"href":"https:\/\/finewinegang.be\/fr\/wp-json\/wp\/v2\/product\/18848\/revisions"}],"predecessor-version":[{"id":24476,"href":"https:\/\/finewinegang.be\/fr\/wp-json\/wp\/v2\/product\/18848\/revisions\/24476"}],"acf:post":[{"embeddable":true,"href":"https:\/\/finewinegang.be\/fr\/wp-json\/wp\/v2\/producent\/13093"}],"wp:featuredmedia":[{"embeddable":true,"href":"https:\/\/finewinegang.be\/fr\/wp-json\/wp\/v2\/media\/18930"}],"wp:attachment":[{"href":"https:\/\/finewinegang.be\/fr\/wp-json\/wp\/v2\/media?parent=18848"}],"wp:term":[{"taxonomy":"product_brand","embeddable":true,"href":"https:\/\/finewinegang.be\/fr\/wp-json\/wp\/v2\/product_brand?post=18848"},{"taxonomy":"product_cat","embeddable":true,"href":"https:\/\/finewinegang.be\/fr\/wp-json\/wp\/v2\/product_cat?post=18848"},{"taxonomy":"product_tag","embeddable":true,"href":"https:\/\/finewinegang.be\/fr\/wp-json\/wp\/v2\/product_tag?post=18848"}],"curies":[{"name":"wp","href":"https:\/\/api.w.org\/{rel}","templated":true}]}}