{"id":18843,"date":"2024-11-29T09:53:35","date_gmt":"2024-11-29T08:53:35","guid":{"rendered":"https:\/\/finewinegang.be\/?post_type=product&#038;p=18843"},"modified":"2024-12-02T15:44:27","modified_gmt":"2024-12-02T14:44:27","slug":"opius-rubedo","status":"publish","type":"product","link":"https:\/\/finewinegang.be\/fr\/produit\/opius-rubedo\/","title":{"rendered":"Opius Rubedo"},"content":{"rendered":"","protected":false},"excerpt":{"rendered":"<p>Opius Rubedo, un \u00e9lixir \u00e0 0,0 % aux ar\u00f4mes d&rsquo;orange et de fleurs. D\u00e9couvrez l&rsquo;alchimie et l&rsquo;artisanat dans une exp\u00e9rience gustative parfaitement \u00e9quilibr\u00e9e. <\/p>\n","protected":false},"featured_media":18932,"template":"","meta":{"_acf_changed":false,"subtitle":"","day_of_the_week":"","starting_time":0,"location":"","other_location_name":"","other_location_street_number":"","other_location_zip":"","other_location_city":"","other_location_address_itinerary_link":"","other_location_email_to_keep_updated":""},"product_brand":[],"product_cat":[373,381],"product_tag":[613],"class_list":{"0":"post-18843","1":"product","2":"type-product","3":"status-publish","4":"has-post-thumbnail","6":"product_cat-bouteilles","7":"product_cat-sans-alcool","8":"product_tag-rebels-tasting","10":"first","11":"instock","12":"taxable","13":"shipping-taxable","14":"purchasable","15":"product-type-simple"},"acf":{"jaargang":"","volume":50,"alcohol":0,"schenktemperatuur":"","Producent":[17578],"producent_search":"Opius","cuvee":"Opius Rubedo","land":"Belgi\u00eb","regio":"Gand","appellatie":"Orange - Floral","Kracht":5,"intensiteit":5,"Verouderingspotentieel":1,"smaakprofiel":["Citrus","Krachtig","bitter"],"aromas":["Bloedsinaasappel","Bloemig","Veenbessen"],"Auteur":"Antoine","quote":"La premi\u00e8re fois que nous avons d\u00e9couvert ces produits, ce fut une r\u00e9v\u00e9lation : enfin une boisson sans alcool qui avait suffisamment de puissance, d'assurance et de caract\u00e8re pour rivaliser avec les meilleurs de leurs homologues alcoolis\u00e9s. \"A ne pas consommer de mani\u00e8re responsable !\" ","druif":"","awards":"","bio":false},"_links":{"self":[{"href":"https:\/\/finewinegang.be\/fr\/wp-json\/wp\/v2\/product\/18843","targetHints":{"allow":["GET"]}}],"collection":[{"href":"https:\/\/finewinegang.be\/fr\/wp-json\/wp\/v2\/product"}],"about":[{"href":"https:\/\/finewinegang.be\/fr\/wp-json\/wp\/v2\/types\/product"}],"version-history":[{"count":1,"href":"https:\/\/finewinegang.be\/fr\/wp-json\/wp\/v2\/product\/18843\/revisions"}],"predecessor-version":[{"id":18845,"href":"https:\/\/finewinegang.be\/fr\/wp-json\/wp\/v2\/product\/18843\/revisions\/18845"}],"acf:post":[{"embeddable":true,"href":"https:\/\/finewinegang.be\/fr\/wp-json\/wp\/v2\/producent\/17578"}],"wp:featuredmedia":[{"embeddable":true,"href":"https:\/\/finewinegang.be\/fr\/wp-json\/wp\/v2\/media\/18932"}],"wp:attachment":[{"href":"https:\/\/finewinegang.be\/fr\/wp-json\/wp\/v2\/media?parent=18843"}],"wp:term":[{"taxonomy":"product_brand","embeddable":true,"href":"https:\/\/finewinegang.be\/fr\/wp-json\/wp\/v2\/product_brand?post=18843"},{"taxonomy":"product_cat","embeddable":true,"href":"https:\/\/finewinegang.be\/fr\/wp-json\/wp\/v2\/product_cat?post=18843"},{"taxonomy":"product_tag","embeddable":true,"href":"https:\/\/finewinegang.be\/fr\/wp-json\/wp\/v2\/product_tag?post=18843"}],"curies":[{"name":"wp","href":"https:\/\/api.w.org\/{rel}","templated":true}]}}