{"id":18831,"date":"2024-11-28T09:09:03","date_gmt":"2024-11-28T08:09:03","guid":{"rendered":"https:\/\/finewinegang.be\/?post_type=product&#038;p=18831"},"modified":"2025-11-17T16:15:14","modified_gmt":"2025-11-17T15:15:14","slug":"berte-cordini-valmaga-2020","status":"publish","type":"product","link":"https:\/\/finewinegang.be\/fr\/produit\/berte-cordini-valmaga-2020\/","title":{"rendered":"Bert\u00e9 &amp; Cordini Valmaga 2020"},"content":{"rendered":"","protected":false},"excerpt":{"rendered":"<p>D\u00e9couvrez la finesse de Bert\u00e9 &amp; Cordini Valmaga, un vin rouge de Lombardie qui refl\u00e8te l&rsquo;\u00e9l\u00e9gance de l&rsquo;Oltrep\u00f2 Pavese DOC<\/p>\n","protected":false},"featured_media":13633,"template":"","meta":{"_acf_changed":false,"subtitle":"","day_of_the_week":"Monday","starting_time":0,"location":"ANTWERP","other_location_name":"","other_location_street_number":"","other_location_zip":"","other_location_city":"","other_location_address_itinerary_link":"","other_location_email_to_keep_updated":""},"product_brand":[],"product_cat":[373,597,390],"product_tag":[],"class_list":{"0":"post-18831","1":"product","2":"type-product","3":"status-publish","4":"has-post-thumbnail","6":"product_cat-bouteilles","7":"product_cat-local-friday-2025","8":"product_cat-vin-rouge","9":"product_shipping_class-flessen-fr","11":"first","12":"instock","13":"taxable","14":"shipping-taxable","15":"purchasable","16":"product-type-simple"},"acf":{"jaargang":"2020","volume":75,"alcohol":14,"schenktemperatuur":"14\u00b0C - 16\u00b0C","Producent":[12926],"producent_search":"Bert\u00e9 & Cordini","cuvee":"Valmaga","land":"Itali\u00eb","regio":"Lombardie","appellatie":"Oltrep\u00f2 Pavese DOC","Kracht":3,"intensiteit":3,"Verouderingspotentieel":3,"smaakprofiel":["Krachtig","Pittig","Stevig"],"aromas":["Leder","Munt","Zwart Fruit"],"Auteur":"Stijn","quote":"Il se marie avec tout ce qui est italien : p\u00e2tes, pizzas, viandes grill\u00e9es, mijot\u00e9es ou m\u00eame brais\u00e9es... Le 4X4 des vins ;-)","druif":["Barbera","Croatina"],"awards":"","bio":false},"_links":{"self":[{"href":"https:\/\/finewinegang.be\/fr\/wp-json\/wp\/v2\/product\/18831","targetHints":{"allow":["GET"]}}],"collection":[{"href":"https:\/\/finewinegang.be\/fr\/wp-json\/wp\/v2\/product"}],"about":[{"href":"https:\/\/finewinegang.be\/fr\/wp-json\/wp\/v2\/types\/product"}],"version-history":[{"count":2,"href":"https:\/\/finewinegang.be\/fr\/wp-json\/wp\/v2\/product\/18831\/revisions"}],"predecessor-version":[{"id":24296,"href":"https:\/\/finewinegang.be\/fr\/wp-json\/wp\/v2\/product\/18831\/revisions\/24296"}],"acf:post":[{"embeddable":true,"href":"https:\/\/finewinegang.be\/fr\/wp-json\/wp\/v2\/producent\/12926"}],"wp:featuredmedia":[{"embeddable":true,"href":"https:\/\/finewinegang.be\/fr\/wp-json\/wp\/v2\/media\/13633"}],"wp:attachment":[{"href":"https:\/\/finewinegang.be\/fr\/wp-json\/wp\/v2\/media?parent=18831"}],"wp:term":[{"taxonomy":"product_brand","embeddable":true,"href":"https:\/\/finewinegang.be\/fr\/wp-json\/wp\/v2\/product_brand?post=18831"},{"taxonomy":"product_cat","embeddable":true,"href":"https:\/\/finewinegang.be\/fr\/wp-json\/wp\/v2\/product_cat?post=18831"},{"taxonomy":"product_tag","embeddable":true,"href":"https:\/\/finewinegang.be\/fr\/wp-json\/wp\/v2\/product_tag?post=18831"}],"curies":[{"name":"wp","href":"https:\/\/api.w.org\/{rel}","templated":true}]}}