{"id":18826,"date":"2024-11-27T18:56:02","date_gmt":"2024-11-27T17:56:02","guid":{"rendered":"https:\/\/finewinegang.be\/?post_type=product&#038;p=18826"},"modified":"2025-11-20T21:26:15","modified_gmt":"2025-11-20T20:26:15","slug":"yalumba-the-cigar-2020","status":"publish","type":"product","link":"https:\/\/finewinegang.be\/fr\/produit\/yalumba-the-cigar-2020\/","title":{"rendered":"Yalumba The Cigar 2020"},"content":{"rendered":"","protected":false},"excerpt":{"rendered":"<p>Laissez-vous s\u00e9duire par Yalumba The Cigar, un vin rouge australien avec un caract\u00e8re puissant et une saveur profonde et complexe de baies m\u00fbres et d&rsquo;\u00e9pices.<\/p>\n","protected":false},"featured_media":13593,"template":"","meta":{"_acf_changed":false,"subtitle":"","day_of_the_week":"","starting_time":0,"location":"","other_location_name":"","other_location_street_number":"","other_location_zip":"","other_location_city":"","other_location_address_itinerary_link":"","other_location_email_to_keep_updated":""},"product_brand":[],"product_cat":[373,390],"product_tag":[615,570],"class_list":{"0":"post-18826","1":"product","2":"type-product","3":"status-publish","4":"has-post-thumbnail","6":"product_cat-bouteilles","7":"product_cat-vin-rouge","8":"product_tag-riedel-wine-glass-experience","9":"product_tag-yalumba-fr","10":"product_shipping_class-flessen-fr","12":"first","13":"instock","14":"taxable","15":"shipping-taxable","16":"purchasable","17":"product-type-simple"},"acf":{"jaargang":"2020","volume":75,"alcohol":14,"schenktemperatuur":"16\u00b0C - 18\u00b0C","Producent":[13119],"producent_search":"Yalumba","cuvee":"The Cigar","land":"Australi\u00eb","regio":"South Australia","appellatie":"Coonawarra","Kracht":4,"intensiteit":4,"Verouderingspotentieel":3,"smaakprofiel":["Matuur","Nerveus","Tanninerijk"],"aromas":["Rode Peper","Rokerig","Zwarte Bes"],"Auteur":"Antoine","quote":"Prenez l'un des plus grands c\u00e9pages au monde, plantez-le dans l'un des plus beaux terroirs que vous puissiez trouver (au passage, il s'appelle Terrarossa), cultivez-le et vinifiez-le avec soin... Vous obtiendrez ce vin s\u00e9rieusement fantastique.  ","druif":["Cabernet Sauvignon"],"awards":"","bio":false},"_links":{"self":[{"href":"https:\/\/finewinegang.be\/fr\/wp-json\/wp\/v2\/product\/18826","targetHints":{"allow":["GET"]}}],"collection":[{"href":"https:\/\/finewinegang.be\/fr\/wp-json\/wp\/v2\/product"}],"about":[{"href":"https:\/\/finewinegang.be\/fr\/wp-json\/wp\/v2\/types\/product"}],"version-history":[{"count":2,"href":"https:\/\/finewinegang.be\/fr\/wp-json\/wp\/v2\/product\/18826\/revisions"}],"predecessor-version":[{"id":18829,"href":"https:\/\/finewinegang.be\/fr\/wp-json\/wp\/v2\/product\/18826\/revisions\/18829"}],"acf:post":[{"embeddable":true,"href":"https:\/\/finewinegang.be\/fr\/wp-json\/wp\/v2\/producent\/13119"}],"wp:featuredmedia":[{"embeddable":true,"href":"https:\/\/finewinegang.be\/fr\/wp-json\/wp\/v2\/media\/13593"}],"wp:attachment":[{"href":"https:\/\/finewinegang.be\/fr\/wp-json\/wp\/v2\/media?parent=18826"}],"wp:term":[{"taxonomy":"product_brand","embeddable":true,"href":"https:\/\/finewinegang.be\/fr\/wp-json\/wp\/v2\/product_brand?post=18826"},{"taxonomy":"product_cat","embeddable":true,"href":"https:\/\/finewinegang.be\/fr\/wp-json\/wp\/v2\/product_cat?post=18826"},{"taxonomy":"product_tag","embeddable":true,"href":"https:\/\/finewinegang.be\/fr\/wp-json\/wp\/v2\/product_tag?post=18826"}],"curies":[{"name":"wp","href":"https:\/\/api.w.org\/{rel}","templated":true}]}}