{"id":17824,"date":"2024-09-13T08:55:42","date_gmt":"2024-09-13T06:55:42","guid":{"rendered":"https:\/\/finewinegang.be\/product\/carte-cadeau\/"},"modified":"2025-11-24T17:27:58","modified_gmt":"2025-11-24T16:27:58","slug":"carte-cadeau","status":"publish","type":"product","link":"https:\/\/finewinegang.be\/fr\/produit\/carte-cadeau\/","title":{"rendered":"Carte-cadeau num\u00e9rique"},"content":{"rendered":"","protected":false},"excerpt":{"rendered":"<p>Surprenez vos amis, votre famille ou vos coll\u00e8gues avec le cadeau id\u00e9al : une carte-cadeau The Fine Wine Gang. Ce carte-cadeau peut \u00eatre utilis\u00e9 aussi bien dans nos boutiques physiques que dans notre boutique en ligne, et donne acc\u00e8s \u00e0 notre gamme exclusive de vins haut de gamme, spiritueux de luxe, cigares et accessoires pour le vin. <\/p>\n<p>Qu&rsquo;il s&rsquo;agisse d&rsquo;une bouteille de vin exceptionnelle ou d&rsquo;une exp\u00e9rience de d\u00e9gustation unique, cette carte-cadeau permet au destinataire de choisir lui-m\u00eame le cadeau id\u00e9al. Disponible en plusieurs montants, il est id\u00e9al pour toutes les occasions. Vous pouvez choisir d&rsquo;envoyer la carte-cadeau directement par e-mail au destinataire ou \u00e0 votre propre adresse e-mail afin de le remettre vous-m\u00eame.  <\/p>\n","protected":false},"featured_media":16920,"template":"","meta":{"_acf_changed":false,"subtitle":"","day_of_the_week":"","starting_time":0,"location":"","other_location_name":"","other_location_street_number":"","other_location_zip":"","other_location_city":"","other_location_address_itinerary_link":"","other_location_email_to_keep_updated":""},"product_brand":[],"product_cat":[554],"product_tag":[],"class_list":{"0":"post-17824","1":"product","2":"type-product","3":"status-publish","4":"has-post-thumbnail","6":"product_cat-cadeau-fr","8":"first","9":"instock","10":"purchasable","11":"product-type-pw-gift-card"},"acf":[],"_links":{"self":[{"href":"https:\/\/finewinegang.be\/fr\/wp-json\/wp\/v2\/product\/17824","targetHints":{"allow":["GET"]}}],"collection":[{"href":"https:\/\/finewinegang.be\/fr\/wp-json\/wp\/v2\/product"}],"about":[{"href":"https:\/\/finewinegang.be\/fr\/wp-json\/wp\/v2\/types\/product"}],"version-history":[{"count":3,"href":"https:\/\/finewinegang.be\/fr\/wp-json\/wp\/v2\/product\/17824\/revisions"}],"predecessor-version":[{"id":24448,"href":"https:\/\/finewinegang.be\/fr\/wp-json\/wp\/v2\/product\/17824\/revisions\/24448"}],"wp:featuredmedia":[{"embeddable":true,"href":"https:\/\/finewinegang.be\/fr\/wp-json\/wp\/v2\/media\/16920"}],"wp:attachment":[{"href":"https:\/\/finewinegang.be\/fr\/wp-json\/wp\/v2\/media?parent=17824"}],"wp:term":[{"taxonomy":"product_brand","embeddable":true,"href":"https:\/\/finewinegang.be\/fr\/wp-json\/wp\/v2\/product_brand?post=17824"},{"taxonomy":"product_cat","embeddable":true,"href":"https:\/\/finewinegang.be\/fr\/wp-json\/wp\/v2\/product_cat?post=17824"},{"taxonomy":"product_tag","embeddable":true,"href":"https:\/\/finewinegang.be\/fr\/wp-json\/wp\/v2\/product_tag?post=17824"}],"curies":[{"name":"wp","href":"https:\/\/api.w.org\/{rel}","templated":true}]}}