{"id":17810,"date":"2024-10-21T12:51:03","date_gmt":"2024-10-21T10:51:03","guid":{"rendered":"https:\/\/finewinegang.be\/product\/calendrier-avent-raices-ibericas\/"},"modified":"2025-02-07T05:17:46","modified_gmt":"2025-02-07T04:17:46","slug":"calendrier-avent-raices-ibericas","status":"publish","type":"product","link":"https:\/\/finewinegang.be\/fr\/produit\/calendrier-avent-raices-ibericas\/","title":{"rendered":"Calendrier de l&rsquo;Avent Ra\u00edces Ib\u00e9ricas"},"content":{"rendered":"\t\t<div data-elementor-type=\"product-post\" data-elementor-id=\"17810\" class=\"elementor elementor-17810 elementor-17764\" data-elementor-post-type=\"product\">\n\t\t\t\t<div class=\"wd-negative-gap elementor-element elementor-element-0a00845 e-flex e-con-boxed e-con e-parent\" data-id=\"0a00845\" data-element_type=\"container\" data-e-type=\"container\" data-settings=\"{&quot;jet_parallax_layout_list&quot;:[]}\">\n\t\t\t\t\t<div class=\"e-con-inner\">\n\t\t<div class=\"elementor-element elementor-element-97e6115 e-con-full e-flex e-con e-child\" data-id=\"97e6115\" data-element_type=\"container\" data-e-type=\"container\" data-settings=\"{&quot;jet_parallax_layout_list&quot;:[]}\">\n\t\t\t\t<div class=\"elementor-element elementor-element-b3c92dd elementor-widget__width-initial color-scheme-inherit text-left elementor-widget elementor-widget-text-editor\" data-id=\"b3c92dd\" data-element_type=\"widget\" data-e-type=\"widget\" data-widget_type=\"text-editor.default\">\n\t\t\t\t<div class=\"elementor-widget-container\">\n\t\t\t\t\t\t\t\t\t<h2><strong>D\u00e9couvrez le premier calendrier de l&rsquo;avent pour les amateurs de vin<\/strong><\/h2>\n<p>Traversez 10 r\u00e9gions viticoles espagnoles diff\u00e9rentes et d\u00e9gustez 24 monoc\u00e9pages.<\/p>\n<p>Chaque jour, une d\u00e9gustation est propos\u00e9e, le tout sous la houlette de grands sommeliers internationaux. Gr\u00e2ce \u00e0 un code QR, vous pouvez acc\u00e9der \u00e0 une vid\u00e9o dans laquelle ils vous en disent plus sur le vin et vous guident tout au long de la d\u00e9gustation. <\/p>\n<p>Ce calendrier de l&rsquo;avent vous fera go\u00fbter \u00e0 l&rsquo;Espagne. C&rsquo;est le cadeau id\u00e9al pour tout amateur de vin. <\/p>\n<p><strong>Commandez-la d\u00e8s maintenant avec la r\u00e9duction pour l\u00e8ve-t\u00f4t. Vous paierez 135 euros au lieu de 150 euros. De plus, il vous sera livr\u00e9 gratuitement \u00e0 domicile. Faites vite car les stocks sont limit\u00e9s.   <\/strong><\/p>\n<p>Valable jusqu&rsquo;au 27 octobre ou jusqu&rsquo;\u00e0 \u00e9puisement des stocks.<\/p>\n\t\t\t\t\t\t\t\t<\/div>\n\t\t\t\t<\/div>\n\t\t\t\t<\/div>\n\t\t<div class=\"elementor-element elementor-element-fd9bfac e-con-full e-flex e-con e-child\" data-id=\"fd9bfac\" data-element_type=\"container\" data-e-type=\"container\" data-settings=\"{&quot;jet_parallax_layout_list&quot;:[]}\">\n\t\t\t\t<div class=\"elementor-element elementor-element-6da3a31 elementor-widget elementor-widget-image\" data-id=\"6da3a31\" data-element_type=\"widget\" data-e-type=\"widget\" data-widget_type=\"image.default\">\n\t\t\t\t<div class=\"elementor-widget-container\">\n\t\t\t\t\t\t\t\t\t\t\t\t\t\t\t<img decoding=\"async\" src=\"https:\/\/raicesibericas.com\/cdn\/shop\/files\/Group_38.png\" title=\"\" alt=\"\" loading=\"lazy\" \/>\t\t\t\t\t\t\t\t\t\t\t\t\t\t\t<\/div>\n\t\t\t\t<\/div>\n\t\t\t\t<\/div>\n\t\t\t\t\t<\/div>\n\t\t\t\t<\/div>\n\t\t\t\t<\/div>\n\t\t","protected":false},"excerpt":{"rendered":"<p>Offrez le cadeau id\u00e9al aux amateurs de vin ! D\u00e9couvrez l&rsquo;Espagne avec notre calendrier de l&rsquo;avent : 24 vins uniques de 10 r\u00e9gions. Chaque bouteille est accompagn\u00e9e d&rsquo;un code QR qui vous donne acc\u00e8s \u00e0 une d\u00e9gustation anim\u00e9e par un grand sommelier. (Ce calendrier contient 24 bouteilles de 4cl)  <\/p>\n","protected":false},"featured_media":17767,"template":"","meta":{"_acf_changed":false,"subtitle":"","day_of_the_week":"","starting_time":0,"location":"","other_location_name":"","other_location_street_number":"","other_location_zip":"","other_location_city":"","other_location_address_itinerary_link":"","other_location_email_to_keep_updated":""},"product_brand":[],"product_cat":[554],"product_tag":[],"class_list":{"0":"post-17810","1":"product","2":"type-product","3":"status-publish","4":"has-post-thumbnail","6":"product_cat-cadeau-fr","7":"product_shipping_class-livraison-gratuite","9":"first","10":"outofstock","11":"taxable","12":"shipping-taxable","13":"purchasable","14":"product-type-simple"},"acf":[],"_links":{"self":[{"href":"https:\/\/finewinegang.be\/fr\/wp-json\/wp\/v2\/product\/17810","targetHints":{"allow":["GET"]}}],"collection":[{"href":"https:\/\/finewinegang.be\/fr\/wp-json\/wp\/v2\/product"}],"about":[{"href":"https:\/\/finewinegang.be\/fr\/wp-json\/wp\/v2\/types\/product"}],"version-history":[{"count":4,"href":"https:\/\/finewinegang.be\/fr\/wp-json\/wp\/v2\/product\/17810\/revisions"}],"predecessor-version":[{"id":19489,"href":"https:\/\/finewinegang.be\/fr\/wp-json\/wp\/v2\/product\/17810\/revisions\/19489"}],"wp:featuredmedia":[{"embeddable":true,"href":"https:\/\/finewinegang.be\/fr\/wp-json\/wp\/v2\/media\/17767"}],"wp:attachment":[{"href":"https:\/\/finewinegang.be\/fr\/wp-json\/wp\/v2\/media?parent=17810"}],"wp:term":[{"taxonomy":"product_brand","embeddable":true,"href":"https:\/\/finewinegang.be\/fr\/wp-json\/wp\/v2\/product_brand?post=17810"},{"taxonomy":"product_cat","embeddable":true,"href":"https:\/\/finewinegang.be\/fr\/wp-json\/wp\/v2\/product_cat?post=17810"},{"taxonomy":"product_tag","embeddable":true,"href":"https:\/\/finewinegang.be\/fr\/wp-json\/wp\/v2\/product_tag?post=17810"}],"curies":[{"name":"wp","href":"https:\/\/api.w.org\/{rel}","templated":true}]}}