{"id":17629,"date":"2024-10-09T15:17:02","date_gmt":"2024-10-09T13:17:02","guid":{"rendered":"https:\/\/finewinegang.be\/product\/opius-gift-pack-nigredo\/"},"modified":"2024-10-09T15:17:02","modified_gmt":"2024-10-09T13:17:02","slug":"opius-gift-pack-nigredo","status":"publish","type":"product","link":"https:\/\/finewinegang.be\/fr\/produit\/opius-gift-pack-nigredo\/","title":{"rendered":"Opius Gift Pack Nigredo"},"content":{"rendered":"","protected":false},"excerpt":{"rendered":"<p>Un \u00e9lixir riche et doux, d\u00e9voilant de profonds ar\u00f4mes de caramel et de ch\u00eane fran\u00e7ais au nez, suivi de notes de caf\u00e9 r\u00f4ti, menant \u00e0 une subtile finale am\u00e8re. Dans ce coffret cadeau, vous trouverez une bouteille d&rsquo;Opius Nigredo accompagn\u00e9e de Ginger Beer. Id\u00e9al pour un Dark &lsquo;n Stormy. <\/p>\n","protected":false},"featured_media":24118,"template":"","meta":{"_acf_changed":false,"subtitle":"","day_of_the_week":"","starting_time":0,"location":"","other_location_name":"","other_location_street_number":"","other_location_zip":"","other_location_city":"","other_location_address_itinerary_link":"","other_location_email_to_keep_updated":""},"product_brand":[],"product_cat":[373,554,381],"product_tag":[],"class_list":{"0":"post-17629","1":"product","2":"type-product","3":"status-publish","4":"has-post-thumbnail","6":"product_cat-bouteilles","7":"product_cat-cadeau-fr","8":"product_cat-sans-alcool","10":"first","11":"instock","12":"taxable","13":"shipping-taxable","14":"purchasable","15":"product-type-simple"},"acf":{"jaargang":"","volume":50,"alcohol":0,"schenktemperatuur":"","Producent":[17578],"producent_search":"Opius","cuvee":"Opius Gift Pack Nigredo","land":"Belgi\u00eb","regio":"","appellatie":"","Kracht":5,"intensiteit":5,"Verouderingspotentieel":1,"smaakprofiel":["Krachtig","Rijk","Donker"],"aromas":["Karamel","Zoethout","Gebrande Koffie"],"Auteur":"Stijn","quote":"","druif":"","awards":"","bio":false},"_links":{"self":[{"href":"https:\/\/finewinegang.be\/fr\/wp-json\/wp\/v2\/product\/17629","targetHints":{"allow":["GET"]}}],"collection":[{"href":"https:\/\/finewinegang.be\/fr\/wp-json\/wp\/v2\/product"}],"about":[{"href":"https:\/\/finewinegang.be\/fr\/wp-json\/wp\/v2\/types\/product"}],"version-history":[{"count":0,"href":"https:\/\/finewinegang.be\/fr\/wp-json\/wp\/v2\/product\/17629\/revisions"}],"acf:post":[{"embeddable":true,"href":"https:\/\/finewinegang.be\/fr\/wp-json\/wp\/v2\/producent\/17578"}],"wp:featuredmedia":[{"embeddable":true,"href":"https:\/\/finewinegang.be\/fr\/wp-json\/wp\/v2\/media\/24118"}],"wp:attachment":[{"href":"https:\/\/finewinegang.be\/fr\/wp-json\/wp\/v2\/media?parent=17629"}],"wp:term":[{"taxonomy":"product_brand","embeddable":true,"href":"https:\/\/finewinegang.be\/fr\/wp-json\/wp\/v2\/product_brand?post=17629"},{"taxonomy":"product_cat","embeddable":true,"href":"https:\/\/finewinegang.be\/fr\/wp-json\/wp\/v2\/product_cat?post=17629"},{"taxonomy":"product_tag","embeddable":true,"href":"https:\/\/finewinegang.be\/fr\/wp-json\/wp\/v2\/product_tag?post=17629"}],"curies":[{"name":"wp","href":"https:\/\/api.w.org\/{rel}","templated":true}]}}