{"id":17616,"date":"2024-10-09T14:41:19","date_gmt":"2024-10-09T12:41:19","guid":{"rendered":"https:\/\/finewinegang.be\/product\/opius-gift-pack-albedo\/"},"modified":"2024-10-09T14:41:19","modified_gmt":"2024-10-09T12:41:19","slug":"opius-gift-pack-albedo","status":"publish","type":"product","link":"https:\/\/finewinegang.be\/fr\/produit\/opius-gift-pack-albedo\/","title":{"rendered":"Opius Gift Pack Albedo"},"content":{"rendered":"","protected":false},"excerpt":{"rendered":"<p>\u00c9lixir sophistiqu\u00e9 avec un ar\u00f4me intense d\u2019anis, suivi de douces notes herbac\u00e9es de clou de girofle et de cardamome en bouche, se terminant par une subtile amertume en finale. En plus de l&rsquo;Opius Albedo, il y a \u00e9galement une tonic m\u00e9diterran\u00e9enne dans cet emballage cadeau. La combinaison id\u00e9ale pour un Mediterranean Spritz. <\/p>\n","protected":false},"featured_media":17637,"template":"","meta":{"_acf_changed":false,"subtitle":"","day_of_the_week":"","starting_time":0,"location":"","other_location_name":"","other_location_street_number":"","other_location_zip":"","other_location_city":"","other_location_address_itinerary_link":"","other_location_email_to_keep_updated":""},"product_brand":[],"product_cat":[373,554,381],"product_tag":[],"class_list":{"0":"post-17616","1":"product","2":"type-product","3":"status-publish","4":"has-post-thumbnail","6":"product_cat-bouteilles","7":"product_cat-cadeau-fr","8":"product_cat-sans-alcool","10":"first","11":"instock","12":"taxable","13":"shipping-taxable","14":"purchasable","15":"product-type-simple"},"acf":{"jaargang":"","volume":50,"alcohol":0,"schenktemperatuur":"","Producent":[17578],"producent_search":"Opius","cuvee":"Opius Gift Pack Albedo","land":"Belgi\u00eb","regio":"","appellatie":"","Kracht":5,"intensiteit":1,"Verouderingspotentieel":"","smaakprofiel":["Complex","Intens","Verfrissend","Subtiel"],"aromas":["Munt","Anijs","Kardemom"],"Auteur":"Stijn","quote":"","druif":"","awards":"","bio":false},"_links":{"self":[{"href":"https:\/\/finewinegang.be\/fr\/wp-json\/wp\/v2\/product\/17616","targetHints":{"allow":["GET"]}}],"collection":[{"href":"https:\/\/finewinegang.be\/fr\/wp-json\/wp\/v2\/product"}],"about":[{"href":"https:\/\/finewinegang.be\/fr\/wp-json\/wp\/v2\/types\/product"}],"version-history":[{"count":0,"href":"https:\/\/finewinegang.be\/fr\/wp-json\/wp\/v2\/product\/17616\/revisions"}],"acf:post":[{"embeddable":true,"href":"https:\/\/finewinegang.be\/fr\/wp-json\/wp\/v2\/producent\/17578"}],"wp:featuredmedia":[{"embeddable":true,"href":"https:\/\/finewinegang.be\/fr\/wp-json\/wp\/v2\/media\/17637"}],"wp:attachment":[{"href":"https:\/\/finewinegang.be\/fr\/wp-json\/wp\/v2\/media?parent=17616"}],"wp:term":[{"taxonomy":"product_brand","embeddable":true,"href":"https:\/\/finewinegang.be\/fr\/wp-json\/wp\/v2\/product_brand?post=17616"},{"taxonomy":"product_cat","embeddable":true,"href":"https:\/\/finewinegang.be\/fr\/wp-json\/wp\/v2\/product_cat?post=17616"},{"taxonomy":"product_tag","embeddable":true,"href":"https:\/\/finewinegang.be\/fr\/wp-json\/wp\/v2\/product_tag?post=17616"}],"curies":[{"name":"wp","href":"https:\/\/api.w.org\/{rel}","templated":true}]}}