{"id":17609,"date":"2024-10-09T14:28:08","date_gmt":"2024-10-09T12:28:08","guid":{"rendered":"https:\/\/finewinegang.be\/product\/opius-nigredo\/"},"modified":"2024-10-09T14:28:08","modified_gmt":"2024-10-09T12:28:08","slug":"opius-nigredo","status":"publish","type":"product","link":"https:\/\/finewinegang.be\/fr\/produit\/opius-nigredo\/","title":{"rendered":"Opius Nigredo"},"content":{"rendered":"","protected":false},"excerpt":{"rendered":"<p>Un \u00e9lixir riche et doux, d\u00e9voilant de profonds ar\u00f4mes de caramel et de ch\u00eane fran\u00e7ais au nez, suivi de notes de caf\u00e9 r\u00f4ti, menant \u00e0 une subtile finale am\u00e8re.<\/p>\n","protected":false},"featured_media":17607,"template":"","meta":{"_acf_changed":false,"subtitle":"","day_of_the_week":"","starting_time":0,"location":"","other_location_name":"","other_location_street_number":"","other_location_zip":"","other_location_city":"","other_location_address_itinerary_link":"","other_location_email_to_keep_updated":""},"product_brand":[],"product_cat":[373,381],"product_tag":[613],"class_list":{"0":"post-17609","1":"product","2":"type-product","3":"status-publish","4":"has-post-thumbnail","6":"product_cat-bouteilles","7":"product_cat-sans-alcool","8":"product_tag-rebels-tasting","10":"first","11":"instock","12":"taxable","13":"shipping-taxable","14":"purchasable","15":"product-type-simple"},"acf":{"jaargang":"","volume":50,"alcohol":0,"schenktemperatuur":"","Producent":[17578],"producent_search":"Opius","cuvee":"Opius Nigredo","land":"Belgi\u00eb","regio":"","appellatie":"","Kracht":"","intensiteit":"","Verouderingspotentieel":"","smaakprofiel":["Kruidig","Rijk","bitter"],"aromas":["Eiktoetsen","Karamel","Gebrande Koffie"],"Auteur":"Stijn","quote":"","druif":"","awards":"","bio":false},"_links":{"self":[{"href":"https:\/\/finewinegang.be\/fr\/wp-json\/wp\/v2\/product\/17609","targetHints":{"allow":["GET"]}}],"collection":[{"href":"https:\/\/finewinegang.be\/fr\/wp-json\/wp\/v2\/product"}],"about":[{"href":"https:\/\/finewinegang.be\/fr\/wp-json\/wp\/v2\/types\/product"}],"version-history":[{"count":0,"href":"https:\/\/finewinegang.be\/fr\/wp-json\/wp\/v2\/product\/17609\/revisions"}],"acf:post":[{"embeddable":true,"href":"https:\/\/finewinegang.be\/fr\/wp-json\/wp\/v2\/producent\/17578"}],"wp:featuredmedia":[{"embeddable":true,"href":"https:\/\/finewinegang.be\/fr\/wp-json\/wp\/v2\/media\/17607"}],"wp:attachment":[{"href":"https:\/\/finewinegang.be\/fr\/wp-json\/wp\/v2\/media?parent=17609"}],"wp:term":[{"taxonomy":"product_brand","embeddable":true,"href":"https:\/\/finewinegang.be\/fr\/wp-json\/wp\/v2\/product_brand?post=17609"},{"taxonomy":"product_cat","embeddable":true,"href":"https:\/\/finewinegang.be\/fr\/wp-json\/wp\/v2\/product_cat?post=17609"},{"taxonomy":"product_tag","embeddable":true,"href":"https:\/\/finewinegang.be\/fr\/wp-json\/wp\/v2\/product_tag?post=17609"}],"curies":[{"name":"wp","href":"https:\/\/api.w.org\/{rel}","templated":true}]}}