{"id":17603,"date":"2024-10-09T14:19:42","date_gmt":"2024-10-09T12:19:42","guid":{"rendered":"https:\/\/finewinegang.be\/product\/opius-amaro\/"},"modified":"2024-10-09T14:19:42","modified_gmt":"2024-10-09T12:19:42","slug":"opius-amaro","status":"publish","type":"product","link":"https:\/\/finewinegang.be\/fr\/produit\/opius-amaro\/","title":{"rendered":"Opius Amaro"},"content":{"rendered":"","protected":false},"excerpt":{"rendered":"<p>\u00c9lixir herbac\u00e9 avec des ar\u00f4mes d&rsquo;agrumes prononc\u00e9s, suivi de notes florales d&rsquo;absinthe en bouche, et une finale am\u00e8re satisfaisante.<\/p>\n","protected":false},"featured_media":17599,"template":"","meta":{"_acf_changed":false,"subtitle":"","day_of_the_week":"","starting_time":0,"location":"","other_location_name":"","other_location_street_number":"","other_location_zip":"","other_location_city":"","other_location_address_itinerary_link":"","other_location_email_to_keep_updated":""},"product_brand":[],"product_cat":[373,381],"product_tag":[613],"class_list":{"0":"post-17603","1":"product","2":"type-product","3":"status-publish","4":"has-post-thumbnail","6":"product_cat-bouteilles","7":"product_cat-sans-alcool","8":"product_tag-rebels-tasting","10":"first","11":"instock","12":"taxable","13":"shipping-taxable","14":"purchasable","15":"product-type-simple"},"acf":{"jaargang":"","volume":50,"alcohol":0,"schenktemperatuur":"","Producent":[17578],"producent_search":"Opius","cuvee":"Opius Amaro","land":"Belgi\u00eb","regio":"","appellatie":"","Kracht":5,"intensiteit":5,"Verouderingspotentieel":1,"smaakprofiel":["Fris","bitter","Lente-achtig"],"aromas":["Citrus","Kruidig"],"Auteur":"Stijn","quote":"","druif":"","awards":"","bio":false},"_links":{"self":[{"href":"https:\/\/finewinegang.be\/fr\/wp-json\/wp\/v2\/product\/17603","targetHints":{"allow":["GET"]}}],"collection":[{"href":"https:\/\/finewinegang.be\/fr\/wp-json\/wp\/v2\/product"}],"about":[{"href":"https:\/\/finewinegang.be\/fr\/wp-json\/wp\/v2\/types\/product"}],"version-history":[{"count":0,"href":"https:\/\/finewinegang.be\/fr\/wp-json\/wp\/v2\/product\/17603\/revisions"}],"acf:post":[{"embeddable":true,"href":"https:\/\/finewinegang.be\/fr\/wp-json\/wp\/v2\/producent\/17578"}],"wp:featuredmedia":[{"embeddable":true,"href":"https:\/\/finewinegang.be\/fr\/wp-json\/wp\/v2\/media\/17599"}],"wp:attachment":[{"href":"https:\/\/finewinegang.be\/fr\/wp-json\/wp\/v2\/media?parent=17603"}],"wp:term":[{"taxonomy":"product_brand","embeddable":true,"href":"https:\/\/finewinegang.be\/fr\/wp-json\/wp\/v2\/product_brand?post=17603"},{"taxonomy":"product_cat","embeddable":true,"href":"https:\/\/finewinegang.be\/fr\/wp-json\/wp\/v2\/product_cat?post=17603"},{"taxonomy":"product_tag","embeddable":true,"href":"https:\/\/finewinegang.be\/fr\/wp-json\/wp\/v2\/product_tag?post=17603"}],"curies":[{"name":"wp","href":"https:\/\/api.w.org\/{rel}","templated":true}]}}