{"id":17591,"date":"2024-10-09T14:13:09","date_gmt":"2024-10-09T12:13:09","guid":{"rendered":"https:\/\/finewinegang.be\/?post_type=product&#038;p=17591"},"modified":"2024-11-27T09:45:34","modified_gmt":"2024-11-27T08:45:34","slug":"opius-albedo","status":"publish","type":"product","link":"https:\/\/finewinegang.be\/fr\/produit\/opius-albedo\/","title":{"rendered":"Opius Albedo"},"content":{"rendered":"<div class=\"flex max-w-full flex-col flex-grow\">\n<div class=\"min-h-8 text-message flex w-full flex-col items-end gap-2 whitespace-normal break-words [.text-message+&amp;]:mt-5\" dir=\"auto\" data-message-author-role=\"assistant\" data-message-id=\"598a7a48-dfc3-4921-88c8-d384c15a5054\" data-message-model-slug=\"gpt-4o\">\n<div class=\"flex w-full flex-col gap-1 empty:hidden first:pt-[3px]\">\n<div class=\"markdown prose w-full break-words dark:prose-invert light\">\n<p>\u00c9lixir sophistiqu\u00e9 avec un ar\u00f4me intense d\u2019anis, suivi de douces notes herbac\u00e9es de clou de girofle et de cardamome en bouche, se terminant par une subtile amertume en finale.<\/p>\n<\/div>\n<\/div>\n<\/div>\n<\/div>\n","protected":false},"excerpt":{"rendered":"<p>\u00c9lixir sophistiqu\u00e9 avec un ar\u00f4me intense d\u2019anis, suivi de douces notes herbac\u00e9es de clou de girofle et de cardamome en bouche, se terminant par une subtile amertume en finale.<\/p>\n","protected":false},"featured_media":17584,"template":"","meta":{"_acf_changed":false,"subtitle":"","day_of_the_week":"","starting_time":0,"location":"","other_location_name":"","other_location_street_number":"","other_location_zip":"","other_location_city":"","other_location_address_itinerary_link":"","other_location_email_to_keep_updated":""},"product_brand":[],"product_cat":[373,381],"product_tag":[613],"class_list":{"0":"post-17591","1":"product","2":"type-product","3":"status-publish","4":"has-post-thumbnail","6":"product_cat-bouteilles","7":"product_cat-sans-alcool","8":"product_tag-rebels-tasting","10":"first","11":"instock","12":"taxable","13":"shipping-taxable","14":"purchasable","15":"product-type-simple"},"acf":{"jaargang":"","volume":50,"alcohol":0,"schenktemperatuur":"","Producent":[17578],"producent_search":"Opius","cuvee":"Opius Albedo","land":"Belgi\u00eb","regio":"Gand","appellatie":"","Kracht":5,"intensiteit":5,"Verouderingspotentieel":1,"smaakprofiel":["Intens","Verfrissend","Subtiel"],"aromas":["Anijs","Kardemom","Munt"],"Auteur":"Stijn","quote":"La premi\u00e8re fois que nous avons d\u00e9couvert ces produits, ce fut une r\u00e9v\u00e9lation : enfin une boisson sans alcool qui avait suffisamment de puissance, d'assurance et de caract\u00e8re pour rivaliser avec les meilleurs de leurs homologues alcoolis\u00e9s. \"A ne pas consommer de mani\u00e8re responsable !\" \n","druif":"","awards":"","bio":false},"_links":{"self":[{"href":"https:\/\/finewinegang.be\/fr\/wp-json\/wp\/v2\/product\/17591","targetHints":{"allow":["GET"]}}],"collection":[{"href":"https:\/\/finewinegang.be\/fr\/wp-json\/wp\/v2\/product"}],"about":[{"href":"https:\/\/finewinegang.be\/fr\/wp-json\/wp\/v2\/types\/product"}],"version-history":[{"count":1,"href":"https:\/\/finewinegang.be\/fr\/wp-json\/wp\/v2\/product\/17591\/revisions"}],"predecessor-version":[{"id":17594,"href":"https:\/\/finewinegang.be\/fr\/wp-json\/wp\/v2\/product\/17591\/revisions\/17594"}],"acf:post":[{"embeddable":true,"href":"https:\/\/finewinegang.be\/fr\/wp-json\/wp\/v2\/producent\/17578"}],"wp:featuredmedia":[{"embeddable":true,"href":"https:\/\/finewinegang.be\/fr\/wp-json\/wp\/v2\/media\/17584"}],"wp:attachment":[{"href":"https:\/\/finewinegang.be\/fr\/wp-json\/wp\/v2\/media?parent=17591"}],"wp:term":[{"taxonomy":"product_brand","embeddable":true,"href":"https:\/\/finewinegang.be\/fr\/wp-json\/wp\/v2\/product_brand?post=17591"},{"taxonomy":"product_cat","embeddable":true,"href":"https:\/\/finewinegang.be\/fr\/wp-json\/wp\/v2\/product_cat?post=17591"},{"taxonomy":"product_tag","embeddable":true,"href":"https:\/\/finewinegang.be\/fr\/wp-json\/wp\/v2\/product_tag?post=17591"}],"curies":[{"name":"wp","href":"https:\/\/api.w.org\/{rel}","templated":true}]}}