{"id":17518,"date":"2024-10-08T15:03:22","date_gmt":"2024-10-08T13:03:22","guid":{"rendered":"https:\/\/finewinegang.be\/?post_type=product&#038;p=17518"},"modified":"2024-10-08T16:29:42","modified_gmt":"2024-10-08T14:29:42","slug":"the-winemaker-series-marimar-estate","status":"publish","type":"product","link":"https:\/\/finewinegang.be\/fr\/produit\/the-winemaker-series-marimar-estate\/","title":{"rendered":"The winemaker series: Marimar Estate"},"content":{"rendered":"\t\t<div data-elementor-type=\"product-post\" data-elementor-id=\"17518\" class=\"elementor elementor-17518\" data-elementor-post-type=\"product\">\n\t\t\t\t<div class=\"wd-negative-gap elementor-element elementor-element-f1cbd68 e-flex e-con-boxed e-con e-parent\" data-id=\"f1cbd68\" data-element_type=\"container\" data-e-type=\"container\" data-settings=\"{&quot;jet_parallax_layout_list&quot;:[]}\">\n\t\t\t\t\t<div class=\"e-con-inner\">\n\t\t<div class=\"elementor-element elementor-element-bad08d6 e-con-full e-flex e-con e-child\" data-id=\"bad08d6\" data-element_type=\"container\" data-e-type=\"container\" data-settings=\"{&quot;jet_parallax_layout_list&quot;:[]}\">\n\t\t\t\t<div class=\"elementor-element elementor-element-c658e63 elementor-widget elementor-widget-wd_text_block\" data-id=\"c658e63\" data-element_type=\"widget\" data-e-type=\"widget\" data-widget_type=\"wd_text_block.default\">\n\t\t\t\t<div class=\"elementor-widget-container\">\n\t\t\t\t\t\t\t<div class=\"wd-text-block reset-last-child text-left\">\n\t\t\t\n\t\t\t<p>Marimar Torres n'est pas un nom comme un autre dans le monde du vin ; cette femme est une l\u00e9gende vivante. Descendante de la c\u00e9l\u00e8bre famille espagnole Torres, son avenir dans le vin semblait tout trac\u00e9, mais Marimar a choisi sa propre voie. Elle s'est install\u00e9e en Californie et a cr\u00e9\u00e9 son propre vignoble, donnant ainsi naissance \u00e0 Marimar Estate.  <\/p><p>Au cours de cette Masterclass, Marimar Torres va vous raconter en personne son histoire fascinante et vous pr\u00e9senter le tr\u00e8s impressionnant \u00e9ventail des vins de son domaine. D\u00e9gustez ces vins exceptionnels et partez \u00e0 la rencontre d\u2019une femme viticultrice et de terroirs uniques qui l\u2019ont \u00e0 l\u2019\u00e9poque s\u00e9duite, loin de son Espagne natale. <\/p><p>Cette Masterclass sera donn\u00e9e en anglais.<\/p>\n\t\t\t\t\t<\/div>\n\t\t\t\t\t\t<\/div>\n\t\t\t\t<\/div>\n\t\t\t\t<\/div>\n\t\t<div class=\"elementor-element elementor-element-6d9e964 e-con-full e-flex e-con e-child\" data-id=\"6d9e964\" data-element_type=\"container\" data-e-type=\"container\" data-settings=\"{&quot;background_background&quot;:&quot;classic&quot;,&quot;jet_parallax_layout_list&quot;:[]}\">\n\t\t\t\t<\/div>\n\t\t\t\t\t<\/div>\n\t\t\t\t<\/div>\n\t\t<div class=\"wd-negative-gap elementor-element elementor-element-0cb4c63 e-flex e-con-boxed e-con e-parent\" data-id=\"0cb4c63\" data-element_type=\"container\" data-e-type=\"container\" data-settings=\"{&quot;jet_parallax_layout_list&quot;:[]}\">\n\t\t\t\t\t<div class=\"e-con-inner\">\n\t\t\t\t<div class=\"elementor-element elementor-element-daf0729 elementor-widget elementor-widget-heading\" data-id=\"daf0729\" data-element_type=\"widget\" data-e-type=\"widget\" data-widget_type=\"heading.default\">\n\t\t\t\t<div class=\"elementor-widget-container\">\n\t\t\t\t\t<h2 class=\"elementor-heading-title elementor-size-default\">Quelques-uns de nos produits du domaine Marimar :<\/h2>\t\t\t\t<\/div>\n\t\t\t\t<\/div>\n\t\t\t\t<div class=\"elementor-element elementor-element-36e0434 wd-width-100 elementor-widget elementor-widget-wd_products\" data-id=\"36e0434\" data-element_type=\"widget\" data-e-type=\"widget\" data-widget_type=\"wd_products.default\">\n\t\t\t\t<div class=\"elementor-widget-container\">\n\t\t\t\t\t\t\t\t\n\t\t\t<div id=\"carousel-590\" class=\"wd-carousel-container  wd-products-element wd-products products\">\n\t\t\t\t\n\t\t\t\t\t\t\t\n\t\t\t\t<div class=\"wd-carousel-inner\">\n\t\t\t\t\t<div class=\" wd-carousel wd-grid\"  data-grid-gallery='{\"grid_gallery\":\"1\",\"grid_gallery_control\":\"hover\",\"grid_gallery_enable_arrows\":\"none\"}' data-speed=\"5000\" data-autoplay=\"yes\" data-scroll_per_page=\"yes\" style=\"--wd-col-lg:3;--wd-col-md:3;--wd-col-sm:2;--wd-gap-lg:20px;--wd-gap-sm:10px;\">\n\t\t\t\t\t\t<div class=\"wd-carousel-wrap\">\n\t\t\t\t\t\t\t\t\t<div class=\"wd-carousel-item\">\n\t\t\t\t\t\t\t\t\t\t\t<div class=\"wd-product wd-hover-tiled product-grid-item product type-product post-13673 status-publish instock product_cat-bouteilles product_cat-vin-blanc product_tag-marimar-estate-fr has-post-thumbnail taxable shipping-taxable purchasable product-type-simple\" data-loop=\"1\" data-id=\"13673\">\n\t\n\t\n<div class=\"product-wrapper\">\n\t<div class=\"product-element-top wd-quick-shop\">\n\t\t<a href=\"https:\/\/finewinegang.be\/fr\/produit\/marimar-estate-albarino-don-miguel-vineyard-2020\/\" class=\"product-image-link\" tabindex=\"-1\" aria-label=\"Marimar Estate Albari\u00f1o &lsquo;Don Miguel Vineyard&rsquo; 2020\">\n\t\t\t<img loading=\"lazy\" decoding=\"async\" width=\"683\" height=\"1024\" src=\"https:\/\/finewinegang.be\/wp-content\/uploads\/2024\/05\/Marimar-Estate-La-Masia-Don-Miguel-Vineyard-Albarino.jpg\" class=\"attachment-large size-large\" alt=\"\" \/>\t\t<\/a>\n\n\t\t\n\t\t<div class=\"wd-buttons wd-pos-r-t\">\n\t\t\t\t\t\t<div class=\"wd-add-btn wd-action-btn wd-style-icon wd-add-cart-icon\"><a href=\"\/fr\/wp-json\/wp\/v2\/product\/17518?add-to-cart=13673\" aria-describedby=\"woocommerce_loop_add_to_cart_link_describedby_13673\" data-quantity=\"1\" class=\"button product_type_simple add_to_cart_button ajax_add_to_cart add-to-cart-loop\" data-product_id=\"13673\" data-product_sku=\"ToMaWH03200750\" aria-label=\"Ajouter au panier\u00a0: &ldquo;Marimar Estate Albari\u00f1o &#039;Don Miguel Vineyard&#039; 2020&rdquo;\" rel=\"nofollow\" data-success_message=\"\u00ab\u00a0Marimar Estate Albari\u00f1o &#039;Don Miguel Vineyard&#039; 2020\u00a0\u00bb a \u00e9t\u00e9 ajout\u00e9 \u00e0 votre panier\" role=\"button\"><span>Ajouter au panier<\/span><\/a>\t<span id=\"woocommerce_loop_add_to_cart_link_describedby_13673\" class=\"screen-reader-text\">\n\t\t\t<\/span>\n<\/div>\n\t\t\t\t\t<div class=\"quick-view wd-action-btn wd-style-icon wd-quick-view-icon\">\n\t\t\t<a\n\t\t\t\thref=\"https:\/\/finewinegang.be\/fr\/produit\/marimar-estate-albarino-don-miguel-vineyard-2020\/\"\n\t\t\t\tclass=\"open-quick-view quick-view-button\"\n\t\t\t\trel=\"nofollow\"\n\t\t\t\tdata-id=\"13673\"\n\t\t\t\t>Quick view<\/a>\n\t\t<\/div>\n\t\t\t\t\t\t\t\t\t\t\t<div class=\"wd-wishlist-btn wd-action-btn wd-style-icon wd-wishlist-icon\">\n\t\t\t\t<a class=\"\" href=\"https:\/\/finewinegang.be\/fr\/produit\/marimar-estate-albarino-don-miguel-vineyard-2020\/\" data-key=\"7a9cc12219\" data-product-id=\"13423\" rel=\"nofollow\" data-added-text=\"Browse wishlist\">\n\t\t\t\t\t<span class=\"wd-added-icon\"><\/span>\n\t\t\t\t\t<span class=\"wd-action-text\">Add to wishlist<\/span>\n\t\t\t\t<\/a>\n\t\t\t<\/div>\n\t\t\t\t<\/div>\n\t<\/div>\n\n\t<div class=\"product-element-bottom\">\n\t\t<h3 class=\"wd-entities-title\"><a href=\"https:\/\/finewinegang.be\/fr\/produit\/marimar-estate-albarino-don-miguel-vineyard-2020\/\">Marimar Estate Albari\u00f1o &lsquo;Don Miguel Vineyard&rsquo; 2020<\/a><\/h3>\t\t\t\t<div class=\"wd-product-cats\">\n\t\t\t<a href=\"https:\/\/finewinegang.be\/fr\/categorie-produit\/bouteilles\/vins\/vin-blanc\/\" rel=\"tag\">Vin blanc<\/a>, <a href=\"https:\/\/finewinegang.be\/fr\/categorie-produit\/bouteilles\/\" rel=\"tag\">Bouteilles<\/a>\t\t<\/div>\n\t\t\t\t\t\t\t\t\t\t\n\t<span class=\"price\"><span class=\"woocommerce-Price-amount amount\"><bdi><span class=\"woocommerce-Price-currencySymbol\">&euro;<\/span>45,00<\/bdi><\/span> <small class=\"woocommerce-price-suffix\">TVA incl.<\/small><\/span>\n\n\t\t\n\t\t\t\t\n\t\t\t<\/div>\n<\/div>\n<\/div>\n\t\t\t\t\t<\/div>\n\t\t\t\t<div class=\"wd-carousel-item\">\n\t\t\t\t\t\t\t\t\t\t\t<div class=\"wd-product wd-hover-tiled product-grid-item product type-product post-13584 status-publish instock product_cat-bouteilles product_cat-vin-rouge product_tag-marimar-estate-fr has-post-thumbnail taxable shipping-taxable purchasable product-type-simple\" data-loop=\"2\" data-id=\"13584\">\n\t\n\t\n<div class=\"product-wrapper\">\n\t<div class=\"product-element-top wd-quick-shop\">\n\t\t<a href=\"https:\/\/finewinegang.be\/fr\/produit\/marimar-estate-la-masia-pinot-noir-don-miguel-vineyard-2019\/\" class=\"product-image-link\" tabindex=\"-1\" aria-label=\"Marimar Estate La Masia Pinot Noir &lsquo;Don Miguel Vineyard&rsquo; 2019\">\n\t\t\t<img loading=\"lazy\" decoding=\"async\" width=\"683\" height=\"1024\" src=\"https:\/\/finewinegang.be\/wp-content\/uploads\/2024\/05\/Marimar-Estate-La-Masia-Pinot-Noir.jpg\" class=\"attachment-large size-large\" alt=\"\" \/>\t\t<\/a>\n\n\t\t\n\t\t<div class=\"wd-buttons wd-pos-r-t\">\n\t\t\t\t\t\t<div class=\"wd-add-btn wd-action-btn wd-style-icon wd-add-cart-icon\"><a href=\"\/fr\/wp-json\/wp\/v2\/product\/17518?add-to-cart=13584\" aria-describedby=\"woocommerce_loop_add_to_cart_link_describedby_13584\" data-quantity=\"1\" class=\"button product_type_simple add_to_cart_button ajax_add_to_cart add-to-cart-loop\" data-product_id=\"13584\" data-product_sku=\"ToMaRE00190750\" aria-label=\"Ajouter au panier\u00a0: &ldquo;Marimar Estate La Masia Pinot Noir &#039;Don Miguel Vineyard&#039; 2019&rdquo;\" rel=\"nofollow\" data-success_message=\"\u00ab\u00a0Marimar Estate La Masia Pinot Noir &#039;Don Miguel Vineyard&#039; 2019\u00a0\u00bb a \u00e9t\u00e9 ajout\u00e9 \u00e0 votre panier\" role=\"button\"><span>Ajouter au panier<\/span><\/a>\t<span id=\"woocommerce_loop_add_to_cart_link_describedby_13584\" class=\"screen-reader-text\">\n\t\t\t<\/span>\n<\/div>\n\t\t\t\t\t<div class=\"quick-view wd-action-btn wd-style-icon wd-quick-view-icon\">\n\t\t\t<a\n\t\t\t\thref=\"https:\/\/finewinegang.be\/fr\/produit\/marimar-estate-la-masia-pinot-noir-don-miguel-vineyard-2019\/\"\n\t\t\t\tclass=\"open-quick-view quick-view-button\"\n\t\t\t\trel=\"nofollow\"\n\t\t\t\tdata-id=\"13584\"\n\t\t\t\t>Quick view<\/a>\n\t\t<\/div>\n\t\t\t\t\t\t\t\t\t\t\t<div class=\"wd-wishlist-btn wd-action-btn wd-style-icon wd-wishlist-icon\">\n\t\t\t\t<a class=\"\" href=\"https:\/\/finewinegang.be\/fr\/produit\/marimar-estate-la-masia-pinot-noir-don-miguel-vineyard-2019\/\" data-key=\"7a9cc12219\" data-product-id=\"13458\" rel=\"nofollow\" data-added-text=\"Browse wishlist\">\n\t\t\t\t\t<span class=\"wd-added-icon\"><\/span>\n\t\t\t\t\t<span class=\"wd-action-text\">Add to wishlist<\/span>\n\t\t\t\t<\/a>\n\t\t\t<\/div>\n\t\t\t\t<\/div>\n\t<\/div>\n\n\t<div class=\"product-element-bottom\">\n\t\t<h3 class=\"wd-entities-title\"><a href=\"https:\/\/finewinegang.be\/fr\/produit\/marimar-estate-la-masia-pinot-noir-don-miguel-vineyard-2019\/\">Marimar Estate La Masia Pinot Noir &lsquo;Don Miguel Vineyard&rsquo; 2019<\/a><\/h3>\t\t\t\t<div class=\"wd-product-cats\">\n\t\t\t<a href=\"https:\/\/finewinegang.be\/fr\/categorie-produit\/bouteilles\/vins\/vin-rouge\/\" rel=\"tag\">Vin rouge<\/a>, <a href=\"https:\/\/finewinegang.be\/fr\/categorie-produit\/bouteilles\/\" rel=\"tag\">Bouteilles<\/a>\t\t<\/div>\n\t\t\t\t\t\t\t\t\t\t\n\t<span class=\"price\"><span class=\"woocommerce-Price-amount amount\"><bdi><span class=\"woocommerce-Price-currencySymbol\">&euro;<\/span>55,00<\/bdi><\/span> <small class=\"woocommerce-price-suffix\">TVA incl.<\/small><\/span>\n\n\t\t\n\t\t\t\t\n\t\t\t<\/div>\n<\/div>\n<\/div>\n\t\t\t\t\t<\/div>\n\t\t\t\t<div class=\"wd-carousel-item\">\n\t\t\t\t\t\t\t\t\t\t\t<div class=\"wd-product wd-hover-tiled product-grid-item product type-product post-24102 status-publish last instock product_cat-bouteilles product_cat-vin-rouge product_tag-marimar-estate-fr has-post-thumbnail taxable shipping-taxable purchasable product-type-simple\" data-loop=\"3\" data-id=\"24102\">\n\t\n\t\n<div class=\"product-wrapper\">\n\t<div class=\"product-element-top wd-quick-shop\">\n\t\t<a href=\"https:\/\/finewinegang.be\/fr\/produit\/marimar-estate-mas-cavalls-dona-margarita-vineyard-2019\/\" class=\"product-image-link\" tabindex=\"-1\" aria-label=\"Marimar Estate Mas Cavalls &lsquo;Do\u00f1a Margarita Vineyard&rsquo; 2019\">\n\t\t\t<img loading=\"lazy\" decoding=\"async\" width=\"683\" height=\"1024\" src=\"https:\/\/finewinegang.be\/wp-content\/uploads\/2024\/05\/Marimar-Estate-Mas-Cavalls.jpg\" class=\"attachment-large size-large\" alt=\"\" \/>\t\t<\/a>\n\n\t\t\n\t\t<div class=\"wd-buttons wd-pos-r-t\">\n\t\t\t\t\t\t<div class=\"wd-add-btn wd-action-btn wd-style-icon wd-add-cart-icon\"><a href=\"\/fr\/wp-json\/wp\/v2\/product\/17518?add-to-cart=24102\" aria-describedby=\"woocommerce_loop_add_to_cart_link_describedby_24102\" data-quantity=\"1\" class=\"button product_type_simple add_to_cart_button ajax_add_to_cart add-to-cart-loop\" data-product_id=\"24102\" data-product_sku=\"ToMaRE01190750\" aria-label=\"Ajouter au panier\u00a0: &ldquo;Marimar Estate Mas Cavalls &#039;Do\u00f1a Margarita Vineyard&#039; 2019&rdquo;\" rel=\"nofollow\" data-success_message=\"\u00ab\u00a0Marimar Estate Mas Cavalls &#039;Do\u00f1a Margarita Vineyard&#039; 2019\u00a0\u00bb a \u00e9t\u00e9 ajout\u00e9 \u00e0 votre panier\" role=\"button\"><span>Ajouter au panier<\/span><\/a>\t<span id=\"woocommerce_loop_add_to_cart_link_describedby_24102\" class=\"screen-reader-text\">\n\t\t\t<\/span>\n<\/div>\n\t\t\t\t\t<div class=\"quick-view wd-action-btn wd-style-icon wd-quick-view-icon\">\n\t\t\t<a\n\t\t\t\thref=\"https:\/\/finewinegang.be\/fr\/produit\/marimar-estate-mas-cavalls-dona-margarita-vineyard-2019\/\"\n\t\t\t\tclass=\"open-quick-view quick-view-button\"\n\t\t\t\trel=\"nofollow\"\n\t\t\t\tdata-id=\"24102\"\n\t\t\t\t>Quick view<\/a>\n\t\t<\/div>\n\t\t\t\t\t\t\t\t\t\t\t<div class=\"wd-wishlist-btn wd-action-btn wd-style-icon wd-wishlist-icon\">\n\t\t\t\t<a class=\"\" href=\"https:\/\/finewinegang.be\/fr\/produit\/marimar-estate-mas-cavalls-dona-margarita-vineyard-2019\/\" data-key=\"7a9cc12219\" data-product-id=\"24101\" rel=\"nofollow\" data-added-text=\"Browse wishlist\">\n\t\t\t\t\t<span class=\"wd-added-icon\"><\/span>\n\t\t\t\t\t<span class=\"wd-action-text\">Add to wishlist<\/span>\n\t\t\t\t<\/a>\n\t\t\t<\/div>\n\t\t\t\t<\/div>\n\t<\/div>\n\n\t<div class=\"product-element-bottom\">\n\t\t<h3 class=\"wd-entities-title\"><a href=\"https:\/\/finewinegang.be\/fr\/produit\/marimar-estate-mas-cavalls-dona-margarita-vineyard-2019\/\">Marimar Estate Mas Cavalls &lsquo;Do\u00f1a Margarita Vineyard&rsquo; 2019<\/a><\/h3>\t\t\t\t<div class=\"wd-product-cats\">\n\t\t\t<a href=\"https:\/\/finewinegang.be\/fr\/categorie-produit\/bouteilles\/vins\/vin-rouge\/\" rel=\"tag\">Vin rouge<\/a>, <a href=\"https:\/\/finewinegang.be\/fr\/categorie-produit\/bouteilles\/\" rel=\"tag\">Bouteilles<\/a>\t\t<\/div>\n\t\t\t\t\t\t\t\t\t\t\n\t<span class=\"price\"><span class=\"woocommerce-Price-amount amount\"><bdi><span class=\"woocommerce-Price-currencySymbol\">&euro;<\/span>55,80<\/bdi><\/span> <small class=\"woocommerce-price-suffix\">TVA incl.<\/small><\/span>\n\n\t\t\n\t\t\t\t\n\t\t\t<\/div>\n<\/div>\n<\/div>\n\t\t\t\t\t<\/div>\n\t\t\t\t<div class=\"wd-carousel-item\">\n\t\t\t\t\t\t\t\t\t\t\t<div class=\"wd-product wd-hover-tiled product-grid-item product type-product post-13689 status-publish first instock product_cat-bouteilles product_cat-vin-blanc product_tag-marimar-estate-fr has-post-thumbnail taxable shipping-taxable purchasable product-type-simple\" data-loop=\"4\" data-id=\"13689\">\n\t\n\t\n<div class=\"product-wrapper\">\n\t<div class=\"product-element-top wd-quick-shop\">\n\t\t<a href=\"https:\/\/finewinegang.be\/fr\/produit\/marimar-estate-la-masia-chardonnay-don-miguel-vineyard-2020\/\" class=\"product-image-link\" tabindex=\"-1\" aria-label=\"Marimar Estate La Masia Chardonnay &lsquo;Don Miguel Vineyard&rsquo; 2020\">\n\t\t\t<img loading=\"lazy\" decoding=\"async\" width=\"683\" height=\"1024\" src=\"https:\/\/finewinegang.be\/wp-content\/uploads\/2024\/05\/Marimar-Estate-La-Masia-Don-Miguel-Vineyard-Chardonnay.jpg\" class=\"attachment-large size-large\" alt=\"\" \/>\t\t<\/a>\n\n\t\t\n\t\t<div class=\"wd-buttons wd-pos-r-t\">\n\t\t\t\t\t\t<div class=\"wd-add-btn wd-action-btn wd-style-icon wd-add-cart-icon\"><a href=\"\/fr\/wp-json\/wp\/v2\/product\/17518?add-to-cart=13689\" aria-describedby=\"woocommerce_loop_add_to_cart_link_describedby_13689\" data-quantity=\"1\" class=\"button product_type_simple add_to_cart_button ajax_add_to_cart add-to-cart-loop\" data-product_id=\"13689\" data-product_sku=\"ToMaWH04200750\" aria-label=\"Ajouter au panier\u00a0: &ldquo;Marimar Estate La Masia Chardonnay &#039;Don Miguel Vineyard&#039; 2020&rdquo;\" rel=\"nofollow\" data-success_message=\"\u00ab\u00a0Marimar Estate La Masia Chardonnay &#039;Don Miguel Vineyard&#039; 2020\u00a0\u00bb a \u00e9t\u00e9 ajout\u00e9 \u00e0 votre panier\" role=\"button\"><span>Ajouter au panier<\/span><\/a>\t<span id=\"woocommerce_loop_add_to_cart_link_describedby_13689\" class=\"screen-reader-text\">\n\t\t\t<\/span>\n<\/div>\n\t\t\t\t\t<div class=\"quick-view wd-action-btn wd-style-icon wd-quick-view-icon\">\n\t\t\t<a\n\t\t\t\thref=\"https:\/\/finewinegang.be\/fr\/produit\/marimar-estate-la-masia-chardonnay-don-miguel-vineyard-2020\/\"\n\t\t\t\tclass=\"open-quick-view quick-view-button\"\n\t\t\t\trel=\"nofollow\"\n\t\t\t\tdata-id=\"13689\"\n\t\t\t\t>Quick view<\/a>\n\t\t<\/div>\n\t\t\t\t\t\t\t\t\t\t\t<div class=\"wd-wishlist-btn wd-action-btn wd-style-icon wd-wishlist-icon\">\n\t\t\t\t<a class=\"\" href=\"https:\/\/finewinegang.be\/fr\/produit\/marimar-estate-la-masia-chardonnay-don-miguel-vineyard-2020\/\" data-key=\"7a9cc12219\" data-product-id=\"13424\" rel=\"nofollow\" data-added-text=\"Browse wishlist\">\n\t\t\t\t\t<span class=\"wd-added-icon\"><\/span>\n\t\t\t\t\t<span class=\"wd-action-text\">Add to wishlist<\/span>\n\t\t\t\t<\/a>\n\t\t\t<\/div>\n\t\t\t\t<\/div>\n\t<\/div>\n\n\t<div class=\"product-element-bottom\">\n\t\t<h3 class=\"wd-entities-title\"><a href=\"https:\/\/finewinegang.be\/fr\/produit\/marimar-estate-la-masia-chardonnay-don-miguel-vineyard-2020\/\">Marimar Estate La Masia Chardonnay &lsquo;Don Miguel Vineyard&rsquo; 2020<\/a><\/h3>\t\t\t\t<div class=\"wd-product-cats\">\n\t\t\t<a href=\"https:\/\/finewinegang.be\/fr\/categorie-produit\/bouteilles\/vins\/vin-blanc\/\" rel=\"tag\">Vin blanc<\/a>, <a href=\"https:\/\/finewinegang.be\/fr\/categorie-produit\/bouteilles\/\" rel=\"tag\">Bouteilles<\/a>\t\t<\/div>\n\t\t\t\t\t\t\t\t\t\t\n\t<span class=\"price\"><span class=\"woocommerce-Price-amount amount\"><bdi><span class=\"woocommerce-Price-currencySymbol\">&euro;<\/span>52,50<\/bdi><\/span> <small class=\"woocommerce-price-suffix\">TVA incl.<\/small><\/span>\n\n\t\t\n\t\t\t\t\n\t\t\t<\/div>\n<\/div>\n<\/div>\n\t\t\t\t\t<\/div>\n\t\t\t\t\t\t\t\t<\/div>\n\t\t\t\t\t<\/div>\n\n\t\t\t\t\t\t\t<div class=\"wd-nav-arrows wd-pos-sep wd-hover-1 wd-icon-1\">\n\t\t\t<div class=\"wd-btn-arrow wd-prev wd-disabled\">\n\t\t\t\t<div class=\"wd-arrow-inner\"><\/div>\n\t\t\t<\/div>\n\t\t\t<div class=\"wd-btn-arrow wd-next\">\n\t\t\t\t<div class=\"wd-arrow-inner\"><\/div>\n\t\t\t<\/div>\n\t\t<\/div>\n\t\t\t\t\t\t<\/div>\n\n\t\t\t\t\t\t\t\t\t<div class=\"wd-nav-pagin-wrap text-center wd-style-shape wd-hide-md-sm wd-hide-sm\">\n\t\t\t<ul class=\"wd-nav-pagin\"><\/ul>\n\t\t<\/div>\n\t\t\t\t\t\t\t\t\t<\/div>\n\t\t\t\t\t\t\t\t\t\t<\/div>\n\t\t\t\t<\/div>\n\t\t\t\t\t<\/div>\n\t\t\t\t<\/div>\n\t\t<div class=\"wd-negative-gap elementor-element elementor-element-9c5816e e-flex e-con-boxed e-con e-parent\" data-id=\"9c5816e\" data-element_type=\"container\" data-e-type=\"container\" data-settings=\"{&quot;jet_parallax_layout_list&quot;:[]}\">\n\t\t\t\t\t<div class=\"e-con-inner\">\n\t\t\t\t<div class=\"elementor-element elementor-element-cb312a4 elementor-widget elementor-widget-heading\" data-id=\"cb312a4\" data-element_type=\"widget\" data-e-type=\"widget\" data-widget_type=\"heading.default\">\n\t\t\t\t<div class=\"elementor-widget-container\">\n\t\t\t\t\t<h2 class=\"elementor-heading-title elementor-size-default\">Informations pratiques<\/h2>\t\t\t\t<\/div>\n\t\t\t\t<\/div>\n\t\t\t\t\t<\/div>\n\t\t\t\t<\/div>\n\t\t\t\t<\/div>\n\t\t","protected":false},"excerpt":{"rendered":"<p>Masterclass unique avec Marimar Torres sur les vins californiens! D\u00e9couvrez les vins de Marimar Estate et son histoire le 8\/11\/2024. Inscrivez-vous!  <\/p>\n","protected":false},"featured_media":17521,"template":"","meta":{"_acf_changed":false,"subtitle":"","day_of_the_week":"","starting_time":0,"location":"","other_location_name":"","other_location_street_number":"","other_location_zip":"","other_location_city":"","other_location_address_itinerary_link":"","other_location_email_to_keep_updated":""},"product_brand":[],"product_cat":[284,285],"product_tag":[],"class_list":{"0":"post-17518","1":"product","2":"type-product","3":"status-publish","4":"has-post-thumbnail","6":"product_cat-experience-fr","7":"product_cat-masterclass","8":"product_shipping_class-tasting-fr","10":"first","11":"instock","12":"virtual","13":"sold-individually","14":"taxable","15":"purchasable","16":"product-type-phive_booking"},"acf":[],"_links":{"self":[{"href":"https:\/\/finewinegang.be\/fr\/wp-json\/wp\/v2\/product\/17518","targetHints":{"allow":["GET"]}}],"collection":[{"href":"https:\/\/finewinegang.be\/fr\/wp-json\/wp\/v2\/product"}],"about":[{"href":"https:\/\/finewinegang.be\/fr\/wp-json\/wp\/v2\/types\/product"}],"version-history":[{"count":3,"href":"https:\/\/finewinegang.be\/fr\/wp-json\/wp\/v2\/product\/17518\/revisions"}],"predecessor-version":[{"id":17565,"href":"https:\/\/finewinegang.be\/fr\/wp-json\/wp\/v2\/product\/17518\/revisions\/17565"}],"wp:featuredmedia":[{"embeddable":true,"href":"https:\/\/finewinegang.be\/fr\/wp-json\/wp\/v2\/media\/17521"}],"wp:attachment":[{"href":"https:\/\/finewinegang.be\/fr\/wp-json\/wp\/v2\/media?parent=17518"}],"wp:term":[{"taxonomy":"product_brand","embeddable":true,"href":"https:\/\/finewinegang.be\/fr\/wp-json\/wp\/v2\/product_brand?post=17518"},{"taxonomy":"product_cat","embeddable":true,"href":"https:\/\/finewinegang.be\/fr\/wp-json\/wp\/v2\/product_cat?post=17518"},{"taxonomy":"product_tag","embeddable":true,"href":"https:\/\/finewinegang.be\/fr\/wp-json\/wp\/v2\/product_tag?post=17518"}],"curies":[{"name":"wp","href":"https:\/\/api.w.org\/{rel}","templated":true}]}}