{"id":16940,"date":"2024-09-17T10:37:46","date_gmt":"2024-09-17T08:37:46","guid":{"rendered":"https:\/\/finewinegang.be\/?post_type=product&#038;p=16940"},"modified":"2026-04-22T09:29:44","modified_gmt":"2026-04-22T07:29:44","slug":"casa-ferreirinha-castas-escondidas-2019","status":"publish","type":"product","link":"https:\/\/finewinegang.be\/fr\/produit\/casa-ferreirinha-castas-escondidas-2019\/","title":{"rendered":"Casa Ferreirinha Castas Escondidas 2019"},"content":{"rendered":"","protected":false},"excerpt":{"rendered":"<p>Castas Escondidas est un assemblage de 5 c\u00e9pages inconnus du Douro qui refl\u00e8te n\u00e9anmoins la typicit\u00e9 dans le verre. Certes, dans une version tr\u00e8s raffin\u00e9e.<\/p>\n","protected":false},"featured_media":16985,"template":"","meta":{"_acf_changed":false,"subtitle":"","day_of_the_week":"Monday","starting_time":0,"location":"ANTWERP","other_location_name":"","other_location_street_number":"","other_location_zip":"","other_location_city":"","other_location_address_itinerary_link":"","other_location_email_to_keep_updated":""},"product_brand":[],"product_cat":[373,597,390],"product_tag":[589],"class_list":{"0":"post-16940","1":"product","2":"type-product","3":"status-publish","4":"has-post-thumbnail","6":"product_cat-bouteilles","7":"product_cat-local-friday-2025","8":"product_cat-vin-rouge","9":"product_tag-casa-ferreirinha-fr","10":"product_shipping_class-flessen-fr","12":"first","13":"instock","14":"taxable","15":"shipping-taxable","16":"purchasable","17":"product-type-simple"},"acf":{"jaargang":"2019","volume":75,"alcohol":13.5,"schenktemperatuur":"12\u00b0C - 18\u00b0C","Producent":[13094],"producent_search":"Casa Ferreirinha","cuvee":"Castas Escondidas","land":"Portugal","regio":"Douro","appellatie":"Douro","Kracht":4,"intensiteit":4,"Verouderingspotentieel":4,"smaakprofiel":["Kruidig","Pittig","Rijk"],"aromas":["Eucalyptus","Zwarte Bes","Zwarte peper"],"Auteur":"Stijn","quote":"Ceux qui ont d\u00e9cid\u00e9 de ne garder que 5 c\u00e9pages dans le Douro peuvent aussi les oublier dans une cave profonde. Ce \u00ab Castas Escondidas \u00bb prouve que les c\u00e9pages \u00ab oubli\u00e9s \u00bb ont vraiment de la valeur. ","druif":["Rufete","Tinta Amarela","Tinta Francesca","Bastardo"],"awards":"","bio":false},"_links":{"self":[{"href":"https:\/\/finewinegang.be\/fr\/wp-json\/wp\/v2\/product\/16940","targetHints":{"allow":["GET"]}}],"collection":[{"href":"https:\/\/finewinegang.be\/fr\/wp-json\/wp\/v2\/product"}],"about":[{"href":"https:\/\/finewinegang.be\/fr\/wp-json\/wp\/v2\/types\/product"}],"version-history":[{"count":3,"href":"https:\/\/finewinegang.be\/fr\/wp-json\/wp\/v2\/product\/16940\/revisions"}],"predecessor-version":[{"id":17031,"href":"https:\/\/finewinegang.be\/fr\/wp-json\/wp\/v2\/product\/16940\/revisions\/17031"}],"acf:post":[{"embeddable":true,"href":"https:\/\/finewinegang.be\/fr\/wp-json\/wp\/v2\/producent\/13094"}],"wp:featuredmedia":[{"embeddable":true,"href":"https:\/\/finewinegang.be\/fr\/wp-json\/wp\/v2\/media\/16985"}],"wp:attachment":[{"href":"https:\/\/finewinegang.be\/fr\/wp-json\/wp\/v2\/media?parent=16940"}],"wp:term":[{"taxonomy":"product_brand","embeddable":true,"href":"https:\/\/finewinegang.be\/fr\/wp-json\/wp\/v2\/product_brand?post=16940"},{"taxonomy":"product_cat","embeddable":true,"href":"https:\/\/finewinegang.be\/fr\/wp-json\/wp\/v2\/product_cat?post=16940"},{"taxonomy":"product_tag","embeddable":true,"href":"https:\/\/finewinegang.be\/fr\/wp-json\/wp\/v2\/product_tag?post=16940"}],"curies":[{"name":"wp","href":"https:\/\/api.w.org\/{rel}","templated":true}]}}