{"id":16742,"date":"2024-09-11T16:52:38","date_gmt":"2024-09-11T14:52:38","guid":{"rendered":"https:\/\/finewinegang.be\/?post_type=product&#038;p=16742"},"modified":"2026-04-01T14:35:39","modified_gmt":"2026-04-01T12:35:39","slug":"riedel-performance-cabernet-merlot","status":"publish","type":"product","link":"https:\/\/finewinegang.be\/fr\/produit\/riedel-performance-cabernet-merlot\/","title":{"rendered":"Riedel Performance Cabernet Merlot"},"content":{"rendered":"<p>Le verre \u00e0 Cabernet est <strong>parfait pour les vins rouges puissants et complexes \u00e0 forte teneur en tanins. Gr\u00e2ce \u00e0 sa grande taille, il permet au bouquet de se d\u00e9velopper pleinement et d\u2019adoucir les ar\u00eates les plus rugueuses. <\/strong><\/p>\n<p>Il met en valeur le fruit, att\u00e9nue l\u2019amertume des tanins et permet aux vins de trouver leur \u00e9quilibre.<\/p>\n<p>Dans le cadre de la s\u00e9rie Performance, cette forme a \u00e9t\u00e9 red\u00e9velopp\u00e9e en 2018 pour am\u00e9liorer l\u2019expression aromatique.<\/p>\n<p><\/p>\n<p>L\u2019impact optique de la s\u00e9rie RIEDEL Performance apporte \u00e0 la fois une signature design et un effet remarquable sur les ar\u00f4mes du vin.<\/p>\n<p><\/p>\n<p>Ce coffret contient deux verres.<\/p>\n<p><\/p>\n<p>Fabriqu\u00e9 \u00e0 la machine et compatible avec le lave-vaisselle.<\/p>\n","protected":false},"excerpt":{"rendered":"<p>Le verre RIEDEL Cabernet adoucit les tanins, met en valeur les fruits et \u00e9quilibre les vins rouges complexes, avec un d\u00e9veloppement optimal des ar\u00f4mes dans un design g\u00e9n\u00e9reux.<\/p>\n","protected":false},"featured_media":16865,"template":"","meta":{"_acf_changed":false,"subtitle":"","day_of_the_week":"","starting_time":0,"location":"","other_location_name":"","other_location_street_number":"","other_location_zip":"","other_location_city":"","other_location_address_itinerary_link":"","other_location_email_to_keep_updated":""},"product_brand":[],"product_cat":[513],"product_tag":[601],"class_list":{"0":"post-16742","1":"product","2":"type-product","3":"status-publish","4":"has-post-thumbnail","6":"product_cat-verres","7":"product_tag-performance","8":"product_shipping_class-verres","10":"first","11":"instock","12":"taxable","13":"shipping-taxable","14":"purchasable","15":"product-type-simple"},"acf":{"volume":65,"druif":["Cabernet Franc","Cabernet Sauvignon","Merlot"]},"_links":{"self":[{"href":"https:\/\/finewinegang.be\/fr\/wp-json\/wp\/v2\/product\/16742","targetHints":{"allow":["GET"]}}],"collection":[{"href":"https:\/\/finewinegang.be\/fr\/wp-json\/wp\/v2\/product"}],"about":[{"href":"https:\/\/finewinegang.be\/fr\/wp-json\/wp\/v2\/types\/product"}],"version-history":[{"count":4,"href":"https:\/\/finewinegang.be\/fr\/wp-json\/wp\/v2\/product\/16742\/revisions"}],"predecessor-version":[{"id":25126,"href":"https:\/\/finewinegang.be\/fr\/wp-json\/wp\/v2\/product\/16742\/revisions\/25126"}],"wp:featuredmedia":[{"embeddable":true,"href":"https:\/\/finewinegang.be\/fr\/wp-json\/wp\/v2\/media\/16865"}],"wp:attachment":[{"href":"https:\/\/finewinegang.be\/fr\/wp-json\/wp\/v2\/media?parent=16742"}],"wp:term":[{"taxonomy":"product_brand","embeddable":true,"href":"https:\/\/finewinegang.be\/fr\/wp-json\/wp\/v2\/product_brand?post=16742"},{"taxonomy":"product_cat","embeddable":true,"href":"https:\/\/finewinegang.be\/fr\/wp-json\/wp\/v2\/product_cat?post=16742"},{"taxonomy":"product_tag","embeddable":true,"href":"https:\/\/finewinegang.be\/fr\/wp-json\/wp\/v2\/product_tag?post=16742"}],"curies":[{"name":"wp","href":"https:\/\/api.w.org\/{rel}","templated":true}]}}