{"id":16725,"date":"2024-09-11T16:42:45","date_gmt":"2024-09-11T14:42:45","guid":{"rendered":"https:\/\/finewinegang.be\/?post_type=product&#038;p=16725"},"modified":"2026-04-01T14:40:44","modified_gmt":"2026-04-01T12:40:44","slug":"riedel-performance-champagne","status":"publish","type":"product","link":"https:\/\/finewinegang.be\/fr\/produit\/riedel-performance-champagne\/","title":{"rendered":"Riedel Performance Champagne &#8211; set van 2"},"content":{"rendered":"<p>Le verre \u00e0 champagne est parfait pour les champagnes l\u00e9gers, frais et secs. Sa forme met en valeur la fra\u00eecheur fruit\u00e9e du vin, att\u00e9nue la forte acidit\u00e9 et r\u00e9v\u00e8le les ar\u00f4mes caract\u00e9ristiques de fruits rouges et de pin. <\/p>\n<p>C\u2019est le verre id\u00e9al pour appr\u00e9cier des ros\u00e9s typiquement vifs et secs.<\/p>\n<p>L\u2019impact optique de la s\u00e9rie RIEDEL Performance apporte \u00e0 la fois une signature design et un effet remarquable sur les ar\u00f4mes du vin.<\/p>\n<p><\/p>\n<p>Ce coffret contient deux verres.<\/p>\n<p><\/p>\n<p>Fabriqu\u00e9 \u00e0 la machine et compatible avec le lave-vaisselle.<\/p>\n","protected":false},"excerpt":{"rendered":"<p>La coupe \u00e0 champagne RIEDEL rehausse les ar\u00f4mes fruit\u00e9s et temp\u00e8re l&rsquo;acidit\u00e9, id\u00e9ale pour les champagnes secs et les vins ros\u00e9s avec une expression aromatique optimale.<\/p>\n","protected":false},"featured_media":16884,"template":"","meta":{"_acf_changed":false,"subtitle":"","day_of_the_week":"","starting_time":0,"location":"","other_location_name":"","other_location_street_number":"","other_location_zip":"","other_location_city":"","other_location_address_itinerary_link":"","other_location_email_to_keep_updated":""},"product_brand":[],"product_cat":[513],"product_tag":[601],"class_list":{"0":"post-16725","1":"product","2":"type-product","3":"status-publish","4":"has-post-thumbnail","6":"product_cat-verres","7":"product_tag-performance","8":"product_shipping_class-verres","10":"first","11":"instock","12":"taxable","13":"shipping-taxable","14":"purchasable","15":"product-type-simple"},"acf":{"volume":65,"druif":""},"_links":{"self":[{"href":"https:\/\/finewinegang.be\/fr\/wp-json\/wp\/v2\/product\/16725","targetHints":{"allow":["GET"]}}],"collection":[{"href":"https:\/\/finewinegang.be\/fr\/wp-json\/wp\/v2\/product"}],"about":[{"href":"https:\/\/finewinegang.be\/fr\/wp-json\/wp\/v2\/types\/product"}],"version-history":[{"count":4,"href":"https:\/\/finewinegang.be\/fr\/wp-json\/wp\/v2\/product\/16725\/revisions"}],"predecessor-version":[{"id":25132,"href":"https:\/\/finewinegang.be\/fr\/wp-json\/wp\/v2\/product\/16725\/revisions\/25132"}],"wp:featuredmedia":[{"embeddable":true,"href":"https:\/\/finewinegang.be\/fr\/wp-json\/wp\/v2\/media\/16884"}],"wp:attachment":[{"href":"https:\/\/finewinegang.be\/fr\/wp-json\/wp\/v2\/media?parent=16725"}],"wp:term":[{"taxonomy":"product_brand","embeddable":true,"href":"https:\/\/finewinegang.be\/fr\/wp-json\/wp\/v2\/product_brand?post=16725"},{"taxonomy":"product_cat","embeddable":true,"href":"https:\/\/finewinegang.be\/fr\/wp-json\/wp\/v2\/product_cat?post=16725"},{"taxonomy":"product_tag","embeddable":true,"href":"https:\/\/finewinegang.be\/fr\/wp-json\/wp\/v2\/product_tag?post=16725"}],"curies":[{"name":"wp","href":"https:\/\/api.w.org\/{rel}","templated":true}]}}