{"id":16402,"date":"2024-08-14T16:30:57","date_gmt":"2024-08-14T14:30:57","guid":{"rendered":"https:\/\/finewinegang.be\/?post_type=product&#038;p=16402"},"modified":"2024-08-14T16:52:33","modified_gmt":"2024-08-14T14:52:33","slug":"bassin-brut-salvaje-2019","status":"publish","type":"product","link":"https:\/\/finewinegang.be\/fr\/produit\/bassin-brut-salvaje-2019\/","title":{"rendered":"Bassin Brut Salvaje 2019"},"content":{"rendered":"","protected":false},"excerpt":{"rendered":"<p>Go\u00fbtez le premier vin mousseux 100% grenache de Raices Ibericas : fruit m\u00fbr, sec et vineux. Une premi\u00e8re et parfaite d\u00e9salt\u00e9ration ! <\/p>\n","protected":false},"featured_media":16410,"template":"","meta":{"_acf_changed":false,"subtitle":"","day_of_the_week":"","starting_time":0,"location":"","other_location_name":"","other_location_street_number":"","other_location_zip":"","other_location_city":"","other_location_address_itinerary_link":"","other_location_email_to_keep_updated":""},"product_brand":[],"product_cat":[373,375],"product_tag":[517],"class_list":{"0":"post-16402","1":"product","2":"type-product","3":"status-publish","4":"has-post-thumbnail","6":"product_cat-bouteilles","7":"product_cat-vin-mousseux","8":"product_tag-raices-ibericas-fr","9":"product_shipping_class-flessen-fr","11":"first","12":"outofstock","13":"taxable","14":"shipping-taxable","15":"purchasable","16":"product-type-simple"},"acf":{"jaargang":"2019","volume":75,"alcohol":12,"schenktemperatuur":"4\u00b0C - 7\u00b0C","Producent":[13077],"producent_search":"Ra\u00edces Ib\u00e9ricas","cuvee":"Brut Salvaje","land":"Spanje","regio":"Terra Alta (ES)  B\u00e9ziers (FR)","appellatie":"Vino Varietal EU","Kracht":2,"intensiteit":3,"Verouderingspotentieel":1,"smaakprofiel":["Fris","Mineraal","Sappig"],"aromas":["Rijp Fruit","Witte Bloemen"],"Auteur":"Stijn","quote":"Hola!: Un assemblage in\u00e9dit de garnacha de 2 pays, unique au monde ! \u00c9tonnamment rafra\u00eechissant, un agr\u00e9able point de saumure et un vrai d\u00e9salt\u00e9rant en fin de bouche.  ","druif":["Grenache \/ Garnacha"],"awards":"","bio":false},"_links":{"self":[{"href":"https:\/\/finewinegang.be\/fr\/wp-json\/wp\/v2\/product\/16402","targetHints":{"allow":["GET"]}}],"collection":[{"href":"https:\/\/finewinegang.be\/fr\/wp-json\/wp\/v2\/product"}],"about":[{"href":"https:\/\/finewinegang.be\/fr\/wp-json\/wp\/v2\/types\/product"}],"version-history":[{"count":1,"href":"https:\/\/finewinegang.be\/fr\/wp-json\/wp\/v2\/product\/16402\/revisions"}],"predecessor-version":[{"id":16404,"href":"https:\/\/finewinegang.be\/fr\/wp-json\/wp\/v2\/product\/16402\/revisions\/16404"}],"acf:post":[{"embeddable":true,"href":"https:\/\/finewinegang.be\/fr\/wp-json\/wp\/v2\/producent\/13077"}],"wp:featuredmedia":[{"embeddable":true,"href":"https:\/\/finewinegang.be\/fr\/wp-json\/wp\/v2\/media\/16410"}],"wp:attachment":[{"href":"https:\/\/finewinegang.be\/fr\/wp-json\/wp\/v2\/media?parent=16402"}],"wp:term":[{"taxonomy":"product_brand","embeddable":true,"href":"https:\/\/finewinegang.be\/fr\/wp-json\/wp\/v2\/product_brand?post=16402"},{"taxonomy":"product_cat","embeddable":true,"href":"https:\/\/finewinegang.be\/fr\/wp-json\/wp\/v2\/product_cat?post=16402"},{"taxonomy":"product_tag","embeddable":true,"href":"https:\/\/finewinegang.be\/fr\/wp-json\/wp\/v2\/product_tag?post=16402"}],"curies":[{"name":"wp","href":"https:\/\/api.w.org\/{rel}","templated":true}]}}