{"id":14661,"date":"2024-06-03T17:15:38","date_gmt":"2024-06-03T15:15:38","guid":{"rendered":"https:\/\/finewinegang.be\/?post_type=product&#038;p=14661"},"modified":"2024-06-03T17:16:07","modified_gmt":"2024-06-03T15:16:07","slug":"free-mistery-bottle-kopie","status":"publish","type":"product","link":"https:\/\/finewinegang.be\/fr\/produit\/free-mistery-bottle-kopie\/","title":{"rendered":"Free mistery-bottle (kopie)"},"content":{"rendered":"","protected":false},"excerpt":{"rendered":"<p>Explorez les caract\u00e9ristiques uniques de Raices Ibericas Albarin, un vin espagnol qui capture l&rsquo;essence du pays.<\/p>\n","protected":false},"featured_media":14652,"template":"","meta":{"_acf_changed":false,"subtitle":"","day_of_the_week":"","starting_time":0,"location":"","other_location_name":"","other_location_street_number":"","other_location_zip":"","other_location_city":"","other_location_address_itinerary_link":"","other_location_email_to_keep_updated":""},"product_brand":[],"product_cat":[373,392],"product_tag":[],"class_list":{"0":"post-14661","1":"product","2":"type-product","3":"status-publish","4":"has-post-thumbnail","6":"product_cat-bouteilles","7":"product_cat-vin-blanc","8":"product_shipping_class-flessen-fr","10":"first","11":"instock","12":"taxable","13":"shipping-taxable","14":"purchasable","15":"product-type-simple"},"acf":{"jaargang":"2022","volume":"","alcohol":"","schenktemperatuur":"9\u00b0C - 11\u00b0C","Producent":"","producent_search":"Abadia Retuerta","cuvee":"Albarin","land":"Argentini\u00eb","regio":"Cantabria & Castilla y Le\u00f3n","appellatie":"Tierra de Le\u00f3n","Kracht":"","intensiteit":"","Verouderingspotentieel":"","smaakprofiel":"","aromas":"","Auteur":"Stijn","quote":"Non non non, nous ne parlons PAS d'albari\u00f1o mais d'albar\u00edn ! Un c\u00e9page des Asturies qui a manqu\u00e9 de dispara\u00eetre avant que les viticulteurs ne commencent \u00e0 le replanter. On le trouve essentiellement dans le sud-ouest, dans la r\u00e9gion de Cangas de Narcea. Plus important encore... un vin remarquable.","druif":"","awards":"","bio":false},"_links":{"self":[{"href":"https:\/\/finewinegang.be\/fr\/wp-json\/wp\/v2\/product\/14661","targetHints":{"allow":["GET"]}}],"collection":[{"href":"https:\/\/finewinegang.be\/fr\/wp-json\/wp\/v2\/product"}],"about":[{"href":"https:\/\/finewinegang.be\/fr\/wp-json\/wp\/v2\/types\/product"}],"version-history":[{"count":1,"href":"https:\/\/finewinegang.be\/fr\/wp-json\/wp\/v2\/product\/14661\/revisions"}],"predecessor-version":[{"id":14662,"href":"https:\/\/finewinegang.be\/fr\/wp-json\/wp\/v2\/product\/14661\/revisions\/14662"}],"wp:featuredmedia":[{"embeddable":true,"href":"https:\/\/finewinegang.be\/fr\/wp-json\/wp\/v2\/media\/14652"}],"wp:attachment":[{"href":"https:\/\/finewinegang.be\/fr\/wp-json\/wp\/v2\/media?parent=14661"}],"wp:term":[{"taxonomy":"product_brand","embeddable":true,"href":"https:\/\/finewinegang.be\/fr\/wp-json\/wp\/v2\/product_brand?post=14661"},{"taxonomy":"product_cat","embeddable":true,"href":"https:\/\/finewinegang.be\/fr\/wp-json\/wp\/v2\/product_cat?post=14661"},{"taxonomy":"product_tag","embeddable":true,"href":"https:\/\/finewinegang.be\/fr\/wp-json\/wp\/v2\/product_tag?post=14661"}],"curies":[{"name":"wp","href":"https:\/\/api.w.org\/{rel}","templated":true}]}}