{"id":14507,"date":"2024-05-23T11:08:15","date_gmt":"2024-05-23T09:08:15","guid":{"rendered":"https:\/\/finewinegang.be\/product\/marimar-estate-mas-cavalls-dona-margarita-vineyard-2017\/"},"modified":"2024-10-08T16:47:58","modified_gmt":"2024-10-08T14:47:58","slug":"marimar-estate-mas-cavalls-dona-margarita-vineyard-2017","status":"publish","type":"product","link":"https:\/\/finewinegang.be\/fr\/produit\/marimar-estate-mas-cavalls-dona-margarita-vineyard-2017\/","title":{"rendered":"Marimar Estate Mas Cavalls &lsquo;Do\u00f1a Margarita Vineyard&rsquo; 2017"},"content":{"rendered":"","protected":false},"excerpt":{"rendered":"<p>D\u00e9couvrez la finesse de Marimar Estate Mas Cavalls &lsquo;Do\u00f1a Margarita Vineyard&rsquo;, un vin rouge avec des notes subtiles de fruits et d&rsquo;\u00e9pices, parfaitement \u00e9quilibr\u00e9.<\/p>\n","protected":false},"featured_media":13588,"template":"","meta":{"_acf_changed":false,"subtitle":"","day_of_the_week":"","starting_time":0,"location":"","other_location_name":"","other_location_street_number":"","other_location_zip":"","other_location_city":"","other_location_address_itinerary_link":"","other_location_email_to_keep_updated":""},"product_brand":[],"product_cat":[373,390],"product_tag":[546],"class_list":{"0":"post-14507","1":"product","2":"type-product","3":"status-publish","4":"has-post-thumbnail","6":"product_cat-bouteilles","7":"product_cat-vin-rouge","8":"product_tag-marimar-estate-fr","9":"product_shipping_class-flessen-fr","11":"first","12":"outofstock","13":"taxable","14":"shipping-taxable","15":"purchasable","16":"product-type-simple"},"acf":{"jaargang":"2017","volume":75,"alcohol":13.5,"schenktemperatuur":"14\u00b0C - 16\u00b0C","Producent":[13106],"producent_search":"Marimar Estate","cuvee":"Mas Cavalls 'Do\u00f1a Margarita Vineyard'","land":"Verenigde Staten","regio":"California","appellatie":"AVA Sonoma Coast","Kracht":3,"intensiteit":3,"Verouderingspotentieel":3,"smaakprofiel":["Complex","Evenwichtig","Gastronomisch"],"aromas":["Kruidig","Rood Fruit","Zwart Fruit"],"Auteur":"Antoine","quote":"Comment ne pas savourer ce type de Pinot ? Fruit\u00e9 pulpeux, l\u00e9ger fumage gr\u00e2ce \u00e0 son terroir volcanique, bouche ronde et pourtant pleine de dynamisme... ","druif":["Pinot Noir \/ Pinot Nero"],"awards":"","bio":false},"_links":{"self":[{"href":"https:\/\/finewinegang.be\/fr\/wp-json\/wp\/v2\/product\/14507","targetHints":{"allow":["GET"]}}],"collection":[{"href":"https:\/\/finewinegang.be\/fr\/wp-json\/wp\/v2\/product"}],"about":[{"href":"https:\/\/finewinegang.be\/fr\/wp-json\/wp\/v2\/types\/product"}],"version-history":[{"count":1,"href":"https:\/\/finewinegang.be\/fr\/wp-json\/wp\/v2\/product\/14507\/revisions"}],"predecessor-version":[{"id":17572,"href":"https:\/\/finewinegang.be\/fr\/wp-json\/wp\/v2\/product\/14507\/revisions\/17572"}],"acf:post":[{"embeddable":true,"href":"https:\/\/finewinegang.be\/fr\/wp-json\/wp\/v2\/producent\/13106"}],"wp:featuredmedia":[{"embeddable":true,"href":"https:\/\/finewinegang.be\/fr\/wp-json\/wp\/v2\/media\/13588"}],"wp:attachment":[{"href":"https:\/\/finewinegang.be\/fr\/wp-json\/wp\/v2\/media?parent=14507"}],"wp:term":[{"taxonomy":"product_brand","embeddable":true,"href":"https:\/\/finewinegang.be\/fr\/wp-json\/wp\/v2\/product_brand?post=14507"},{"taxonomy":"product_cat","embeddable":true,"href":"https:\/\/finewinegang.be\/fr\/wp-json\/wp\/v2\/product_cat?post=14507"},{"taxonomy":"product_tag","embeddable":true,"href":"https:\/\/finewinegang.be\/fr\/wp-json\/wp\/v2\/product_tag?post=14507"}],"curies":[{"name":"wp","href":"https:\/\/api.w.org\/{rel}","templated":true}]}}