{"id":14036,"date":"2024-05-23T11:08:08","date_gmt":"2024-05-23T09:08:08","guid":{"rendered":"https:\/\/finewinegang.be\/?post_type=product&#038;p=14036"},"modified":"2025-04-30T15:32:52","modified_gmt":"2025-04-30T13:32:52","slug":"hecht-bannier-minervois-2015","status":"publish","type":"product","link":"https:\/\/finewinegang.be\/fr\/produit\/hecht-bannier-minervois-2015\/","title":{"rendered":"Hecht &amp; Bannier Minervois 2015"},"content":{"rendered":"","protected":false},"excerpt":{"rendered":"<p>Explorez la richesse de Hecht &amp; Bannier Minervois, un vin rouge du Languedoc qui incarne la diversit\u00e9 de la r\u00e9gion.<\/p>\n","protected":false},"featured_media":14033,"template":"","meta":{"_acf_changed":false,"subtitle":"","day_of_the_week":"","starting_time":0,"location":"","other_location_name":"","other_location_street_number":"","other_location_zip":"","other_location_city":"","other_location_address_itinerary_link":"","other_location_email_to_keep_updated":""},"product_brand":[],"product_cat":[373,390],"product_tag":[578],"class_list":{"0":"post-14036","1":"product","2":"type-product","3":"status-publish","4":"has-post-thumbnail","6":"product_cat-bouteilles","7":"product_cat-vin-rouge","8":"product_tag-hecht-fr","9":"product_shipping_class-flessen-fr","11":"first","12":"outofstock","13":"taxable","14":"shipping-taxable","15":"purchasable","16":"product-type-simple"},"acf":{"jaargang":"2015","volume":75,"alcohol":13.5,"schenktemperatuur":"12\u00b0C - 15\u00b0C","Producent":[13123],"producent_search":"Hecht & Bannier","cuvee":"Minervois","land":"Frankrijk","regio":"Languedoc","appellatie":"Minervois","Kracht":5,"intensiteit":4,"Verouderingspotentieel":2,"smaakprofiel":["Aangenaam","Complex","Matuur"],"aromas":["Gerookt Spek","Potpourri","Zwart Fruit"],"Auteur":"Stijn","quote":"\"L'automne approche... avec son cort\u00e8ge de gibiers, de champignons et de plats qui nous r\u00e9chauffent le c\u0153ur. Vous vous demandez encore ce qu'il faut boire avec tout cela ? Eh bien... vous pouvez arr\u00eater de chercher. \"  ","druif":["Carignan","Grenache \/ Garnacha","Syrah"],"awards":"","bio":false},"_links":{"self":[{"href":"https:\/\/finewinegang.be\/fr\/wp-json\/wp\/v2\/product\/14036","targetHints":{"allow":["GET"]}}],"collection":[{"href":"https:\/\/finewinegang.be\/fr\/wp-json\/wp\/v2\/product"}],"about":[{"href":"https:\/\/finewinegang.be\/fr\/wp-json\/wp\/v2\/types\/product"}],"version-history":[{"count":1,"href":"https:\/\/finewinegang.be\/fr\/wp-json\/wp\/v2\/product\/14036\/revisions"}],"predecessor-version":[{"id":14451,"href":"https:\/\/finewinegang.be\/fr\/wp-json\/wp\/v2\/product\/14036\/revisions\/14451"}],"acf:post":[{"embeddable":true,"href":"https:\/\/finewinegang.be\/fr\/wp-json\/wp\/v2\/producent\/13123"}],"wp:featuredmedia":[{"embeddable":true,"href":"https:\/\/finewinegang.be\/fr\/wp-json\/wp\/v2\/media\/14033"}],"wp:attachment":[{"href":"https:\/\/finewinegang.be\/fr\/wp-json\/wp\/v2\/media?parent=14036"}],"wp:term":[{"taxonomy":"product_brand","embeddable":true,"href":"https:\/\/finewinegang.be\/fr\/wp-json\/wp\/v2\/product_brand?post=14036"},{"taxonomy":"product_cat","embeddable":true,"href":"https:\/\/finewinegang.be\/fr\/wp-json\/wp\/v2\/product_cat?post=14036"},{"taxonomy":"product_tag","embeddable":true,"href":"https:\/\/finewinegang.be\/fr\/wp-json\/wp\/v2\/product_tag?post=14036"}],"curies":[{"name":"wp","href":"https:\/\/api.w.org\/{rel}","templated":true}]}}