{"id":14028,"date":"2024-05-23T11:08:08","date_gmt":"2024-05-23T09:08:08","guid":{"rendered":"https:\/\/finewinegang.be\/?post_type=product&#038;p=14028"},"modified":"2025-04-30T15:32:53","modified_gmt":"2025-04-30T13:32:53","slug":"hecht-bannier-bandol-2016","status":"publish","type":"product","link":"https:\/\/finewinegang.be\/fr\/produit\/hecht-bannier-bandol-2016\/","title":{"rendered":"Hecht &amp; Bannier Bandol 2016"},"content":{"rendered":"","protected":false},"excerpt":{"rendered":"<p>Laissez-vous s\u00e9duire par la puissance de Hecht &amp; Bannier Bandol, un vin rouge qui exprime l&rsquo;intensit\u00e9 de la Provence.<\/p>\n","protected":false},"featured_media":14024,"template":"","meta":{"_acf_changed":false,"subtitle":"","day_of_the_week":"","starting_time":0,"location":"","other_location_name":"","other_location_street_number":"","other_location_zip":"","other_location_city":"","other_location_address_itinerary_link":"","other_location_email_to_keep_updated":""},"product_brand":[],"product_cat":[373,390],"product_tag":[578],"class_list":{"0":"post-14028","1":"product","2":"type-product","3":"status-publish","4":"has-post-thumbnail","6":"product_cat-bouteilles","7":"product_cat-vin-rouge","8":"product_tag-hecht-fr","9":"product_shipping_class-flessen-fr","11":"first","12":"instock","13":"taxable","14":"shipping-taxable","15":"purchasable","16":"product-type-simple"},"acf":{"jaargang":"2016","volume":75,"alcohol":13.5,"schenktemperatuur":"12\u00b0C - 15\u00b0C","Producent":[13123],"producent_search":"Hecht & Bannier","cuvee":"Bandol","land":"Frankrijk","regio":"Provence","appellatie":"Bandol","Kracht":"","intensiteit":4,"Verouderingspotentieel":4,"smaakprofiel":["Krachtig","Kruidig","Tanninerijk"],"aromas":["Zoete Kruiden","Zoethout","Zwart Fruit"],"Auteur":"Stijn","quote":"Il est toujours d\u00e9licat de trouver un exemplaire de ce grand AOP de Provence, d'autant plus qu'il a pass\u00e9 de nombreuses ann\u00e9es en bouteille, dans l'attente que vous l'ouvriez. Ne manquez pas votre chance! ","druif":["Cinsault","Grenache \/ Garnacha","Mourv\u00e8dre"],"awards":"","bio":false},"_links":{"self":[{"href":"https:\/\/finewinegang.be\/fr\/wp-json\/wp\/v2\/product\/14028","targetHints":{"allow":["GET"]}}],"collection":[{"href":"https:\/\/finewinegang.be\/fr\/wp-json\/wp\/v2\/product"}],"about":[{"href":"https:\/\/finewinegang.be\/fr\/wp-json\/wp\/v2\/types\/product"}],"version-history":[{"count":1,"href":"https:\/\/finewinegang.be\/fr\/wp-json\/wp\/v2\/product\/14028\/revisions"}],"predecessor-version":[{"id":14449,"href":"https:\/\/finewinegang.be\/fr\/wp-json\/wp\/v2\/product\/14028\/revisions\/14449"}],"acf:post":[{"embeddable":true,"href":"https:\/\/finewinegang.be\/fr\/wp-json\/wp\/v2\/producent\/13123"}],"wp:featuredmedia":[{"embeddable":true,"href":"https:\/\/finewinegang.be\/fr\/wp-json\/wp\/v2\/media\/14024"}],"wp:attachment":[{"href":"https:\/\/finewinegang.be\/fr\/wp-json\/wp\/v2\/media?parent=14028"}],"wp:term":[{"taxonomy":"product_brand","embeddable":true,"href":"https:\/\/finewinegang.be\/fr\/wp-json\/wp\/v2\/product_brand?post=14028"},{"taxonomy":"product_cat","embeddable":true,"href":"https:\/\/finewinegang.be\/fr\/wp-json\/wp\/v2\/product_cat?post=14028"},{"taxonomy":"product_tag","embeddable":true,"href":"https:\/\/finewinegang.be\/fr\/wp-json\/wp\/v2\/product_tag?post=14028"}],"curies":[{"name":"wp","href":"https:\/\/api.w.org\/{rel}","templated":true}]}}