{"id":14019,"date":"2024-05-23T11:08:08","date_gmt":"2024-05-23T09:08:08","guid":{"rendered":"https:\/\/finewinegang.be\/?post_type=product&#038;p=14019"},"modified":"2024-05-30T15:03:51","modified_gmt":"2024-05-30T13:03:51","slug":"maison-les-alexandrins-mla-crozes-rouge-2020","status":"publish","type":"product","link":"https:\/\/finewinegang.be\/fr\/produit\/maison-les-alexandrins-mla-crozes-rouge-2020\/","title":{"rendered":"Maison Les Alexandrins MLA Crozes rouge 2020"},"content":{"rendered":"","protected":false},"excerpt":{"rendered":"<p>Appr\u00e9ciez la complexit\u00e9 de Maison Les Alexandrins MLA Crozes rouge, un vin rouge de la vall\u00e9e du Rh\u00f4ne aux saveurs riches.<\/p>\n","protected":false},"featured_media":14013,"template":"","meta":{"_acf_changed":false,"subtitle":"","day_of_the_week":"","starting_time":0,"location":"","other_location_name":"","other_location_street_number":"","other_location_zip":"","other_location_city":"","other_location_address_itinerary_link":"","other_location_email_to_keep_updated":""},"product_brand":[],"product_cat":[373,390],"product_tag":[],"class_list":{"0":"post-14019","1":"product","2":"type-product","3":"status-publish","4":"has-post-thumbnail","6":"product_cat-bouteilles","7":"product_cat-vin-rouge","8":"product_shipping_class-flessen-fr","10":"first","11":"instock","12":"taxable","13":"shipping-taxable","14":"purchasable","15":"product-type-simple"},"acf":{"jaargang":"2020","volume":75,"alcohol":13,"schenktemperatuur":"14\u00b0C - 16\u00b0C","Producent":[13068],"producent_search":"Maison Les Alexandrins","cuvee":"MLA Crozes rouge","land":"Frankrijk","regio":"C\u00f4tes-du-Rh\u00f4ne","appellatie":"AOC C\u00f4tes du Rh\u00f4ne","Kracht":4,"intensiteit":3,"Verouderingspotentieel":3,"smaakprofiel":["Complex","Intens","Zijdezacht"],"aromas":["Braadjus","Bramen","Violet"],"Auteur":"Stijn","quote":"La Syrah sous son meilleur jour! Vous savez maintenant pourquoi jouer \u00e0 domicile vous donne toujours un avantage... ","druif":["Syrah"],"awards":"","bio":false},"_links":{"self":[{"href":"https:\/\/finewinegang.be\/fr\/wp-json\/wp\/v2\/product\/14019","targetHints":{"allow":["GET"]}}],"collection":[{"href":"https:\/\/finewinegang.be\/fr\/wp-json\/wp\/v2\/product"}],"about":[{"href":"https:\/\/finewinegang.be\/fr\/wp-json\/wp\/v2\/types\/product"}],"version-history":[{"count":1,"href":"https:\/\/finewinegang.be\/fr\/wp-json\/wp\/v2\/product\/14019\/revisions"}],"predecessor-version":[{"id":14453,"href":"https:\/\/finewinegang.be\/fr\/wp-json\/wp\/v2\/product\/14019\/revisions\/14453"}],"acf:post":[{"embeddable":true,"href":"https:\/\/finewinegang.be\/fr\/wp-json\/wp\/v2\/producent\/13068"}],"wp:featuredmedia":[{"embeddable":true,"href":"https:\/\/finewinegang.be\/fr\/wp-json\/wp\/v2\/media\/14013"}],"wp:attachment":[{"href":"https:\/\/finewinegang.be\/fr\/wp-json\/wp\/v2\/media?parent=14019"}],"wp:term":[{"taxonomy":"product_brand","embeddable":true,"href":"https:\/\/finewinegang.be\/fr\/wp-json\/wp\/v2\/product_brand?post=14019"},{"taxonomy":"product_cat","embeddable":true,"href":"https:\/\/finewinegang.be\/fr\/wp-json\/wp\/v2\/product_cat?post=14019"},{"taxonomy":"product_tag","embeddable":true,"href":"https:\/\/finewinegang.be\/fr\/wp-json\/wp\/v2\/product_tag?post=14019"}],"curies":[{"name":"wp","href":"https:\/\/api.w.org\/{rel}","templated":true}]}}