{"id":14006,"date":"2024-05-28T22:09:08","date_gmt":"2024-05-28T20:09:08","guid":{"rendered":"https:\/\/finewinegang.be\/?post_type=product&#038;p=14006"},"modified":"2025-11-17T15:35:06","modified_gmt":"2025-11-17T14:35:06","slug":"raices-ibericas-rufete-2021","status":"publish","type":"product","link":"https:\/\/finewinegang.be\/fr\/produit\/raices-ibericas-rufete-2021\/","title":{"rendered":"Raices Ibericas Rufete 2021"},"content":{"rendered":"","protected":false},"excerpt":{"rendered":"<p>D\u00e9couvrez le charme rare de Raices Ibericas Rufete, un vin rouge espagnol de Sierra de Salamanca avec un caract\u00e8re unique et des ar\u00f4mes vivants.<\/p>\n","protected":false},"featured_media":14004,"template":"","meta":{"_acf_changed":false,"subtitle":"","day_of_the_week":"Monday","starting_time":0,"location":"ANTWERP","other_location_name":"","other_location_street_number":"","other_location_zip":"","other_location_city":"","other_location_address_itinerary_link":"","other_location_email_to_keep_updated":""},"product_brand":[],"product_cat":[373,597,390],"product_tag":[517],"class_list":{"0":"post-14006","1":"product","2":"type-product","3":"status-publish","4":"has-post-thumbnail","6":"product_cat-bouteilles","7":"product_cat-local-friday-2025","8":"product_cat-vin-rouge","9":"product_tag-raices-ibericas-fr","10":"product_shipping_class-flessen-fr","12":"first","13":"instock","14":"taxable","15":"shipping-taxable","16":"purchasable","17":"product-type-simple"},"acf":{"jaargang":"2021","volume":75,"alcohol":13,"schenktemperatuur":"16\u00b0C - 18\u00b0C","Producent":[13077],"producent_search":"Ra\u00edces Ib\u00e9ricas","cuvee":"Rufete","land":"Spanje","regio":"Zamora","appellatie":"Sierra de Salamanca","Kracht":3,"intensiteit":4,"Verouderingspotentieel":3,"smaakprofiel":["Fruitig","Krokant","Sappig"],"aromas":["Kersen","Pioenroos","Pruimen"],"Auteur":"Stijn","quote":"\u00c0 la fronti\u00e8re avec le Portugal, s\u00e9par\u00e9s par la fronti\u00e8re naturelle qu'est le fleuve Duero, on trouve encore de tr\u00e8s vieux vignobles. Juan Garcia, Bastardo et ce Rufete sont des c\u00e9pages autochtones et chanceux. Le Rufete est comme un climatiseur moderne. Ce vin souffle un vent de fra\u00eecheur, mais il est en m\u00eame temps douillet et chaleureux. Un vin pour de nombreuses et belles occasions.    ","druif":["Rufete"],"awards":"","bio":false},"_links":{"self":[{"href":"https:\/\/finewinegang.be\/fr\/wp-json\/wp\/v2\/product\/14006","targetHints":{"allow":["GET"]}}],"collection":[{"href":"https:\/\/finewinegang.be\/fr\/wp-json\/wp\/v2\/product"}],"about":[{"href":"https:\/\/finewinegang.be\/fr\/wp-json\/wp\/v2\/types\/product"}],"version-history":[{"count":1,"href":"https:\/\/finewinegang.be\/fr\/wp-json\/wp\/v2\/product\/14006\/revisions"}],"predecessor-version":[{"id":14133,"href":"https:\/\/finewinegang.be\/fr\/wp-json\/wp\/v2\/product\/14006\/revisions\/14133"}],"acf:post":[{"embeddable":true,"href":"https:\/\/finewinegang.be\/fr\/wp-json\/wp\/v2\/producent\/13077"}],"wp:featuredmedia":[{"embeddable":true,"href":"https:\/\/finewinegang.be\/fr\/wp-json\/wp\/v2\/media\/14004"}],"wp:attachment":[{"href":"https:\/\/finewinegang.be\/fr\/wp-json\/wp\/v2\/media?parent=14006"}],"wp:term":[{"taxonomy":"product_brand","embeddable":true,"href":"https:\/\/finewinegang.be\/fr\/wp-json\/wp\/v2\/product_brand?post=14006"},{"taxonomy":"product_cat","embeddable":true,"href":"https:\/\/finewinegang.be\/fr\/wp-json\/wp\/v2\/product_cat?post=14006"},{"taxonomy":"product_tag","embeddable":true,"href":"https:\/\/finewinegang.be\/fr\/wp-json\/wp\/v2\/product_tag?post=14006"}],"curies":[{"name":"wp","href":"https:\/\/api.w.org\/{rel}","templated":true}]}}