{"id":13979,"date":"2024-05-23T11:08:03","date_gmt":"2024-05-23T09:08:03","guid":{"rendered":"https:\/\/finewinegang.be\/?post_type=product&#038;p=13979"},"modified":"2024-05-30T15:04:49","modified_gmt":"2024-05-30T13:04:49","slug":"agostino-semillon-crux-xtra-2021","status":"publish","type":"product","link":"https:\/\/finewinegang.be\/fr\/produit\/agostino-semillon-crux-xtra-2021\/","title":{"rendered":"Agostino Semillon Crux Xtra 2021"},"content":{"rendered":"","protected":false},"excerpt":{"rendered":"<p>Laissez-vous surprendre par les saveurs riches de l&rsquo;Agostino Semillon Crux Xtra, un vin blanc argentin qui offre le meilleur de la r\u00e9gion de Mendoza.<\/p>\n","protected":false},"featured_media":13973,"template":"","meta":{"_acf_changed":false,"subtitle":"","day_of_the_week":"","starting_time":0,"location":"","other_location_name":"","other_location_street_number":"","other_location_zip":"","other_location_city":"","other_location_address_itinerary_link":"","other_location_email_to_keep_updated":""},"product_brand":[],"product_cat":[373,392],"product_tag":[],"class_list":{"0":"post-13979","1":"product","2":"type-product","3":"status-publish","4":"has-post-thumbnail","6":"product_cat-bouteilles","7":"product_cat-vin-blanc","8":"product_shipping_class-flessen-fr","10":"first","11":"outofstock","12":"taxable","13":"shipping-taxable","14":"purchasable","15":"product-type-simple"},"acf":{"jaargang":"2021","volume":75,"alcohol":12,"schenktemperatuur":"8\u00b0C - 11\u00b0C","Producent":[13105],"producent_search":"Agostino","cuvee":"Semillon Crux Xtra","land":"Argentini\u00eb","regio":"Mendoza","appellatie":"","Kracht":2,"intensiteit":2,"Verouderingspotentieel":4,"smaakprofiel":["Citrus","Fris","Rond"],"aromas":["Groene Kruiden","Pompelmoes","Vuursteen"],"Auteur":"Stijn","quote":"Il est assez rare de trouver un vin 100% s\u00e9millon dans ce monde et celui-ci fait honneur \u00e0 la grandeur du raisin. L'altitude et le soleil en font un excellent exemple de ce que l'on peut obtenir avec ce c\u00e9page... ","druif":["S\u00e9millon"],"awards":"","bio":false},"_links":{"self":[{"href":"https:\/\/finewinegang.be\/fr\/wp-json\/wp\/v2\/product\/13979","targetHints":{"allow":["GET"]}}],"collection":[{"href":"https:\/\/finewinegang.be\/fr\/wp-json\/wp\/v2\/product"}],"about":[{"href":"https:\/\/finewinegang.be\/fr\/wp-json\/wp\/v2\/types\/product"}],"version-history":[{"count":1,"href":"https:\/\/finewinegang.be\/fr\/wp-json\/wp\/v2\/product\/13979\/revisions"}],"predecessor-version":[{"id":14462,"href":"https:\/\/finewinegang.be\/fr\/wp-json\/wp\/v2\/product\/13979\/revisions\/14462"}],"acf:post":[{"embeddable":true,"href":"https:\/\/finewinegang.be\/fr\/wp-json\/wp\/v2\/producent\/13105"}],"wp:featuredmedia":[{"embeddable":true,"href":"https:\/\/finewinegang.be\/fr\/wp-json\/wp\/v2\/media\/13973"}],"wp:attachment":[{"href":"https:\/\/finewinegang.be\/fr\/wp-json\/wp\/v2\/media?parent=13979"}],"wp:term":[{"taxonomy":"product_brand","embeddable":true,"href":"https:\/\/finewinegang.be\/fr\/wp-json\/wp\/v2\/product_brand?post=13979"},{"taxonomy":"product_cat","embeddable":true,"href":"https:\/\/finewinegang.be\/fr\/wp-json\/wp\/v2\/product_cat?post=13979"},{"taxonomy":"product_tag","embeddable":true,"href":"https:\/\/finewinegang.be\/fr\/wp-json\/wp\/v2\/product_tag?post=13979"}],"curies":[{"name":"wp","href":"https:\/\/api.w.org\/{rel}","templated":true}]}}