{"id":13966,"date":"2024-05-23T11:08:02","date_gmt":"2024-05-23T09:08:02","guid":{"rendered":"https:\/\/finewinegang.be\/?post_type=product&#038;p=13966"},"modified":"2025-04-03T22:08:34","modified_gmt":"2025-04-03T20:08:34","slug":"lenzmark-wines-new-chapter-magnum-2021","status":"publish","type":"product","link":"https:\/\/finewinegang.be\/fr\/produit\/lenzmark-wines-new-chapter-magnum-2021\/","title":{"rendered":"Lenzmark wines New Chapter Magnum 2021"},"content":{"rendered":"","protected":false},"excerpt":{"rendered":"<p>D\u00e9couvrez une nouvelle dimension de raffinement avec Lenzmark Wines New Chapter, un vin blanc qui enchante les sens par sa complexit\u00e9.<\/p>\n","protected":false},"featured_media":14111,"template":"","meta":{"_acf_changed":false,"subtitle":"","day_of_the_week":"","starting_time":0,"location":"","other_location_name":"","other_location_street_number":"","other_location_zip":"","other_location_city":"","other_location_address_itinerary_link":"","other_location_email_to_keep_updated":""},"product_brand":[],"product_cat":[373,392],"product_tag":[574],"class_list":{"0":"post-13966","1":"product","2":"type-product","3":"status-publish","4":"has-post-thumbnail","6":"product_cat-bouteilles","7":"product_cat-vin-blanc","8":"product_tag-huber-fr","9":"product_shipping_class-flessen-fr","11":"first","12":"instock","13":"taxable","14":"shipping-taxable","15":"purchasable","16":"product-type-simple"},"acf":{"jaargang":"2021","volume":150,"alcohol":13,"schenktemperatuur":"8\u00b0C - 11\u00b0C","Producent":[13089],"producent_search":"Lenzmark wines","cuvee":"New Chapter Magnum","land":"Oostenrijk","regio":"Nieder\u00f6sterreich","appellatie":"Nidder\u00f6sterreich","Kracht":3,"intensiteit":3,"Verouderingspotentieel":3,"smaakprofiel":["Bloemig","Rijk","Smaakvol"],"aromas":["Appel","Limoen","Witte Peper"],"Auteur":"Antoine","quote":"Markus et Lenz ont travaill\u00e9 \u00e0 la confection de ce gr\u00fcner de Premi\u00e8re Classe, et mon Dieu ! Quel vin ! On devine son origine autrichienne sans difficult\u00e9 et dans sa globalit\u00e9, quel d\u00e9lice ! Wat een wijn! Je herkent onmiddllijk zijn Oostenrijkse roots in een schitterend glas wijn.  ","druif":["Gr\u00fcner Veltliner"],"awards":"","bio":false},"_links":{"self":[{"href":"https:\/\/finewinegang.be\/fr\/wp-json\/wp\/v2\/product\/13966","targetHints":{"allow":["GET"]}}],"collection":[{"href":"https:\/\/finewinegang.be\/fr\/wp-json\/wp\/v2\/product"}],"about":[{"href":"https:\/\/finewinegang.be\/fr\/wp-json\/wp\/v2\/types\/product"}],"version-history":[{"count":1,"href":"https:\/\/finewinegang.be\/fr\/wp-json\/wp\/v2\/product\/13966\/revisions"}],"predecessor-version":[{"id":14464,"href":"https:\/\/finewinegang.be\/fr\/wp-json\/wp\/v2\/product\/13966\/revisions\/14464"}],"acf:post":[{"embeddable":true,"href":"https:\/\/finewinegang.be\/fr\/wp-json\/wp\/v2\/producent\/13089"}],"wp:featuredmedia":[{"embeddable":true,"href":"https:\/\/finewinegang.be\/fr\/wp-json\/wp\/v2\/media\/14111"}],"wp:attachment":[{"href":"https:\/\/finewinegang.be\/fr\/wp-json\/wp\/v2\/media?parent=13966"}],"wp:term":[{"taxonomy":"product_brand","embeddable":true,"href":"https:\/\/finewinegang.be\/fr\/wp-json\/wp\/v2\/product_brand?post=13966"},{"taxonomy":"product_cat","embeddable":true,"href":"https:\/\/finewinegang.be\/fr\/wp-json\/wp\/v2\/product_cat?post=13966"},{"taxonomy":"product_tag","embeddable":true,"href":"https:\/\/finewinegang.be\/fr\/wp-json\/wp\/v2\/product_tag?post=13966"}],"curies":[{"name":"wp","href":"https:\/\/api.w.org\/{rel}","templated":true}]}}