{"id":13940,"date":"2024-05-28T22:09:09","date_gmt":"2024-05-28T20:09:09","guid":{"rendered":"https:\/\/finewinegang.be\/?post_type=product&#038;p=13940"},"modified":"2024-05-30T14:55:40","modified_gmt":"2024-05-30T12:55:40","slug":"raices-ibericas-malvar-2022","status":"publish","type":"product","link":"https:\/\/finewinegang.be\/fr\/produit\/raices-ibericas-malvar-2022\/","title":{"rendered":"Raices Ibericas Malvar 2022"},"content":{"rendered":"","protected":false},"excerpt":{"rendered":"<p>Laissez-vous surprendre par les saveurs raffin\u00e9es de Raices Ibericas Malvar, un vin espagnol qui refl\u00e8te l&rsquo;\u00e2me de la r\u00e9gion<\/p>\n","protected":false},"featured_media":13943,"template":"","meta":{"_acf_changed":false,"subtitle":"","day_of_the_week":"","starting_time":0,"location":"","other_location_name":"","other_location_street_number":"","other_location_zip":"","other_location_city":"","other_location_address_itinerary_link":"","other_location_email_to_keep_updated":""},"product_brand":[],"product_cat":[373,392],"product_tag":[517],"class_list":{"0":"post-13940","1":"product","2":"type-product","3":"status-publish","4":"has-post-thumbnail","6":"product_cat-bouteilles","7":"product_cat-vin-blanc","8":"product_tag-raices-ibericas-fr","9":"product_shipping_class-flessen-fr","11":"first","12":"outofstock","13":"taxable","14":"shipping-taxable","15":"purchasable","16":"product-type-simple"},"acf":{"jaargang":"2022","volume":75,"alcohol":12.5,"schenktemperatuur":"9\u00b0C - 11\u00b0C","Producent":[13077],"producent_search":"Ra\u00edces Ib\u00e9ricas","cuvee":"Malvar","land":"Spanje","regio":"Villalero de Salvanes","appellatie":"Vino de Madrid DO","Kracht":4,"intensiteit":4,"Verouderingspotentieel":3,"smaakprofiel":["Rond","Smaakvol","Vlezig"],"aromas":["Gedroogd Fruit","Gele Bloemen","Sinaas"],"Auteur":"Stijn","quote":"Uniquement 2 500 hectares plant\u00e9s dans le monde. Ce c\u00e9page autochtone a \u00e9norm\u00e9ment \u00e0 offrir. C'est un sumo en \u00e9quilibre sur une corde tendue. Puissance et \u00e9l\u00e9gance. Une bouteille \u00e0 absolument essayer.    ","druif":["Malvar"],"awards":"","bio":false},"_links":{"self":[{"href":"https:\/\/finewinegang.be\/fr\/wp-json\/wp\/v2\/product\/13940","targetHints":{"allow":["GET"]}}],"collection":[{"href":"https:\/\/finewinegang.be\/fr\/wp-json\/wp\/v2\/product"}],"about":[{"href":"https:\/\/finewinegang.be\/fr\/wp-json\/wp\/v2\/types\/product"}],"version-history":[{"count":1,"href":"https:\/\/finewinegang.be\/fr\/wp-json\/wp\/v2\/product\/13940\/revisions"}],"predecessor-version":[{"id":13945,"href":"https:\/\/finewinegang.be\/fr\/wp-json\/wp\/v2\/product\/13940\/revisions\/13945"}],"acf:post":[{"embeddable":true,"href":"https:\/\/finewinegang.be\/fr\/wp-json\/wp\/v2\/producent\/13077"}],"wp:featuredmedia":[{"embeddable":true,"href":"https:\/\/finewinegang.be\/fr\/wp-json\/wp\/v2\/media\/13943"}],"wp:attachment":[{"href":"https:\/\/finewinegang.be\/fr\/wp-json\/wp\/v2\/media?parent=13940"}],"wp:term":[{"taxonomy":"product_brand","embeddable":true,"href":"https:\/\/finewinegang.be\/fr\/wp-json\/wp\/v2\/product_brand?post=13940"},{"taxonomy":"product_cat","embeddable":true,"href":"https:\/\/finewinegang.be\/fr\/wp-json\/wp\/v2\/product_cat?post=13940"},{"taxonomy":"product_tag","embeddable":true,"href":"https:\/\/finewinegang.be\/fr\/wp-json\/wp\/v2\/product_tag?post=13940"}],"curies":[{"name":"wp","href":"https:\/\/api.w.org\/{rel}","templated":true}]}}