{"id":13928,"date":"2024-05-23T11:08:01","date_gmt":"2024-05-23T09:08:01","guid":{"rendered":"https:\/\/finewinegang.be\/?post_type=product&#038;p=13928"},"modified":"2024-06-24T14:34:03","modified_gmt":"2024-06-24T12:34:03","slug":"cvne-monopole-clasico-2018","status":"publish","type":"product","link":"https:\/\/finewinegang.be\/fr\/produit\/cvne-monopole-clasico-2018\/","title":{"rendered":"CVNE Monopole Clasico 2018"},"content":{"rendered":"","protected":false},"excerpt":{"rendered":"<p>D\u00e9couvrez l&rsquo;\u00e9l\u00e9gance intemporelle de CVNE Monopole Clasico, un vin blanc espagnol raffin\u00e9 qui allie tradition et innovation.<\/p>\n","protected":false},"featured_media":14797,"template":"","meta":{"_acf_changed":false,"subtitle":"","day_of_the_week":"","starting_time":0,"location":"","other_location_name":"","other_location_street_number":"","other_location_zip":"","other_location_city":"","other_location_address_itinerary_link":"","other_location_email_to_keep_updated":""},"product_brand":[],"product_cat":[373,392],"product_tag":[],"class_list":{"0":"post-13928","1":"product","2":"type-product","3":"status-publish","4":"has-post-thumbnail","6":"product_cat-bouteilles","7":"product_cat-vin-blanc","8":"product_shipping_class-flessen-fr","10":"first","11":"outofstock","12":"taxable","13":"shipping-taxable","14":"purchasable","15":"product-type-simple"},"acf":{"jaargang":"2018","volume":75,"alcohol":13.5,"schenktemperatuur":"6\u00b0C - 8\u00b0C","Producent":[13085],"producent_search":"CVNE","cuvee":"Monopole Clasico","land":"Spanje","regio":"Rioja","appellatie":"Rioja","Kracht":3,"intensiteit":3,"Verouderingspotentieel":4,"smaakprofiel":["Bloemig","Origineel","Zilt"],"aromas":["Citrus","Honing","Witte Bloemen"],"Auteur":"Stijn","quote":"Pardon ? Qu'avez-vous dit ? Un blanc de Rioja qui ferait penser \u00e0 une Manzanilla ? Vous en \u00eates certain ? Est-ce que c'est possible ? ... Eh bien oui, c'est possible!","druif":["Viura"],"awards":"","bio":false},"_links":{"self":[{"href":"https:\/\/finewinegang.be\/fr\/wp-json\/wp\/v2\/product\/13928","targetHints":{"allow":["GET"]}}],"collection":[{"href":"https:\/\/finewinegang.be\/fr\/wp-json\/wp\/v2\/product"}],"about":[{"href":"https:\/\/finewinegang.be\/fr\/wp-json\/wp\/v2\/types\/product"}],"version-history":[{"count":1,"href":"https:\/\/finewinegang.be\/fr\/wp-json\/wp\/v2\/product\/13928\/revisions"}],"predecessor-version":[{"id":14469,"href":"https:\/\/finewinegang.be\/fr\/wp-json\/wp\/v2\/product\/13928\/revisions\/14469"}],"acf:post":[{"embeddable":true,"href":"https:\/\/finewinegang.be\/fr\/wp-json\/wp\/v2\/producent\/13085"}],"wp:featuredmedia":[{"embeddable":true,"href":"https:\/\/finewinegang.be\/fr\/wp-json\/wp\/v2\/media\/14797"}],"wp:attachment":[{"href":"https:\/\/finewinegang.be\/fr\/wp-json\/wp\/v2\/media?parent=13928"}],"wp:term":[{"taxonomy":"product_brand","embeddable":true,"href":"https:\/\/finewinegang.be\/fr\/wp-json\/wp\/v2\/product_brand?post=13928"},{"taxonomy":"product_cat","embeddable":true,"href":"https:\/\/finewinegang.be\/fr\/wp-json\/wp\/v2\/product_cat?post=13928"},{"taxonomy":"product_tag","embeddable":true,"href":"https:\/\/finewinegang.be\/fr\/wp-json\/wp\/v2\/product_tag?post=13928"}],"curies":[{"name":"wp","href":"https:\/\/api.w.org\/{rel}","templated":true}]}}