{"id":13919,"date":"2024-05-23T11:08:00","date_gmt":"2024-05-23T09:08:00","guid":{"rendered":"https:\/\/finewinegang.be\/?post_type=product&#038;p=13919"},"modified":"2024-09-25T13:45:19","modified_gmt":"2024-09-25T11:45:19","slug":"vignobles-berthier-coteaux-du-giennois-2022","status":"publish","type":"product","link":"https:\/\/finewinegang.be\/fr\/produit\/vignobles-berthier-coteaux-du-giennois-2022\/","title":{"rendered":"Vignobles Berthier Coteaux du giennois 2022"},"content":{"rendered":"","protected":false},"excerpt":{"rendered":"<p>D\u00e9couvrez la finesse des C\u00f4teaux du Giennois de Vignobles Berthier, un vin blanc qui fait revivre le terroir fran\u00e7ais.<\/p>\n","protected":false},"featured_media":13917,"template":"","meta":{"_acf_changed":false,"subtitle":"","day_of_the_week":"","starting_time":0,"location":"","other_location_name":"","other_location_street_number":"","other_location_zip":"","other_location_city":"","other_location_address_itinerary_link":"","other_location_email_to_keep_updated":""},"product_brand":[],"product_cat":[373,392],"product_tag":[],"class_list":{"0":"post-13919","1":"product","2":"type-product","3":"status-publish","4":"has-post-thumbnail","6":"product_cat-bouteilles","7":"product_cat-vin-blanc","8":"product_shipping_class-flessen-fr","10":"first","11":"outofstock","12":"taxable","13":"shipping-taxable","14":"purchasable","15":"product-type-simple"},"acf":{"jaargang":"2022","volume":75,"alcohol":13,"schenktemperatuur":"4\u00b0C - 7\u00b0C","Producent":[13065],"producent_search":"Vignobles Berthier","cuvee":"Coteaux du giennois","land":"Frankrijk","regio":"Loire","appellatie":"Coteaux Du Giennois","Kracht":2,"intensiteit":4,"Verouderingspotentieel":2,"smaakprofiel":["Kruidig","Mineraal","Sappig"],"aromas":["Groene Appel","Vlierbloesem","Vuursteen"],"Auteur":"Stijn","quote":"Cl\u00e9ment et Florian Berthier combinent tradition et modernit\u00e9 en prenant \u00e0 c\u0153ur l'h\u00e9ritage familial : Un Sauvignon blanc tr\u00e8s min\u00e9ral et aromatique des Coteaux du Giennois, dans les traces du Sancerre et du Pouilly-Fum\u00e9. ","druif":["Sauvignon Blanc"],"awards":"","bio":false},"_links":{"self":[{"href":"https:\/\/finewinegang.be\/fr\/wp-json\/wp\/v2\/product\/13919","targetHints":{"allow":["GET"]}}],"collection":[{"href":"https:\/\/finewinegang.be\/fr\/wp-json\/wp\/v2\/product"}],"about":[{"href":"https:\/\/finewinegang.be\/fr\/wp-json\/wp\/v2\/types\/product"}],"version-history":[{"count":2,"href":"https:\/\/finewinegang.be\/fr\/wp-json\/wp\/v2\/product\/13919\/revisions"}],"predecessor-version":[{"id":17185,"href":"https:\/\/finewinegang.be\/fr\/wp-json\/wp\/v2\/product\/13919\/revisions\/17185"}],"acf:post":[{"embeddable":true,"href":"https:\/\/finewinegang.be\/fr\/wp-json\/wp\/v2\/producent\/13065"}],"wp:featuredmedia":[{"embeddable":true,"href":"https:\/\/finewinegang.be\/fr\/wp-json\/wp\/v2\/media\/13917"}],"wp:attachment":[{"href":"https:\/\/finewinegang.be\/fr\/wp-json\/wp\/v2\/media?parent=13919"}],"wp:term":[{"taxonomy":"product_brand","embeddable":true,"href":"https:\/\/finewinegang.be\/fr\/wp-json\/wp\/v2\/product_brand?post=13919"},{"taxonomy":"product_cat","embeddable":true,"href":"https:\/\/finewinegang.be\/fr\/wp-json\/wp\/v2\/product_cat?post=13919"},{"taxonomy":"product_tag","embeddable":true,"href":"https:\/\/finewinegang.be\/fr\/wp-json\/wp\/v2\/product_tag?post=13919"}],"curies":[{"name":"wp","href":"https:\/\/api.w.org\/{rel}","templated":true}]}}