{"id":13913,"date":"2024-05-23T11:08:00","date_gmt":"2024-05-23T09:08:00","guid":{"rendered":"https:\/\/finewinegang.be\/?post_type=product&#038;p=13913"},"modified":"2024-05-30T15:11:26","modified_gmt":"2024-05-30T13:11:26","slug":"maison-les-alexandrins-mla-crozes-hermitage-2022","status":"publish","type":"product","link":"https:\/\/finewinegang.be\/fr\/produit\/maison-les-alexandrins-mla-crozes-hermitage-2022\/","title":{"rendered":"Maison Les Alexandrins MLA Crozes Hermitage 2022"},"content":{"rendered":"","protected":false},"excerpt":{"rendered":"<p>Appr\u00e9ciez les saveurs caract\u00e9ristiques de la MLA Crozes Hermitage de Maison Les Alexandrins, un vin qui capture l&rsquo;\u00e2me du Rh\u00f4ne.<\/p>\n","protected":false},"featured_media":13911,"template":"","meta":{"_acf_changed":false,"subtitle":"","day_of_the_week":"","starting_time":0,"location":"","other_location_name":"","other_location_street_number":"","other_location_zip":"","other_location_city":"","other_location_address_itinerary_link":"","other_location_email_to_keep_updated":""},"product_brand":[],"product_cat":[373,392],"product_tag":[],"class_list":{"0":"post-13913","1":"product","2":"type-product","3":"status-publish","4":"has-post-thumbnail","6":"product_cat-bouteilles","7":"product_cat-vin-blanc","8":"product_shipping_class-flessen-fr","10":"first","11":"outofstock","12":"taxable","13":"shipping-taxable","14":"purchasable","15":"product-type-simple"},"acf":{"jaargang":"2022","volume":75,"alcohol":13,"schenktemperatuur":"6\u00b0C - 10\u00b0C","Producent":[13068],"producent_search":"Maison Les Alexandrins","cuvee":"MLA Crozes Hermitage","land":"Frankrijk","regio":"C\u00f4tes-du-Rh\u00f4ne","appellatie":"AOC Crozes-Hermitage","Kracht":3,"intensiteit":3,"Verouderingspotentieel":2,"smaakprofiel":["Rond","Smaakvol","Vlezig"],"aromas":["Gedroogd Fruit","Gele Bloemen","Sinaas"],"Auteur":"Stijn","quote":"Avec un tel pass\u00e9, impossible pour Nicolas Jaboulet d'\u00e9chouer dans sa mission de livrer un blanc d\u00e9licieux d'une r\u00e9gion qu'il conna\u00eet par c\u0153ur. Attendez-vous \u00e0 un grand blanc classique, doux, rond et min\u00e9ral. ","druif":["Marsanne","Roussanne"],"awards":"","bio":false},"_links":{"self":[{"href":"https:\/\/finewinegang.be\/fr\/wp-json\/wp\/v2\/product\/13913","targetHints":{"allow":["GET"]}}],"collection":[{"href":"https:\/\/finewinegang.be\/fr\/wp-json\/wp\/v2\/product"}],"about":[{"href":"https:\/\/finewinegang.be\/fr\/wp-json\/wp\/v2\/types\/product"}],"version-history":[{"count":1,"href":"https:\/\/finewinegang.be\/fr\/wp-json\/wp\/v2\/product\/13913\/revisions"}],"predecessor-version":[{"id":14475,"href":"https:\/\/finewinegang.be\/fr\/wp-json\/wp\/v2\/product\/13913\/revisions\/14475"}],"acf:post":[{"embeddable":true,"href":"https:\/\/finewinegang.be\/fr\/wp-json\/wp\/v2\/producent\/13068"}],"wp:featuredmedia":[{"embeddable":true,"href":"https:\/\/finewinegang.be\/fr\/wp-json\/wp\/v2\/media\/13911"}],"wp:attachment":[{"href":"https:\/\/finewinegang.be\/fr\/wp-json\/wp\/v2\/media?parent=13913"}],"wp:term":[{"taxonomy":"product_brand","embeddable":true,"href":"https:\/\/finewinegang.be\/fr\/wp-json\/wp\/v2\/product_brand?post=13913"},{"taxonomy":"product_cat","embeddable":true,"href":"https:\/\/finewinegang.be\/fr\/wp-json\/wp\/v2\/product_cat?post=13913"},{"taxonomy":"product_tag","embeddable":true,"href":"https:\/\/finewinegang.be\/fr\/wp-json\/wp\/v2\/product_tag?post=13913"}],"curies":[{"name":"wp","href":"https:\/\/api.w.org\/{rel}","templated":true}]}}