{"id":13909,"date":"2024-05-23T11:08:00","date_gmt":"2024-05-23T09:08:00","guid":{"rendered":"https:\/\/finewinegang.be\/?post_type=product&#038;p=13909"},"modified":"2024-12-05T11:51:20","modified_gmt":"2024-12-05T10:51:20","slug":"berte-cordini-masaria-2021","status":"publish","type":"product","link":"https:\/\/finewinegang.be\/fr\/produit\/berte-cordini-masaria-2021\/","title":{"rendered":"Bert\u00e9 &amp; Cordini Masaria 2021"},"content":{"rendered":"","protected":false},"excerpt":{"rendered":"<p>Explorez les ar\u00f4mes envo\u00fbtants de Bert\u00e9 &amp; Cordini Masaria, un vin blanc qui incarne la perfection de l&rsquo;artisanat italien.<\/p>\n","protected":false},"featured_media":13907,"template":"","meta":{"_acf_changed":false,"subtitle":"","day_of_the_week":"","starting_time":0,"location":"","other_location_name":"","other_location_street_number":"","other_location_zip":"","other_location_city":"","other_location_address_itinerary_link":"","other_location_email_to_keep_updated":""},"product_brand":[],"product_cat":[373,392],"product_tag":[606],"class_list":{"0":"post-13909","1":"product","2":"type-product","3":"status-publish","4":"has-post-thumbnail","6":"product_cat-bouteilles","7":"product_cat-vin-blanc","8":"product_tag-silver-tasting","9":"product_shipping_class-flessen-fr","11":"first","12":"instock","13":"taxable","14":"shipping-taxable","15":"purchasable","16":"product-type-simple"},"acf":{"jaargang":"2021","volume":75,"alcohol":13,"schenktemperatuur":"4\u00b0C - 7\u00b0C","Producent":[13056],"producent_search":"Bert\u00e9 & Cordini","cuvee":"Masaria","land":"Itali\u00eb","regio":"Lombardie","appellatie":"Oltrepo Pavese","Kracht":2,"intensiteit":3,"Verouderingspotentieel":2,"smaakprofiel":["Kruidig","Mineraal","Zinderend"],"aromas":["Groene Appel","Munt","Vers Gras"],"Auteur":"Antoine","quote":"Voil\u00e0 un sauvignon bien \u00e9quilibr\u00e9 : ar\u00f4mes typiques de citron vert et herbes fra\u00eeches, avec en supl\u00e9ment une min\u00e9ralit\u00e9 rafra\u00eechissante qui le rend plus que buvable. ","druif":["Sauvignon Blanc"],"awards":"","bio":false},"_links":{"self":[{"href":"https:\/\/finewinegang.be\/fr\/wp-json\/wp\/v2\/product\/13909","targetHints":{"allow":["GET"]}}],"collection":[{"href":"https:\/\/finewinegang.be\/fr\/wp-json\/wp\/v2\/product"}],"about":[{"href":"https:\/\/finewinegang.be\/fr\/wp-json\/wp\/v2\/types\/product"}],"version-history":[{"count":3,"href":"https:\/\/finewinegang.be\/fr\/wp-json\/wp\/v2\/product\/13909\/revisions"}],"predecessor-version":[{"id":18974,"href":"https:\/\/finewinegang.be\/fr\/wp-json\/wp\/v2\/product\/13909\/revisions\/18974"}],"acf:post":[{"embeddable":true,"href":"https:\/\/finewinegang.be\/fr\/wp-json\/wp\/v2\/producent\/13056"}],"wp:featuredmedia":[{"embeddable":true,"href":"https:\/\/finewinegang.be\/fr\/wp-json\/wp\/v2\/media\/13907"}],"wp:attachment":[{"href":"https:\/\/finewinegang.be\/fr\/wp-json\/wp\/v2\/media?parent=13909"}],"wp:term":[{"taxonomy":"product_brand","embeddable":true,"href":"https:\/\/finewinegang.be\/fr\/wp-json\/wp\/v2\/product_brand?post=13909"},{"taxonomy":"product_cat","embeddable":true,"href":"https:\/\/finewinegang.be\/fr\/wp-json\/wp\/v2\/product_cat?post=13909"},{"taxonomy":"product_tag","embeddable":true,"href":"https:\/\/finewinegang.be\/fr\/wp-json\/wp\/v2\/product_tag?post=13909"}],"curies":[{"name":"wp","href":"https:\/\/api.w.org\/{rel}","templated":true}]}}