{"id":13904,"date":"2024-05-23T11:08:00","date_gmt":"2024-05-23T09:08:00","guid":{"rendered":"https:\/\/finewinegang.be\/?post_type=product&#038;p=13904"},"modified":"2025-11-28T09:47:26","modified_gmt":"2025-11-28T08:47:26","slug":"i-campi-campo-argilla-2020","status":"publish","type":"product","link":"https:\/\/finewinegang.be\/fr\/produit\/i-campi-campo-argilla-2020\/","title":{"rendered":"I Campi Campo Argilla 2020"},"content":{"rendered":"","protected":false},"excerpt":{"rendered":"<p>D\u00e9couvrez l&rsquo;\u00e9l\u00e9gance raffin\u00e9e de I Campi Campo Argilla, un vin blanc italien qui capture la fra\u00eecheur du terroir.<\/p>\n","protected":false},"featured_media":14885,"template":"","meta":{"_acf_changed":false,"subtitle":"","day_of_the_week":"Monday","starting_time":0,"location":"ANTWERP","other_location_name":"","other_location_street_number":"","other_location_zip":"","other_location_city":"","other_location_address_itinerary_link":"","other_location_email_to_keep_updated":""},"product_brand":[],"product_cat":[373,597,392],"product_tag":[],"class_list":{"0":"post-13904","1":"product","2":"type-product","3":"status-publish","4":"has-post-thumbnail","6":"product_cat-bouteilles","7":"product_cat-local-friday-2025","8":"product_cat-vin-blanc","9":"product_shipping_class-flessen-fr","11":"first","12":"instock","13":"taxable","14":"shipping-taxable","15":"purchasable","16":"product-type-simple"},"acf":{"jaargang":"2020","volume":75,"alcohol":13,"schenktemperatuur":"4\u00b0C - 7\u00b0C","Producent":[13071],"producent_search":"I Campi","cuvee":"Campo Argilla","land":"Itali\u00eb","regio":"Lombardie","appellatie":"Lugana","Kracht":1,"intensiteit":2,"Verouderingspotentieel":2,"smaakprofiel":["Delicaat","Fijn","Kwiek"],"aromas":["Appel","Jasmijn","Peer"],"Auteur":"Antoine","quote":"Pr\u00e9parez-vous \u00e0 \u00eatre impressionn\u00e9s par la min\u00e9ralit\u00e9 qui se d\u00e9gage de cette \u0153uvre d'art! Le Turbiana montre son grand potentiel, et nous sommes toujours surpris par le caract\u00e8re que le sol argileux donne \u00e0 ce vin. ","druif":["Turbiana"],"awards":"","bio":false},"_links":{"self":[{"href":"https:\/\/finewinegang.be\/fr\/wp-json\/wp\/v2\/product\/13904","targetHints":{"allow":["GET"]}}],"collection":[{"href":"https:\/\/finewinegang.be\/fr\/wp-json\/wp\/v2\/product"}],"about":[{"href":"https:\/\/finewinegang.be\/fr\/wp-json\/wp\/v2\/types\/product"}],"version-history":[{"count":1,"href":"https:\/\/finewinegang.be\/fr\/wp-json\/wp\/v2\/product\/13904\/revisions"}],"predecessor-version":[{"id":14754,"href":"https:\/\/finewinegang.be\/fr\/wp-json\/wp\/v2\/product\/13904\/revisions\/14754"}],"acf:post":[{"embeddable":true,"href":"https:\/\/finewinegang.be\/fr\/wp-json\/wp\/v2\/producent\/13071"}],"wp:featuredmedia":[{"embeddable":true,"href":"https:\/\/finewinegang.be\/fr\/wp-json\/wp\/v2\/media\/14885"}],"wp:attachment":[{"href":"https:\/\/finewinegang.be\/fr\/wp-json\/wp\/v2\/media?parent=13904"}],"wp:term":[{"taxonomy":"product_brand","embeddable":true,"href":"https:\/\/finewinegang.be\/fr\/wp-json\/wp\/v2\/product_brand?post=13904"},{"taxonomy":"product_cat","embeddable":true,"href":"https:\/\/finewinegang.be\/fr\/wp-json\/wp\/v2\/product_cat?post=13904"},{"taxonomy":"product_tag","embeddable":true,"href":"https:\/\/finewinegang.be\/fr\/wp-json\/wp\/v2\/product_tag?post=13904"}],"curies":[{"name":"wp","href":"https:\/\/api.w.org\/{rel}","templated":true}]}}