{"id":13890,"date":"2024-05-23T11:07:59","date_gmt":"2024-05-23T09:07:59","guid":{"rendered":"https:\/\/finewinegang.be\/?post_type=product&#038;p=13890"},"modified":"2024-09-17T15:53:59","modified_gmt":"2024-09-17T13:53:59","slug":"gusbourne-blanc-de-noirs-2018","status":"publish","type":"product","link":"https:\/\/finewinegang.be\/fr\/produit\/gusbourne-blanc-de-noirs-2018\/","title":{"rendered":"Gusbourne Blanc de Noirs 2018"},"content":{"rendered":"","protected":false},"excerpt":{"rendered":"<p>Appr\u00e9ciez la profondeur et la complexit\u00e9 de Gusbourne Blanc de Noirs, un champagne \u00e9l\u00e9gant avec un caract\u00e8re puissant.<\/p>\n","protected":false},"featured_media":13888,"template":"","meta":{"_acf_changed":false,"subtitle":"","day_of_the_week":"","starting_time":0,"location":"","other_location_name":"","other_location_street_number":"","other_location_zip":"","other_location_city":"","other_location_address_itinerary_link":"","other_location_email_to_keep_updated":""},"product_brand":[],"product_cat":[373,375],"product_tag":[],"class_list":{"0":"post-13890","1":"product","2":"type-product","3":"status-publish","4":"has-post-thumbnail","6":"product_cat-bouteilles","7":"product_cat-vin-mousseux","8":"product_shipping_class-flessen-fr","10":"first","11":"outofstock","12":"taxable","13":"shipping-taxable","14":"purchasable","15":"product-type-simple"},"acf":{"jaargang":"2018","volume":75,"alcohol":12,"schenktemperatuur":"4\u00b0C - 10\u00b0C","Producent":[13062],"producent_search":"Gusbourne","cuvee":"Blanc de Noirs","land":"Verenigd Koninkrijk","regio":"Kent \/ Sussex","appellatie":"Vintage English Sparkling Wine","Kracht":4,"intensiteit":4,"Verouderingspotentieel":3,"smaakprofiel":["Complex","Geconcentreerd","Wijnachtig"],"aromas":["Bloemig","Mineraal","Zwart Fruit"],"Auteur":"Antoine","quote":"C'est typiquement le genre de vin que l'on veut pour mettre en valeur un repas. Oui, j'ose le dire: une bulle sur un repas. Intense et puissante, parfaitement \u00e9quilibr\u00e9e et merveilleusement longue en bouche (\u00e0 l'image de la plupart des repas de famille d'ailleurs).  ","druif":["Pinot Noir \/ Pinot Nero"],"awards":"","bio":false},"_links":{"self":[{"href":"https:\/\/finewinegang.be\/fr\/wp-json\/wp\/v2\/product\/13890","targetHints":{"allow":["GET"]}}],"collection":[{"href":"https:\/\/finewinegang.be\/fr\/wp-json\/wp\/v2\/product"}],"about":[{"href":"https:\/\/finewinegang.be\/fr\/wp-json\/wp\/v2\/types\/product"}],"version-history":[{"count":1,"href":"https:\/\/finewinegang.be\/fr\/wp-json\/wp\/v2\/product\/13890\/revisions"}],"predecessor-version":[{"id":14478,"href":"https:\/\/finewinegang.be\/fr\/wp-json\/wp\/v2\/product\/13890\/revisions\/14478"}],"acf:post":[{"embeddable":true,"href":"https:\/\/finewinegang.be\/fr\/wp-json\/wp\/v2\/producent\/13062"}],"wp:featuredmedia":[{"embeddable":true,"href":"https:\/\/finewinegang.be\/fr\/wp-json\/wp\/v2\/media\/13888"}],"wp:attachment":[{"href":"https:\/\/finewinegang.be\/fr\/wp-json\/wp\/v2\/media?parent=13890"}],"wp:term":[{"taxonomy":"product_brand","embeddable":true,"href":"https:\/\/finewinegang.be\/fr\/wp-json\/wp\/v2\/product_brand?post=13890"},{"taxonomy":"product_cat","embeddable":true,"href":"https:\/\/finewinegang.be\/fr\/wp-json\/wp\/v2\/product_cat?post=13890"},{"taxonomy":"product_tag","embeddable":true,"href":"https:\/\/finewinegang.be\/fr\/wp-json\/wp\/v2\/product_tag?post=13890"}],"curies":[{"name":"wp","href":"https:\/\/api.w.org\/{rel}","templated":true}]}}