{"id":13882,"date":"2024-05-23T11:07:59","date_gmt":"2024-05-23T09:07:59","guid":{"rendered":"https:\/\/finewinegang.be\/?post_type=product&#038;p=13882"},"modified":"2024-05-30T15:11:58","modified_gmt":"2024-05-30T13:11:58","slug":"gusbourne-51-degrees-north-2016","status":"publish","type":"product","link":"https:\/\/finewinegang.be\/fr\/produit\/gusbourne-51-degrees-north-2016\/","title":{"rendered":"Gusbourne 51 degrees North 2016"},"content":{"rendered":"","protected":false},"excerpt":{"rendered":"<p>Explorez les ar\u00f4mes sublimes de Gusbourne 51 degrees North, un champagne qui incarne l&rsquo;essence de l&rsquo;artisanat.<\/p>\n","protected":false},"featured_media":14820,"template":"","meta":{"_acf_changed":false,"subtitle":"","day_of_the_week":"","starting_time":0,"location":"","other_location_name":"","other_location_street_number":"","other_location_zip":"","other_location_city":"","other_location_address_itinerary_link":"","other_location_email_to_keep_updated":""},"product_brand":[],"product_cat":[373,375],"product_tag":[],"class_list":{"0":"post-13882","1":"product","2":"type-product","3":"status-publish","4":"has-post-thumbnail","6":"product_cat-bouteilles","7":"product_cat-vin-mousseux","8":"product_shipping_class-flessen-fr","10":"first","11":"instock","12":"taxable","13":"shipping-taxable","14":"purchasable","15":"product-type-simple"},"acf":{"jaargang":"2016","volume":75,"alcohol":12,"schenktemperatuur":"4\u00b0C - 10\u00b0C","Producent":[13062],"producent_search":"Gusbourne","cuvee":"51 degrees North","land":"Verenigd Koninkrijk","regio":"Kent \/ Sussex","appellatie":"Vintage English Sparkling Wine","Kracht":4,"intensiteit":2,"Verouderingspotentieel":5,"smaakprofiel":["Compact","Groot Potentieel","Intens"],"aromas":["Kruidig","Mineraal","Rijp Fruit"],"Auteur":"Antoine","quote":"Ecoutez moi attentivement.... C'est sans aucun doute la cr\u00e8me de la cr\u00e8me du domaine Gusbourne, qui peut rivaliser avec de nombreux Grands Champagnes... Vieilli au minimum 7 ans sur ses lies fines, ce vin est fait pour durer dans le temps. Mon conseil : gardez-le encore quelques ann\u00e9es bien cach\u00e9 quelque part, et ouvrez-le d\u00e8s que vous le retrouvez!   \n\n","druif":["Chardonnay","Pinot Noir \/ Pinot Nero"],"awards":"","bio":false},"_links":{"self":[{"href":"https:\/\/finewinegang.be\/fr\/wp-json\/wp\/v2\/product\/13882","targetHints":{"allow":["GET"]}}],"collection":[{"href":"https:\/\/finewinegang.be\/fr\/wp-json\/wp\/v2\/product"}],"about":[{"href":"https:\/\/finewinegang.be\/fr\/wp-json\/wp\/v2\/types\/product"}],"version-history":[{"count":1,"href":"https:\/\/finewinegang.be\/fr\/wp-json\/wp\/v2\/product\/13882\/revisions"}],"predecessor-version":[{"id":14480,"href":"https:\/\/finewinegang.be\/fr\/wp-json\/wp\/v2\/product\/13882\/revisions\/14480"}],"acf:post":[{"embeddable":true,"href":"https:\/\/finewinegang.be\/fr\/wp-json\/wp\/v2\/producent\/13062"}],"wp:featuredmedia":[{"embeddable":true,"href":"https:\/\/finewinegang.be\/fr\/wp-json\/wp\/v2\/media\/14820"}],"wp:attachment":[{"href":"https:\/\/finewinegang.be\/fr\/wp-json\/wp\/v2\/media?parent=13882"}],"wp:term":[{"taxonomy":"product_brand","embeddable":true,"href":"https:\/\/finewinegang.be\/fr\/wp-json\/wp\/v2\/product_brand?post=13882"},{"taxonomy":"product_cat","embeddable":true,"href":"https:\/\/finewinegang.be\/fr\/wp-json\/wp\/v2\/product_cat?post=13882"},{"taxonomy":"product_tag","embeddable":true,"href":"https:\/\/finewinegang.be\/fr\/wp-json\/wp\/v2\/product_tag?post=13882"}],"curies":[{"name":"wp","href":"https:\/\/api.w.org\/{rel}","templated":true}]}}